{"id":3576,"date":"2023-09-22T12:10:34","date_gmt":"2023-09-22T10:10:34","guid":{"rendered":"https:\/\/ekologistyka24.pl\/?page_id=3576"},"modified":"2023-09-22T13:33:41","modified_gmt":"2023-09-22T11:33:41","slug":"faq","status":"publish","type":"page","link":"https:\/\/ekologistyka24.pl\/de\/faq\/","title":{"rendered":"Faq"},"content":{"rendered":"<style>.kb-row-layout-id3576_824fc8-5b > .kt-row-column-wrap{align-content:start;}:where(.kb-row-layout-id3576_824fc8-5b > .kt-row-column-wrap) > .wp-block-kadence-column{justify-content:start;}.kb-row-layout-id3576_824fc8-5b > .kt-row-column-wrap{column-gap:var(--global-kb-gap-md, 2rem);row-gap:var(--global-kb-gap-md, 2rem);padding-top:var(--global-kb-spacing-sm, 1.5rem);padding-bottom:var(--global-kb-spacing-sm, 1.5rem);}.kb-row-layout-id3576_824fc8-5b > .kt-row-column-wrap > div:not(.added-for-specificity){grid-column:initial;}.kb-row-layout-id3576_824fc8-5b > .kt-row-column-wrap{grid-template-columns:minmax(0, 1fr) minmax(0, 3fr) minmax(0, 1fr);}.kb-row-layout-id3576_824fc8-5b > .kt-row-layout-overlay{opacity:0.30;}@media all and (max-width: 1024px){.kb-row-layout-id3576_824fc8-5b > .kt-row-column-wrap > div:not(.added-for-specificity){grid-column:initial;}}@media all and (max-width: 1024px){.kb-row-layout-id3576_824fc8-5b > .kt-row-column-wrap{grid-template-columns:minmax(0, 1fr) minmax(0, 3fr) minmax(0, 1fr);}}@media all and (max-width: 767px){.kb-row-layout-id3576_824fc8-5b > .kt-row-column-wrap > div:not(.added-for-specificity){grid-column:initial;}.kb-row-layout-id3576_824fc8-5b > .kt-row-column-wrap{grid-template-columns:minmax(0, 1fr);}}<\/style><div class=\"kb-row-layout-wrap kb-row-layout-id3576_824fc8-5b alignnone wp-block-kadence-rowlayout\"><div class=\"kt-row-column-wrap kt-has-3-columns kt-row-layout-center-wide kt-tab-layout-inherit kt-mobile-layout-row kt-row-valign-top\">\n<style>.kadence-column3576_a1aabd-d1 > .kt-inside-inner-col,.kadence-column3576_a1aabd-d1 > .kt-inside-inner-col:before{border-top-left-radius:0px;border-top-right-radius:0px;border-bottom-right-radius:0px;border-bottom-left-radius:0px;}.kadence-column3576_a1aabd-d1 > .kt-inside-inner-col{column-gap:var(--global-kb-gap-sm, 1rem);}.kadence-column3576_a1aabd-d1 > .kt-inside-inner-col{flex-direction:column;}.kadence-column3576_a1aabd-d1 > .kt-inside-inner-col > .aligncenter{width:100%;}.kadence-column3576_a1aabd-d1 > .kt-inside-inner-col:before{opacity:0.3;}.kadence-column3576_a1aabd-d1{position:relative;}@media all and (max-width: 1024px){.kadence-column3576_a1aabd-d1 > .kt-inside-inner-col{flex-direction:column;justify-content:center;}}@media all and (max-width: 767px){.kadence-column3576_a1aabd-d1 > .kt-inside-inner-col{flex-direction:column;justify-content:center;}}<\/style>\n<div class=\"wp-block-kadence-column kadence-column3576_a1aabd-d1\"><div class=\"kt-inside-inner-col\"><\/div><\/div>\n\n\n<style>.kadence-column3576_a59e95-8d > .kt-inside-inner-col,.kadence-column3576_a59e95-8d > .kt-inside-inner-col:before{border-top-left-radius:0px;border-top-right-radius:0px;border-bottom-right-radius:0px;border-bottom-left-radius:0px;}.kadence-column3576_a59e95-8d > .kt-inside-inner-col{column-gap:var(--global-kb-gap-sm, 1rem);}.kadence-column3576_a59e95-8d > .kt-inside-inner-col{flex-direction:column;}.kadence-column3576_a59e95-8d > .kt-inside-inner-col > .aligncenter{width:100%;}.kadence-column3576_a59e95-8d > .kt-inside-inner-col:before{opacity:0.3;}.kadence-column3576_a59e95-8d{position:relative;}@media all and (max-width: 1024px){.kadence-column3576_a59e95-8d > .kt-inside-inner-col{flex-direction:column;justify-content:center;}}@media all and (max-width: 767px){.kadence-column3576_a59e95-8d > .kt-inside-inner-col{flex-direction:column;justify-content:center;}}<\/style>\n<div class=\"wp-block-kadence-column kadence-column3576_a59e95-8d\"><div class=\"kt-inside-inner-col\"><style>.wp-block-kadence-advancedheading.kt-adv-heading3576_338c45-8b, .wp-block-kadence-advancedheading.kt-adv-heading3576_338c45-8b[data-kb-block=\"kb-adv-heading3576_338c45-8b\"]{text-align:center;font-style:normal;}.wp-block-kadence-advancedheading.kt-adv-heading3576_338c45-8b mark.kt-highlight, .wp-block-kadence-advancedheading.kt-adv-heading3576_338c45-8b[data-kb-block=\"kb-adv-heading3576_338c45-8b\"] mark.kt-highlight{font-style:normal;color:#f76a0c;-webkit-box-decoration-break:clone;box-decoration-break:clone;padding-top:0px;padding-right:0px;padding-bottom:0px;padding-left:0px;}.wp-block-kadence-advancedheading.kt-adv-heading3576_338c45-8b img.kb-inline-image, .wp-block-kadence-advancedheading.kt-adv-heading3576_338c45-8b[data-kb-block=\"kb-adv-heading3576_338c45-8b\"] img.kb-inline-image{width:150px;vertical-align:baseline;}<\/style>\n<h2 class=\"kt-adv-heading3576_338c45-8b wp-block-kadence-advancedheading\" data-kb-block=\"kb-adv-heading3576_338c45-8b\">Znajdziesz tu list\u0119 odpowiedzi na najcz\u0119\u015bciej zadawane pytania dotycz\u0105ce transportu odpad\u00f3w oraz pozwole\u0144 na transport odpad\u00f3w.<\/h2>\n\n\n<style>.wp-block-kadence-advancedheading.kt-adv-heading3576_e47fc9-84, .wp-block-kadence-advancedheading.kt-adv-heading3576_e47fc9-84[data-kb-block=\"kb-adv-heading3576_e47fc9-84\"]{text-align:center;font-size:var(--global-kb-font-size-md, 1.25rem);font-style:normal;}.wp-block-kadence-advancedheading.kt-adv-heading3576_e47fc9-84 mark.kt-highlight, .wp-block-kadence-advancedheading.kt-adv-heading3576_e47fc9-84[data-kb-block=\"kb-adv-heading3576_e47fc9-84\"] mark.kt-highlight{font-style:normal;color:#f76a0c;-webkit-box-decoration-break:clone;box-decoration-break:clone;padding-top:0px;padding-right:0px;padding-bottom:0px;padding-left:0px;}.wp-block-kadence-advancedheading.kt-adv-heading3576_e47fc9-84 img.kb-inline-image, .wp-block-kadence-advancedheading.kt-adv-heading3576_e47fc9-84[data-kb-block=\"kb-adv-heading3576_e47fc9-84\"] img.kb-inline-image{width:150px;vertical-align:baseline;}<\/style>\n<p class=\"kt-adv-heading3576_e47fc9-84 wp-block-kadence-advancedheading\" data-kb-block=\"kb-adv-heading3576_e47fc9-84\">Wybierz interesuj\u0105c\u0105 Ci\u0119 kategori\u0119<\/p>\n<\/div><\/div>\n\n\n<style>.kadence-column3576_24d281-60 > .kt-inside-inner-col,.kadence-column3576_24d281-60 > .kt-inside-inner-col:before{border-top-left-radius:0px;border-top-right-radius:0px;border-bottom-right-radius:0px;border-bottom-left-radius:0px;}.kadence-column3576_24d281-60 > .kt-inside-inner-col{column-gap:var(--global-kb-gap-sm, 1rem);}.kadence-column3576_24d281-60 > .kt-inside-inner-col{flex-direction:column;}.kadence-column3576_24d281-60 > .kt-inside-inner-col > .aligncenter{width:100%;}.kadence-column3576_24d281-60 > .kt-inside-inner-col:before{opacity:0.3;}.kadence-column3576_24d281-60{position:relative;}@media all and (max-width: 1024px){.kadence-column3576_24d281-60 > .kt-inside-inner-col{flex-direction:column;justify-content:center;}}@media all and (max-width: 767px){.kadence-column3576_24d281-60 > .kt-inside-inner-col{flex-direction:column;justify-content:center;}}<\/style>\n<div class=\"wp-block-kadence-column kadence-column3576_24d281-60\"><div class=\"kt-inside-inner-col\"><\/div><\/div>\n\n<\/div><\/div>\n\n<style>.kb-row-layout-id3576_a37476-eb > .kt-row-column-wrap{align-content:start;}:where(.kb-row-layout-id3576_a37476-eb > .kt-row-column-wrap) > .wp-block-kadence-column{justify-content:start;}.kb-row-layout-id3576_a37476-eb > .kt-row-column-wrap{column-gap:var(--global-kb-gap-md, 2rem);row-gap:var(--global-kb-gap-md, 2rem);padding-top:var(--global-kb-spacing-sm, 1.5rem);padding-bottom:var(--global-kb-spacing-sm, 1.5rem);grid-template-columns:repeat(2, minmax(0, 1fr));}.kb-row-layout-id3576_a37476-eb > .kt-row-layout-overlay{opacity:0.30;}@media all and (max-width: 1024px){.kb-row-layout-id3576_a37476-eb > .kt-row-column-wrap{grid-template-columns:repeat(2, minmax(0, 1fr));}}@media all and (max-width: 767px){.kb-row-layout-id3576_a37476-eb > .kt-row-column-wrap{grid-template-columns:minmax(0, 1fr);}}<\/style><div class=\"kb-row-layout-wrap kb-row-layout-id3576_a37476-eb alignnone wp-block-kadence-rowlayout\"><div class=\"kt-row-column-wrap kt-has-2-columns kt-row-layout-equal kt-tab-layout-inherit kt-mobile-layout-row kt-row-valign-top\">\n<style>.kadence-column3576_9cd391-e7 > .kt-inside-inner-col{padding-top:var(--global-kb-spacing-xl, 4rem);padding-right:var(--global-kb-spacing-xl, 4rem);padding-bottom:var(--global-kb-spacing-xl, 4rem);padding-left:var(--global-kb-spacing-xl, 4rem);}.kadence-column3576_9cd391-e7 > .kt-inside-inner-col,.kadence-column3576_9cd391-e7 > .kt-inside-inner-col:before{border-top-left-radius:0px;border-top-right-radius:0px;border-bottom-right-radius:0px;border-bottom-left-radius:0px;}.kadence-column3576_9cd391-e7 > .kt-inside-inner-col{column-gap:var(--global-kb-gap-sm, 1rem);}.kadence-column3576_9cd391-e7 > .kt-inside-inner-col{flex-direction:column;}.kadence-column3576_9cd391-e7 > .kt-inside-inner-col > .aligncenter{width:100%;}.kadence-column3576_9cd391-e7 > .kt-inside-inner-col{background-color:var(--global-palette1, #3182CE);}.kadence-column3576_9cd391-e7:hover > .kt-inside-inner-col{background-color:var(--global-palette2, #2B6CB0);background-image:none;}.kadence-column3576_9cd391-e7 > .kt-inside-inner-col:before{opacity:0.3;}.kadence-column3576_9cd391-e7{position:relative;}@media all and (max-width: 1024px){.kadence-column3576_9cd391-e7 > .kt-inside-inner-col{flex-direction:column;justify-content:center;}}@media all and (max-width: 767px){.kadence-column3576_9cd391-e7 > .kt-inside-inner-col{flex-direction:column;justify-content:center;}}.kadence-column3576_9cd391-e7 { }<\/style>\n<div class=\"wp-block-kadence-column kadence-column3576_9cd391-e7 kb-section-has-link\"><div class=\"kt-inside-inner-col\"><style>.wp-block-kadence-advancedheading.kt-adv-heading3576_ac273b-c5, .wp-block-kadence-advancedheading.kt-adv-heading3576_ac273b-c5[data-kb-block=\"kb-adv-heading3576_ac273b-c5\"]{text-align:center;font-style:normal;}.wp-block-kadence-advancedheading.kt-adv-heading3576_ac273b-c5 mark.kt-highlight, .wp-block-kadence-advancedheading.kt-adv-heading3576_ac273b-c5[data-kb-block=\"kb-adv-heading3576_ac273b-c5\"] mark.kt-highlight{font-style:normal;color:#f76a0c;-webkit-box-decoration-break:clone;box-decoration-break:clone;padding-top:0px;padding-right:0px;padding-bottom:0px;padding-left:0px;}.wp-block-kadence-advancedheading.kt-adv-heading3576_ac273b-c5 img.kb-inline-image, .wp-block-kadence-advancedheading.kt-adv-heading3576_ac273b-c5[data-kb-block=\"kb-adv-heading3576_ac273b-c5\"] img.kb-inline-image{width:150px;vertical-align:baseline;}<\/style>\n<h2 class=\"kt-adv-heading3576_ac273b-c5 wp-block-kadence-advancedheading has-theme-palette-9-color has-text-color\" data-kb-block=\"kb-adv-heading3576_ac273b-c5\">Zezwolenia<\/h2>\n<\/div><a href=\"https:\/\/ekologistyka24.pl\/faq\/zezwolenie\/\" class=\"kb-section-link-overlay\"><\/a><\/div>\n\n\n<style>.kadence-column3576_e50bde-28 > .kt-inside-inner-col{padding-top:var(--global-kb-spacing-xl, 4rem);padding-right:var(--global-kb-spacing-xl, 4rem);padding-bottom:var(--global-kb-spacing-xl, 4rem);padding-left:var(--global-kb-spacing-xl, 4rem);}.kadence-column3576_e50bde-28 > .kt-inside-inner-col,.kadence-column3576_e50bde-28 > .kt-inside-inner-col:before{border-top-left-radius:0px;border-top-right-radius:0px;border-bottom-right-radius:0px;border-bottom-left-radius:0px;}.kadence-column3576_e50bde-28 > .kt-inside-inner-col{column-gap:var(--global-kb-gap-sm, 1rem);}.kadence-column3576_e50bde-28 > .kt-inside-inner-col{flex-direction:column;}.kadence-column3576_e50bde-28 > .kt-inside-inner-col > .aligncenter{width:100%;}.kadence-column3576_e50bde-28 > .kt-inside-inner-col{background-color:var(--global-palette1, #3182CE);}.kadence-column3576_e50bde-28:hover > .kt-inside-inner-col{background-color:var(--global-palette2, #2B6CB0);background-image:none;}.kadence-column3576_e50bde-28 > .kt-inside-inner-col:before{opacity:0.3;}.kadence-column3576_e50bde-28{position:relative;}@media all and (max-width: 1024px){.kadence-column3576_e50bde-28 > .kt-inside-inner-col{flex-direction:column;justify-content:center;}}@media all and (max-width: 767px){.kadence-column3576_e50bde-28 > .kt-inside-inner-col{flex-direction:column;justify-content:center;}}<\/style>\n<div class=\"wp-block-kadence-column kadence-column3576_e50bde-28 kb-section-has-link\"><div class=\"kt-inside-inner-col\"><style>.wp-block-kadence-advancedheading.kt-adv-heading3576_abd034-5c, .wp-block-kadence-advancedheading.kt-adv-heading3576_abd034-5c[data-kb-block=\"kb-adv-heading3576_abd034-5c\"]{text-align:center;font-style:normal;}.wp-block-kadence-advancedheading.kt-adv-heading3576_abd034-5c mark.kt-highlight, .wp-block-kadence-advancedheading.kt-adv-heading3576_abd034-5c[data-kb-block=\"kb-adv-heading3576_abd034-5c\"] mark.kt-highlight{font-style:normal;color:#f76a0c;-webkit-box-decoration-break:clone;box-decoration-break:clone;padding-top:0px;padding-right:0px;padding-bottom:0px;padding-left:0px;}.wp-block-kadence-advancedheading.kt-adv-heading3576_abd034-5c img.kb-inline-image, .wp-block-kadence-advancedheading.kt-adv-heading3576_abd034-5c[data-kb-block=\"kb-adv-heading3576_abd034-5c\"] img.kb-inline-image{width:150px;vertical-align:baseline;}<\/style>\n<h2 class=\"kt-adv-heading3576_abd034-5c wp-block-kadence-advancedheading has-theme-palette-9-color has-text-color\" data-kb-block=\"kb-adv-heading3576_abd034-5c\">Transport odpad\u00f3w<\/h2>\n<\/div><a href=\"https:\/\/ekologistyka24.pl\/faq\/transport-odpadow\/\" class=\"kb-section-link-overlay\"><\/a><\/div>\n\n<\/div><\/div>","protected":false},"excerpt":{"rendered":"<p>Hier finden Sie eine Liste mit Antworten auf h\u00e4ufig gestellte Fragen zum Thema Abfalltransport und Abfalltransportgenehmigungen. W\u00e4hlen Sie eine Kategorie, die Sie interessiert Genehmigungen Abfalltransporte<\/p>","protected":false},"author":1,"featured_media":0,"parent":0,"menu_order":0,"comment_status":"closed","ping_status":"closed","template":"","meta":{"_acf_changed":false,"_kad_blocks_custom_css":"","_kad_blocks_head_custom_js":"","_kad_blocks_body_custom_js":"","_kad_blocks_footer_custom_js":"","_kad_post_transparent":"","_kad_post_title":"","_kad_post_layout":"","_kad_post_sidebar_id":"","_kad_post_content_style":"","_kad_post_vertical_padding":"","_kad_post_feature":"","_kad_post_feature_position":"","_kad_post_header":false,"_kad_post_footer":false,"_kad_post_classname":"","footnotes":""},"class_list":["post-3576","page","type-page","status-publish","hentry"],"acf":[],"yoast_head":"<!-- This site is optimized with the Yoast SEO plugin v27.5 - https:\/\/yoast.com\/product\/yoast-seo-wordpress\/ -->\n<title>Faq - EKOlogistyka24 - przew\u00f3z odpad\u00f3w i pozwolenia na transport<\/title>\n<meta name=\"robots\" content=\"index, follow, max-snippet:-1, max-image-preview:large, max-video-preview:-1\" \/>\n<link rel=\"canonical\" href=\"https:\/\/ekologistyka24.pl\/de\/faq\/\" \/>\n<meta property=\"og:locale\" content=\"de_DE\" \/>\n<meta property=\"og:type\" content=\"article\" \/>\n<meta property=\"og:title\" content=\"Faq - EKOlogistyka24 - przew\u00f3z odpad\u00f3w i pozwolenia na transport\" \/>\n<meta property=\"og:description\" content=\"Znajdziesz tu list\u0119 odpowiedzi na najcz\u0119\u015bciej zadawane pytania dotycz\u0105ce transportu odpad\u00f3w oraz pozwole\u0144 na transport odpad\u00f3w. Wybierz interesuj\u0105c\u0105 Ci\u0119 kategori\u0119 Zezwolenia Transport odpad\u00f3w\" \/>\n<meta property=\"og:url\" content=\"https:\/\/ekologistyka24.pl\/de\/faq\/\" \/>\n<meta property=\"og:site_name\" content=\"EKOlogistyka24 - przew\u00f3z odpad\u00f3w i pozwolenia na transport\" \/>\n<meta property=\"article:publisher\" content=\"https:\/\/www.facebook.com\/profile.php?id=100058909846099\" \/>\n<meta property=\"article:modified_time\" content=\"2023-09-22T11:33:41+00:00\" \/>\n<meta name=\"twitter:card\" content=\"summary_large_image\" \/>\n<meta name=\"twitter:label1\" content=\"Gesch\u00e4tzte Lesezeit\" \/>\n\t<meta name=\"twitter:data1\" content=\"1\u00a0Minute\" \/>\n<script type=\"application\/ld+json\" class=\"yoast-schema-graph\">{\"@context\":\"https:\\\/\\\/schema.org\",\"@graph\":[{\"@type\":\"WebPage\",\"@id\":\"https:\\\/\\\/ekologistyka24.pl\\\/faq\\\/\",\"url\":\"https:\\\/\\\/ekologistyka24.pl\\\/faq\\\/\",\"name\":\"Faq - EKOlogistyka24 - przew\u00f3z odpad\u00f3w i pozwolenia na transport\",\"isPartOf\":{\"@id\":\"https:\\\/\\\/ekologistyka24.pl\\\/#website\"},\"datePublished\":\"2023-09-22T10:10:34+00:00\",\"dateModified\":\"2023-09-22T11:33:41+00:00\",\"inLanguage\":\"de\",\"potentialAction\":[{\"@type\":\"ReadAction\",\"target\":[\"https:\\\/\\\/ekologistyka24.pl\\\/faq\\\/\"]}]},{\"@type\":\"WebSite\",\"@id\":\"https:\\\/\\\/ekologistyka24.pl\\\/#website\",\"url\":\"https:\\\/\\\/ekologistyka24.pl\\\/\",\"name\":\"EKOlogistyka24 - przew\u00f3z odpad\u00f3w i pozwolenia na transport\",\"description\":\"\",\"publisher\":{\"@id\":\"https:\\\/\\\/ekologistyka24.pl\\\/#organization\"},\"potentialAction\":[{\"@type\":\"SearchAction\",\"target\":{\"@type\":\"EntryPoint\",\"urlTemplate\":\"https:\\\/\\\/ekologistyka24.pl\\\/?s={search_term_string}\"},\"query-input\":{\"@type\":\"PropertyValueSpecification\",\"valueRequired\":true,\"valueName\":\"search_term_string\"}}],\"inLanguage\":\"de\"},{\"@type\":\"Organization\",\"@id\":\"https:\\\/\\\/ekologistyka24.pl\\\/#organization\",\"name\":\"EKOlogistyka24 - przew\u00f3z odpad\u00f3w i pozwolenia na transport\",\"url\":\"https:\\\/\\\/ekologistyka24.pl\\\/\",\"logo\":{\"@type\":\"ImageObject\",\"inLanguage\":\"de\",\"@id\":\"https:\\\/\\\/ekologistyka24.pl\\\/#\\\/schema\\\/logo\\\/image\\\/\",\"url\":\"https:\\\/\\\/ekologistyka24.pl\\\/wp-content\\\/uploads\\\/2023\\\/08\\\/logo.png\",\"contentUrl\":\"https:\\\/\\\/ekologistyka24.pl\\\/wp-content\\\/uploads\\\/2023\\\/08\\\/logo.png\",\"width\":220,\"height\":90,\"caption\":\"EKOlogistyka24 - przew\u00f3z odpad\u00f3w i pozwolenia na transport\"},\"image\":{\"@id\":\"https:\\\/\\\/ekologistyka24.pl\\\/#\\\/schema\\\/logo\\\/image\\\/\"},\"sameAs\":[\"https:\\\/\\\/www.facebook.com\\\/profile.php?id=100058909846099\"]}]}<\/script>\n<!-- \/ Yoast SEO plugin. -->","yoast_head_json":{"title":"Faq - EKOlogistics24 - Abfalltransport und Transportgenehmigungen","robots":{"index":"index","follow":"follow","max-snippet":"max-snippet:-1","max-image-preview":"max-image-preview:large","max-video-preview":"max-video-preview:-1"},"canonical":"https:\/\/ekologistyka24.pl\/de\/faq\/","og_locale":"de_DE","og_type":"article","og_title":"Faq - EKOlogistyka24 - przew\u00f3z odpad\u00f3w i pozwolenia na transport","og_description":"Znajdziesz tu list\u0119 odpowiedzi na najcz\u0119\u015bciej zadawane pytania dotycz\u0105ce transportu odpad\u00f3w oraz pozwole\u0144 na transport odpad\u00f3w. Wybierz interesuj\u0105c\u0105 Ci\u0119 kategori\u0119 Zezwolenia Transport odpad\u00f3w","og_url":"https:\/\/ekologistyka24.pl\/de\/faq\/","og_site_name":"EKOlogistyka24 - przew\u00f3z odpad\u00f3w i pozwolenia na transport","article_publisher":"https:\/\/www.facebook.com\/profile.php?id=100058909846099","article_modified_time":"2023-09-22T11:33:41+00:00","twitter_card":"summary_large_image","twitter_misc":{"Gesch\u00e4tzte Lesezeit":"1\u00a0Minute"},"schema":{"@context":"https:\/\/schema.org","@graph":[{"@type":"WebPage","@id":"https:\/\/ekologistyka24.pl\/faq\/","url":"https:\/\/ekologistyka24.pl\/faq\/","name":"Faq - EKOlogistics24 - Abfalltransport und Transportgenehmigungen","isPartOf":{"@id":"https:\/\/ekologistyka24.pl\/#website"},"datePublished":"2023-09-22T10:10:34+00:00","dateModified":"2023-09-22T11:33:41+00:00","inLanguage":"de","potentialAction":[{"@type":"ReadAction","target":["https:\/\/ekologistyka24.pl\/faq\/"]}]},{"@type":"WebSite","@id":"https:\/\/ekologistyka24.pl\/#website","url":"https:\/\/ekologistyka24.pl\/","name":"EKOlogistics24 - Abfalltransport und Transportgenehmigungen","description":"","publisher":{"@id":"https:\/\/ekologistyka24.pl\/#organization"},"potentialAction":[{"@type":"SearchAction","target":{"@type":"EntryPoint","urlTemplate":"https:\/\/ekologistyka24.pl\/?s={search_term_string}"},"query-input":{"@type":"PropertyValueSpecification","valueRequired":true,"valueName":"search_term_string"}}],"inLanguage":"de"},{"@type":"Organization","@id":"https:\/\/ekologistyka24.pl\/#organization","name":"EKOlogistics24 - Abfalltransport und Transportgenehmigungen","url":"https:\/\/ekologistyka24.pl\/","logo":{"@type":"ImageObject","inLanguage":"de","@id":"https:\/\/ekologistyka24.pl\/#\/schema\/logo\/image\/","url":"https:\/\/ekologistyka24.pl\/wp-content\/uploads\/2023\/08\/logo.png","contentUrl":"https:\/\/ekologistyka24.pl\/wp-content\/uploads\/2023\/08\/logo.png","width":220,"height":90,"caption":"EKOlogistyka24 - przew\u00f3z odpad\u00f3w i pozwolenia na transport"},"image":{"@id":"https:\/\/ekologistyka24.pl\/#\/schema\/logo\/image\/"},"sameAs":["https:\/\/www.facebook.com\/profile.php?id=100058909846099"]}]}},"taxonomy_info":[],"featured_image_src_large":false,"author_info":{"display_name":"Admin","author_link":"https:\/\/ekologistyka24.pl\/de\/author\/3xyotbf8kl6qprapd1pj3woyxeb2pu\/"},"comment_info":0,"_links":{"self":[{"href":"https:\/\/ekologistyka24.pl\/de\/wp-json\/wp\/v2\/pages\/3576","targetHints":{"allow":["GET"]}}],"collection":[{"href":"https:\/\/ekologistyka24.pl\/de\/wp-json\/wp\/v2\/pages"}],"about":[{"href":"https:\/\/ekologistyka24.pl\/de\/wp-json\/wp\/v2\/types\/page"}],"author":[{"embeddable":true,"href":"https:\/\/ekologistyka24.pl\/de\/wp-json\/wp\/v2\/users\/1"}],"replies":[{"embeddable":true,"href":"https:\/\/ekologistyka24.pl\/de\/wp-json\/wp\/v2\/comments?post=3576"}],"version-history":[{"count":0,"href":"https:\/\/ekologistyka24.pl\/de\/wp-json\/wp\/v2\/pages\/3576\/revisions"}],"wp:attachment":[{"href":"https:\/\/ekologistyka24.pl\/de\/wp-json\/wp\/v2\/media?parent=3576"}],"curies":[{"name":"wp","href":"https:\/\/api.w.org\/{rel}","templated":true}]}}