{"id":3739,"date":"2023-10-11T14:31:07","date_gmt":"2023-10-11T12:31:07","guid":{"rendered":"https:\/\/ekologistyka24.pl\/?page_id=3739"},"modified":"2024-09-03T13:10:51","modified_gmt":"2024-09-03T11:10:51","slug":"genehmigungen-fur-ubergrose-transporte","status":"publish","type":"page","link":"https:\/\/ekologistyka24.pl\/de\/zezwolenia-na-transport-ponadgabarytowy\/","title":{"rendered":"Genehmigungen f\u00fcr \u00dcberma\u00dftransporte"},"content":{"rendered":"<style>.kb-row-layout-id3739_7064d5-bd > .kt-row-column-wrap{align-content:start;}:where(.kb-row-layout-id3739_7064d5-bd > .kt-row-column-wrap) > .wp-block-kadence-column{justify-content:start;}.kb-row-layout-id3739_7064d5-bd > .kt-row-column-wrap{column-gap:var(--global-kb-gap-md, 2rem);row-gap:var(--global-kb-gap-md, 2rem);padding-top:var(--global-kb-spacing-sm, 1.5rem);padding-bottom:var(--global-kb-spacing-sm, 1.5rem);grid-template-columns:minmax(0, 1fr);}.kb-row-layout-id3739_7064d5-bd > .kt-row-layout-overlay{opacity:0.30;}@media all and (max-width: 1024px){.kb-row-layout-id3739_7064d5-bd > .kt-row-column-wrap{grid-template-columns:minmax(0, 1fr);}}@media all and (max-width: 767px){.kb-row-layout-id3739_7064d5-bd > .kt-row-column-wrap{grid-template-columns:minmax(0, 1fr);}}<\/style><div class=\"kb-row-layout-wrap kb-row-layout-id3739_7064d5-bd alignnone wp-block-kadence-rowlayout\"><div class=\"kt-row-column-wrap kt-has-1-columns kt-row-layout-equal kt-tab-layout-inherit kt-mobile-layout-row kt-row-valign-top\">\n<style>.kadence-column3739_66d13c-39 > .kt-inside-inner-col,.kadence-column3739_66d13c-39 > .kt-inside-inner-col:before{border-top-left-radius:0px;border-top-right-radius:0px;border-bottom-right-radius:0px;border-bottom-left-radius:0px;}.kadence-column3739_66d13c-39 > .kt-inside-inner-col{column-gap:var(--global-kb-gap-sm, 1rem);}.kadence-column3739_66d13c-39 > .kt-inside-inner-col{flex-direction:column;}.kadence-column3739_66d13c-39 > .kt-inside-inner-col > .aligncenter{width:100%;}.kadence-column3739_66d13c-39 > .kt-inside-inner-col:before{opacity:0.3;}.kadence-column3739_66d13c-39{position:relative;}@media all and (max-width: 1024px){.kadence-column3739_66d13c-39 > .kt-inside-inner-col{flex-direction:column;justify-content:center;}}@media all and (max-width: 767px){.kadence-column3739_66d13c-39 > .kt-inside-inner-col{flex-direction:column;justify-content:center;}}<\/style>\n<div class=\"wp-block-kadence-column kadence-column3739_66d13c-39\"><div class=\"kt-inside-inner-col\"><style>.kb-image3739_7c4596-11 .kb-image-has-overlay:after{opacity:0.3;}<\/style>\n<figure class=\"wp-block-kadence-image kb-image3739_7c4596-11\"><img loading=\"lazy\" decoding=\"async\" width=\"1912\" height=\"578\" src=\"https:\/\/ekologistyka24.pl\/wp-content\/uploads\/2023\/10\/11.-Transport-ponadgabarytowy-w-Polsce.webp\" alt=\"A-schild - transport odpad\u00f3w w Niemczech\" class=\"kb-img wp-image-3796\" srcset=\"https:\/\/ekologistyka24.pl\/wp-content\/uploads\/2023\/10\/11.-Transport-ponadgabarytowy-w-Polsce.webp 1912w, https:\/\/ekologistyka24.pl\/wp-content\/uploads\/2023\/10\/11.-Transport-ponadgabarytowy-w-Polsce-300x91.webp 300w, https:\/\/ekologistyka24.pl\/wp-content\/uploads\/2023\/10\/11.-Transport-ponadgabarytowy-w-Polsce-1024x310.webp 1024w, https:\/\/ekologistyka24.pl\/wp-content\/uploads\/2023\/10\/11.-Transport-ponadgabarytowy-w-Polsce-768x232.webp 768w, https:\/\/ekologistyka24.pl\/wp-content\/uploads\/2023\/10\/11.-Transport-ponadgabarytowy-w-Polsce-1536x464.webp 1536w\" sizes=\"auto, (max-width: 1912px) 100vw, 1912px\" \/><\/figure>\n<\/div><\/div>\n\n<\/div><\/div>\n\n<style>.kb-row-layout-id3739_33a49f-79 > .kt-row-column-wrap{align-content:start;}:where(.kb-row-layout-id3739_33a49f-79 > .kt-row-column-wrap) > .wp-block-kadence-column{justify-content:start;}.kb-row-layout-id3739_33a49f-79 > .kt-row-column-wrap{column-gap:var(--global-kb-gap-md, 2rem);row-gap:var(--global-kb-gap-md, 2rem);padding-top:var(--global-kb-spacing-sm, 1.5rem);padding-bottom:var(--global-kb-spacing-sm, 1.5rem);grid-template-columns:minmax(0, 1fr);}.kb-row-layout-id3739_33a49f-79 > .kt-row-layout-overlay{opacity:0.30;}@media all and (max-width: 1024px){.kb-row-layout-id3739_33a49f-79 > .kt-row-column-wrap{grid-template-columns:minmax(0, 1fr);}}@media all and (max-width: 767px){.kb-row-layout-id3739_33a49f-79 > .kt-row-column-wrap{grid-template-columns:minmax(0, 1fr);}}<\/style><div class=\"kb-row-layout-wrap kb-row-layout-id3739_33a49f-79 alignnone wp-block-kadence-rowlayout\"><div class=\"kt-row-column-wrap kt-has-1-columns kt-row-layout-equal kt-tab-layout-inherit kt-mobile-layout-row kt-row-valign-top\">\n<style>.kadence-column3739_d8cab2-e0 > .kt-inside-inner-col,.kadence-column3739_d8cab2-e0 > .kt-inside-inner-col:before{border-top-left-radius:0px;border-top-right-radius:0px;border-bottom-right-radius:0px;border-bottom-left-radius:0px;}.kadence-column3739_d8cab2-e0 > .kt-inside-inner-col{column-gap:var(--global-kb-gap-sm, 1rem);}.kadence-column3739_d8cab2-e0 > .kt-inside-inner-col{flex-direction:column;}.kadence-column3739_d8cab2-e0 > .kt-inside-inner-col > .aligncenter{width:100%;}.kadence-column3739_d8cab2-e0 > .kt-inside-inner-col:before{opacity:0.3;}.kadence-column3739_d8cab2-e0{position:relative;}@media all and (max-width: 1024px){.kadence-column3739_d8cab2-e0 > .kt-inside-inner-col{flex-direction:column;justify-content:center;}}@media all and (max-width: 767px){.kadence-column3739_d8cab2-e0 > .kt-inside-inner-col{flex-direction:column;justify-content:center;}}<\/style>\n<div class=\"wp-block-kadence-column kadence-column3739_d8cab2-e0\"><div class=\"kt-inside-inner-col\">\n<h2 class=\"wp-block-heading\" style=\"font-size:25px\"><strong>Transport ponadgabarytowy, czyli przew\u00f3z \u0142adunk\u00f3w, kt\u00f3re ze wzgl\u0119du na swoje rozmiary lub mas\u0119 przekraczaj\u0105 standardowe normy, wymaga specjalnych zezwole\u0144. W Polsce i w innych krajach Europy istniej\u0105 uregulowania prawne dotycz\u0105ce tego rodzaju transportu, ale ich wsp\u00f3lnym mianownikiem jest Dyrektywa Rady 96\/53\/WE, kt\u00f3ra wyznacza pewne standardy odno\u015bnie wymiar\u00f3w i mas pojazd\u00f3w. Jakie s\u0105 zasady uzyskiwania i wykorzystywania pozwolenia na transport ponadgabarytowy?<\/strong><\/h2>\n<\/div><\/div>\n\n\n<style>.kadence-column3739_dc5cc6-98 > .kt-inside-inner-col,.kadence-column3739_dc5cc6-98 > .kt-inside-inner-col:before{border-top-left-radius:0px;border-top-right-radius:0px;border-bottom-right-radius:0px;border-bottom-left-radius:0px;}.kadence-column3739_dc5cc6-98 > .kt-inside-inner-col{column-gap:var(--global-kb-gap-sm, 1rem);}.kadence-column3739_dc5cc6-98 > .kt-inside-inner-col{flex-direction:column;}.kadence-column3739_dc5cc6-98 > .kt-inside-inner-col > .aligncenter{width:100%;}.kadence-column3739_dc5cc6-98 > .kt-inside-inner-col:before{opacity:0.3;}.kadence-column3739_dc5cc6-98{position:relative;}@media all and (max-width: 1024px){.kadence-column3739_dc5cc6-98 > .kt-inside-inner-col{flex-direction:column;justify-content:center;}}@media all and (max-width: 767px){.kadence-column3739_dc5cc6-98 > .kt-inside-inner-col{flex-direction:column;justify-content:center;}}<\/style>\n<div class=\"wp-block-kadence-column kadence-column3739_dc5cc6-98\"><div class=\"kt-inside-inner-col\">\n<p class=\"has-theme-palette-7-background-color has-background\"><strong>Zam\u00f3w zezwolenie na transport ponadgabarytowy<br><br><a href=\"mailto:e.nadolna@ekologistyka24.pl\">e.nadolna@ekologistyka24.pl&nbsp;<\/a>,&nbsp;<a href=\"tel:+48881045376\">+48 881 045 376<\/a><br><br><a href=\"mailto:j.blazewicz@ekologistyka24.pl\">j.blazewicz@ekologistyka24.pl&nbsp;<\/a>,&nbsp;<a href=\"tel:+48500867153\">+48 500 867 153<\/a><\/strong><\/p>\n<\/div><\/div>\n\n<\/div><\/div>\n\n\n<h2 class=\"wp-block-heading\"><strong>Prawo w Polsce a w innych krajach<\/strong><\/h2>\n\n\n\n<p>Transport ponadgabarytowy w Polsce reguluje Ustawa z dnia 20 czerwca 1997 Prawo o ruchu drogowym oraz Rozporz\u0105dzenie Ministra Infrastruktury z dnia 21 stycznia 2021 r. Obowi\u0105zki i warunki zwi\u0105zane z transportem ponadgabarytowym szczeg\u00f3\u0142owo okre\u015blaj\u0105 przepisy oraz zezwolenia wydawane na podstawie tych przepis\u00f3w. A jak to wygl\u0105da w innych krajach?<\/p>\n\n\n\n<ul class=\"wp-block-list\">\n<li>W Niemczech, przepisy reguluj\u0105ce transport ponadgabarytowy nadzoruje Bundesamt f\u00fcr G\u00fcterverkehr (Federalny Urz\u0105d Transportu Drogowego). Centralny akt prawny, reguluj\u0105cy ten rodzaj transportu to niemiecka ustawa o ruchu drogowym, znana jako &#8222;Stra\u00dfenverkehrsgesetz.&#8221; Dodatkowo istniej\u0105 tak\u017ce rozporz\u0105dzenia wykonawcze, kt\u00f3re precyzyjnie okre\u015blaj\u0105 wymiary, masy, trasy oraz procedury dotycz\u0105ce zezwole\u0144 na przew\u00f3z \u0142adunk\u00f3w ponadgabarytowych. Operatorzy musz\u0105 ubiega\u0107 si\u0119 o odpowiednie zezwolenia i przestrzega\u0107 \u015bci\u015ble okre\u015blonych norm bezpiecze\u0144stwa.<\/li>\n\n\n\n<li>We Francji, transport ponadgabarytowy podlega nadzorowi Direction r\u00e9gionale de l&#8217;environnement, de l&#8217;am\u00e9nagement et du logement (Regionalnej Dyrekcji ds. \u015arodowiska, Planowania i Mieszkalnictwa). Francuskie przepisy reguluj\u0105ce ten rodzaj transportu znajduj\u0105 si\u0119 w &#8222;Code de la Route&#8221; (Kodeksie Drogowym). Przepisy te okre\u015blaj\u0105 dok\u0142adne normy dotycz\u0105ce wymiar\u00f3w, mas oraz procedur zwi\u0105zanych z przewozem \u0142adunk\u00f3w ponadgabarytowych, i wymagaj\u0105 uzyskania stosownych zezwole\u0144 przez operator\u00f3w.<\/li>\n\n\n\n<li>W Wielkiej Brytanii, przepisy reguluj\u0105ce transport ponadgabarytowy s\u0105 zarz\u0105dzane przez r\u00f3\u017cne agencje w zale\u017cno\u015bci od regionu. Na przyk\u0142ad w Anglii to Transport for London oraz Highways England nadzoruj\u0105 ten rodzaj transportu. Wymogi oraz procedury uzyskiwania zezwole\u0144 na przew\u00f3z \u0142adunk\u00f3w ponadgabarytowych mog\u0105 si\u0119 r\u00f3\u017cni\u0107 w zale\u017cno\u015bci od obszaru. Operatorzy musz\u0105 dostosowa\u0107 si\u0119 do lokalnych przepis\u00f3w i wymaga\u0144 agencji reguluj\u0105cych.<\/li>\n<\/ul>\n\n\n<style>.wp-block-kadence-advancedheading.kt-adv-heading3739_da5f4a-e0, .wp-block-kadence-advancedheading.kt-adv-heading3739_da5f4a-e0[data-kb-block=\"kb-adv-heading3739_da5f4a-e0\"]{font-size:var(--global-kb-font-size-md, 1.25rem);font-style:normal;}.wp-block-kadence-advancedheading.kt-adv-heading3739_da5f4a-e0 mark.kt-highlight, .wp-block-kadence-advancedheading.kt-adv-heading3739_da5f4a-e0[data-kb-block=\"kb-adv-heading3739_da5f4a-e0\"] mark.kt-highlight{font-style:normal;color:#f76a0c;-webkit-box-decoration-break:clone;box-decoration-break:clone;padding-top:0px;padding-right:0px;padding-bottom:0px;padding-left:0px;}.wp-block-kadence-advancedheading.kt-adv-heading3739_da5f4a-e0 img.kb-inline-image, .wp-block-kadence-advancedheading.kt-adv-heading3739_da5f4a-e0[data-kb-block=\"kb-adv-heading3739_da5f4a-e0\"] img.kb-inline-image{width:150px;vertical-align:baseline;}<\/style>\n<h2 class=\"kt-adv-heading3739_da5f4a-e0 wp-block-kadence-advancedheading\" data-kb-block=\"kb-adv-heading3739_da5f4a-e0\">Obowi\u0105zki posiadacza pozwolenia na transport ponadgabarytowy<\/h2>\n\n\n\n<ul class=\"wp-block-list\">\n<li>Posiadacz pozwolenia musi dostarczy\u0107 dok\u0142adn\u0105 dokumentacj\u0119 zwi\u0105zan\u0105 z transportem, w tym informacje o trasie, \u0142adunku i pojazdach. Zg\u0142oszenie takiego transportu musi by\u0107 z\u0142o\u017cone odpowiednio wcze\u015bniej.<\/li>\n\n\n\n<li>Musi on r\u00f3wnie\u017c \u015bci\u015ble przestrzega\u0107 warunk\u00f3w zezwolenia, w tym okre\u015blonej trasy, limit\u00f3w pr\u0119dko\u015bci i godzin, w kt\u00f3rych mo\u017ce si\u0119 odbywa\u0107 przew\u00f3z<\/li>\n\n\n\n<li>Jednym z najwa\u017cniejszych obowi\u0105zk\u00f3w jest tak\u017ce dopilnowanie, by przew\u00f3z by\u0142 bezpieczny i nie stwarza\u0142 zagro\u017cenia dla innych u\u017cytkownik\u00f3w dr\u00f3g.<\/li>\n<\/ul>\n","protected":false},"excerpt":{"rendered":"<p>\u00dcberma\u00dftransporte, d. h. der Transport von Ladungen, die aufgrund ihrer Gr\u00f6\u00dfe oder ihres Gewichts die Standardnormen \u00fcberschreiten, erfordern eine Sondergenehmigung. In Polen und anderen europ\u00e4ischen L\u00e4ndern gibt es Vorschriften f\u00fcr diese Art von Transport, aber ihr gemeinsamer Nenner ist die Richtlinie 96\/53\/EG des Rates, die bestimmte Normen f\u00fcr die Abmessungen und Gewichte von Fahrzeugen festlegt. Wie lauten die Regeln f\u00fcr die Erlangung und...<\/p>","protected":false},"author":1,"featured_media":3281,"parent":0,"menu_order":0,"comment_status":"closed","ping_status":"closed","template":"","meta":{"_acf_changed":false,"_kad_blocks_custom_css":"","_kad_blocks_head_custom_js":"","_kad_blocks_body_custom_js":"","_kad_blocks_footer_custom_js":"","_kad_post_transparent":"default","_kad_post_title":"default","_kad_post_layout":"normal","_kad_post_sidebar_id":"sidebar-primary","_kad_post_content_style":"unboxed","_kad_post_vertical_padding":"","_kad_post_feature":"hide","_kad_post_feature_position":"","_kad_post_header":false,"_kad_post_footer":false,"_kad_post_classname":"","footnotes":""},"class_list":["post-3739","page","type-page","status-publish","has-post-thumbnail","hentry"],"acf":[],"yoast_head":"<!-- This site is optimized with the Yoast SEO plugin v27.4 - https:\/\/yoast.com\/product\/yoast-seo-wordpress\/ -->\n<title>Zezwolenia na transport ponadgabarytowy - EKOlogistyka24 - przew\u00f3z odpad\u00f3w i pozwolenia na transport<\/title>\n<meta name=\"description\" content=\"Jakie s\u0105 zasady uzyskiwania i wykorzystywania pozwolenia na transport ponadgabarytowy? Wejd\u017a na stron\u0119 i dowiedz si\u0119 wi\u0119cej.\" \/>\n<meta name=\"robots\" content=\"index, follow, max-snippet:-1, max-image-preview:large, max-video-preview:-1\" \/>\n<link rel=\"canonical\" href=\"https:\/\/ekologistyka24.pl\/de\/genehmigungen-fur-ubergrose-transporte\/\" \/>\n<meta property=\"og:locale\" content=\"de_DE\" \/>\n<meta property=\"og:type\" content=\"article\" \/>\n<meta property=\"og:title\" content=\"Zezwolenia na transport ponadgabarytowy - EKOlogistyka24 - przew\u00f3z odpad\u00f3w i pozwolenia na transport\" \/>\n<meta property=\"og:description\" content=\"Jakie s\u0105 zasady uzyskiwania i wykorzystywania pozwolenia na transport ponadgabarytowy? Wejd\u017a na stron\u0119 i dowiedz si\u0119 wi\u0119cej.\" \/>\n<meta property=\"og:url\" content=\"https:\/\/ekologistyka24.pl\/de\/genehmigungen-fur-ubergrose-transporte\/\" \/>\n<meta property=\"og:site_name\" content=\"EKOlogistyka24 - przew\u00f3z odpad\u00f3w i pozwolenia na transport\" \/>\n<meta property=\"article:publisher\" content=\"https:\/\/www.facebook.com\/profile.php?id=100058909846099\" \/>\n<meta property=\"article:modified_time\" content=\"2024-09-03T11:10:51+00:00\" \/>\n<meta property=\"og:image\" content=\"https:\/\/ekologistyka24.pl\/wp-content\/uploads\/2023\/09\/image.jpg\" \/>\n\t<meta property=\"og:image:width\" content=\"1438\" \/>\n\t<meta property=\"og:image:height\" content=\"638\" \/>\n\t<meta property=\"og:image:type\" content=\"image\/jpeg\" \/>\n<meta name=\"twitter:card\" content=\"summary_large_image\" \/>\n<meta name=\"twitter:label1\" content=\"Gesch\u00e4tzte Lesezeit\" \/>\n\t<meta name=\"twitter:data1\" content=\"3\u00a0Minuten\" \/>\n<script type=\"application\/ld+json\" class=\"yoast-schema-graph\">{\"@context\":\"https:\\\/\\\/schema.org\",\"@graph\":[{\"@type\":\"WebPage\",\"@id\":\"https:\\\/\\\/ekologistyka24.pl\\\/zezwolenia-na-transport-ponadgabarytowy\\\/\",\"url\":\"https:\\\/\\\/ekologistyka24.pl\\\/zezwolenia-na-transport-ponadgabarytowy\\\/\",\"name\":\"Zezwolenia na transport ponadgabarytowy - EKOlogistyka24 - przew\u00f3z odpad\u00f3w i pozwolenia na transport\",\"isPartOf\":{\"@id\":\"https:\\\/\\\/ekologistyka24.pl\\\/#website\"},\"primaryImageOfPage\":{\"@id\":\"https:\\\/\\\/ekologistyka24.pl\\\/zezwolenia-na-transport-ponadgabarytowy\\\/#primaryimage\"},\"image\":{\"@id\":\"https:\\\/\\\/ekologistyka24.pl\\\/zezwolenia-na-transport-ponadgabarytowy\\\/#primaryimage\"},\"thumbnailUrl\":\"https:\\\/\\\/ekologistyka24.pl\\\/wp-content\\\/uploads\\\/2023\\\/09\\\/image.jpg\",\"datePublished\":\"2023-10-11T12:31:07+00:00\",\"dateModified\":\"2024-09-03T11:10:51+00:00\",\"description\":\"Jakie s\u0105 zasady uzyskiwania i wykorzystywania pozwolenia na transport ponadgabarytowy? Wejd\u017a na stron\u0119 i dowiedz si\u0119 wi\u0119cej.\",\"inLanguage\":\"de\",\"potentialAction\":[{\"@type\":\"ReadAction\",\"target\":[\"https:\\\/\\\/ekologistyka24.pl\\\/zezwolenia-na-transport-ponadgabarytowy\\\/\"]}]},{\"@type\":\"ImageObject\",\"inLanguage\":\"de\",\"@id\":\"https:\\\/\\\/ekologistyka24.pl\\\/zezwolenia-na-transport-ponadgabarytowy\\\/#primaryimage\",\"url\":\"https:\\\/\\\/ekologistyka24.pl\\\/wp-content\\\/uploads\\\/2023\\\/09\\\/image.jpg\",\"contentUrl\":\"https:\\\/\\\/ekologistyka24.pl\\\/wp-content\\\/uploads\\\/2023\\\/09\\\/image.jpg\",\"width\":1438,\"height\":638,\"caption\":\"Wpis do rejestru BDO\"},{\"@type\":\"WebSite\",\"@id\":\"https:\\\/\\\/ekologistyka24.pl\\\/#website\",\"url\":\"https:\\\/\\\/ekologistyka24.pl\\\/\",\"name\":\"EKOlogistyka24 - przew\u00f3z odpad\u00f3w i pozwolenia na transport\",\"description\":\"\",\"publisher\":{\"@id\":\"https:\\\/\\\/ekologistyka24.pl\\\/#organization\"},\"potentialAction\":[{\"@type\":\"SearchAction\",\"target\":{\"@type\":\"EntryPoint\",\"urlTemplate\":\"https:\\\/\\\/ekologistyka24.pl\\\/?s={search_term_string}\"},\"query-input\":{\"@type\":\"PropertyValueSpecification\",\"valueRequired\":true,\"valueName\":\"search_term_string\"}}],\"inLanguage\":\"de\"},{\"@type\":\"Organization\",\"@id\":\"https:\\\/\\\/ekologistyka24.pl\\\/#organization\",\"name\":\"EKOlogistyka24 - przew\u00f3z odpad\u00f3w i pozwolenia na transport\",\"url\":\"https:\\\/\\\/ekologistyka24.pl\\\/\",\"logo\":{\"@type\":\"ImageObject\",\"inLanguage\":\"de\",\"@id\":\"https:\\\/\\\/ekologistyka24.pl\\\/#\\\/schema\\\/logo\\\/image\\\/\",\"url\":\"https:\\\/\\\/ekologistyka24.pl\\\/wp-content\\\/uploads\\\/2023\\\/08\\\/logo.png\",\"contentUrl\":\"https:\\\/\\\/ekologistyka24.pl\\\/wp-content\\\/uploads\\\/2023\\\/08\\\/logo.png\",\"width\":220,\"height\":90,\"caption\":\"EKOlogistyka24 - przew\u00f3z odpad\u00f3w i pozwolenia na transport\"},\"image\":{\"@id\":\"https:\\\/\\\/ekologistyka24.pl\\\/#\\\/schema\\\/logo\\\/image\\\/\"},\"sameAs\":[\"https:\\\/\\\/www.facebook.com\\\/profile.php?id=100058909846099\"]}]}<\/script>\n<!-- \/ Yoast SEO plugin. -->","yoast_head_json":{"title":"\u00dcberma\u00dftransportgenehmigungen - EKOlogistics24 - Abfalltransport und Transportgenehmigungen","description":"Welche Regeln gelten f\u00fcr den Erhalt und die Verwendung einer Genehmigung zur Bef\u00f6rderung von \u00dcbergr\u00f6\u00dfen? Besuchen Sie die Website, um mehr dar\u00fcber zu erfahren.","robots":{"index":"index","follow":"follow","max-snippet":"max-snippet:-1","max-image-preview":"max-image-preview:large","max-video-preview":"max-video-preview:-1"},"canonical":"https:\/\/ekologistyka24.pl\/de\/genehmigungen-fur-ubergrose-transporte\/","og_locale":"de_DE","og_type":"article","og_title":"Zezwolenia na transport ponadgabarytowy - EKOlogistyka24 - przew\u00f3z odpad\u00f3w i pozwolenia na transport","og_description":"Jakie s\u0105 zasady uzyskiwania i wykorzystywania pozwolenia na transport ponadgabarytowy? Wejd\u017a na stron\u0119 i dowiedz si\u0119 wi\u0119cej.","og_url":"https:\/\/ekologistyka24.pl\/de\/genehmigungen-fur-ubergrose-transporte\/","og_site_name":"EKOlogistyka24 - przew\u00f3z odpad\u00f3w i pozwolenia na transport","article_publisher":"https:\/\/www.facebook.com\/profile.php?id=100058909846099","article_modified_time":"2024-09-03T11:10:51+00:00","og_image":[{"width":1438,"height":638,"url":"https:\/\/ekologistyka24.pl\/wp-content\/uploads\/2023\/09\/image.jpg","type":"image\/jpeg"}],"twitter_card":"summary_large_image","twitter_misc":{"Gesch\u00e4tzte Lesezeit":"3\u00a0Minuten"},"schema":{"@context":"https:\/\/schema.org","@graph":[{"@type":"WebPage","@id":"https:\/\/ekologistyka24.pl\/zezwolenia-na-transport-ponadgabarytowy\/","url":"https:\/\/ekologistyka24.pl\/zezwolenia-na-transport-ponadgabarytowy\/","name":"\u00dcberma\u00dftransportgenehmigungen - EKOlogistics24 - Abfalltransport und Transportgenehmigungen","isPartOf":{"@id":"https:\/\/ekologistyka24.pl\/#website"},"primaryImageOfPage":{"@id":"https:\/\/ekologistyka24.pl\/zezwolenia-na-transport-ponadgabarytowy\/#primaryimage"},"image":{"@id":"https:\/\/ekologistyka24.pl\/zezwolenia-na-transport-ponadgabarytowy\/#primaryimage"},"thumbnailUrl":"https:\/\/ekologistyka24.pl\/wp-content\/uploads\/2023\/09\/image.jpg","datePublished":"2023-10-11T12:31:07+00:00","dateModified":"2024-09-03T11:10:51+00:00","description":"Welche Regeln gelten f\u00fcr den Erhalt und die Verwendung einer Genehmigung zur Bef\u00f6rderung von \u00dcbergr\u00f6\u00dfen? Besuchen Sie die Website, um mehr dar\u00fcber zu erfahren.","inLanguage":"de","potentialAction":[{"@type":"ReadAction","target":["https:\/\/ekologistyka24.pl\/zezwolenia-na-transport-ponadgabarytowy\/"]}]},{"@type":"ImageObject","inLanguage":"de","@id":"https:\/\/ekologistyka24.pl\/zezwolenia-na-transport-ponadgabarytowy\/#primaryimage","url":"https:\/\/ekologistyka24.pl\/wp-content\/uploads\/2023\/09\/image.jpg","contentUrl":"https:\/\/ekologistyka24.pl\/wp-content\/uploads\/2023\/09\/image.jpg","width":1438,"height":638,"caption":"Wpis do rejestru BDO"},{"@type":"WebSite","@id":"https:\/\/ekologistyka24.pl\/#website","url":"https:\/\/ekologistyka24.pl\/","name":"EKOlogistics24 - Abfalltransport und Transportgenehmigungen","description":"","publisher":{"@id":"https:\/\/ekologistyka24.pl\/#organization"},"potentialAction":[{"@type":"SearchAction","target":{"@type":"EntryPoint","urlTemplate":"https:\/\/ekologistyka24.pl\/?s={search_term_string}"},"query-input":{"@type":"PropertyValueSpecification","valueRequired":true,"valueName":"search_term_string"}}],"inLanguage":"de"},{"@type":"Organization","@id":"https:\/\/ekologistyka24.pl\/#organization","name":"EKOlogistics24 - Abfalltransport und Transportgenehmigungen","url":"https:\/\/ekologistyka24.pl\/","logo":{"@type":"ImageObject","inLanguage":"de","@id":"https:\/\/ekologistyka24.pl\/#\/schema\/logo\/image\/","url":"https:\/\/ekologistyka24.pl\/wp-content\/uploads\/2023\/08\/logo.png","contentUrl":"https:\/\/ekologistyka24.pl\/wp-content\/uploads\/2023\/08\/logo.png","width":220,"height":90,"caption":"EKOlogistyka24 - przew\u00f3z odpad\u00f3w i pozwolenia na transport"},"image":{"@id":"https:\/\/ekologistyka24.pl\/#\/schema\/logo\/image\/"},"sameAs":["https:\/\/www.facebook.com\/profile.php?id=100058909846099"]}]}},"taxonomy_info":[],"featured_image_src_large":["https:\/\/ekologistyka24.pl\/wp-content\/uploads\/2023\/09\/image-1024x454.jpg",1024,454,true],"author_info":{"display_name":"Admin","author_link":"https:\/\/ekologistyka24.pl\/de\/author\/3xyotbf8kl6qprapd1pj3woyxeb2pu\/"},"comment_info":0,"_links":{"self":[{"href":"https:\/\/ekologistyka24.pl\/de\/wp-json\/wp\/v2\/pages\/3739","targetHints":{"allow":["GET"]}}],"collection":[{"href":"https:\/\/ekologistyka24.pl\/de\/wp-json\/wp\/v2\/pages"}],"about":[{"href":"https:\/\/ekologistyka24.pl\/de\/wp-json\/wp\/v2\/types\/page"}],"author":[{"embeddable":true,"href":"https:\/\/ekologistyka24.pl\/de\/wp-json\/wp\/v2\/users\/1"}],"replies":[{"embeddable":true,"href":"https:\/\/ekologistyka24.pl\/de\/wp-json\/wp\/v2\/comments?post=3739"}],"version-history":[{"count":7,"href":"https:\/\/ekologistyka24.pl\/de\/wp-json\/wp\/v2\/pages\/3739\/revisions"}],"predecessor-version":[{"id":5620,"href":"https:\/\/ekologistyka24.pl\/de\/wp-json\/wp\/v2\/pages\/3739\/revisions\/5620"}],"wp:featuredmedia":[{"embeddable":true,"href":"https:\/\/ekologistyka24.pl\/de\/wp-json\/wp\/v2\/media\/3281"}],"wp:attachment":[{"href":"https:\/\/ekologistyka24.pl\/de\/wp-json\/wp\/v2\/media?parent=3739"}],"curies":[{"name":"wp","href":"https:\/\/api.w.org\/{rel}","templated":true}]}}