{"id":5065,"date":"2024-01-12T13:08:19","date_gmt":"2024-01-12T12:08:19","guid":{"rendered":"https:\/\/ekologistyka24.pl\/?page_id=5065"},"modified":"2024-01-12T13:24:16","modified_gmt":"2024-01-12T12:24:16","slug":"cbam-bericht","status":"publish","type":"page","link":"https:\/\/ekologistyka24.pl\/de\/sprawozdanie-cbam\/","title":{"rendered":"CBAM-Bericht"},"content":{"rendered":"<style>.kb-image5065_d1f123-f9 .kb-image-has-overlay:after{opacity:0.3;}<\/style>\n<figure class=\"wp-block-kadence-image kb-image5065_d1f123-f9 alignwide size-full\"><img loading=\"lazy\" decoding=\"async\" width=\"1497\" height=\"583\" src=\"https:\/\/ekologistyka24.pl\/wp-content\/uploads\/2024\/01\/analyze-graph-plans.webp\" alt=\"\" class=\"kb-img wp-image-5072\" srcset=\"https:\/\/ekologistyka24.pl\/wp-content\/uploads\/2024\/01\/analyze-graph-plans.webp 1497w, https:\/\/ekologistyka24.pl\/wp-content\/uploads\/2024\/01\/analyze-graph-plans-300x117.webp 300w, https:\/\/ekologistyka24.pl\/wp-content\/uploads\/2024\/01\/analyze-graph-plans-1024x399.webp 1024w, https:\/\/ekologistyka24.pl\/wp-content\/uploads\/2024\/01\/analyze-graph-plans-768x299.webp 768w, https:\/\/ekologistyka24.pl\/wp-content\/uploads\/2024\/01\/analyze-graph-plans-18x7.webp 18w\" sizes=\"auto, (max-width: 1497px) 100vw, 1497px\" \/><\/figure>\n\n\n\n<h2 class=\"wp-block-heading\" style=\"font-size:25px\"><strong>In der \u00dcbergangszeit <\/strong>(<strong>1. Oktober 2023<\/strong> \u2013<strong> 31. Dezember 2025) m\u00fcssen Importeure von Waren, die dem CBAM-Mechanismus (auch bekannt als Grenzkohlenstoffsteuer) unterliegen, oder indirekte Zollvertreter, die in ihrem Namen handeln, besondere Berichte einreichen.<\/strong><\/h2>\n\n\n\n<p class=\"has-theme-palette-7-background-color has-background\"><strong>Kontakt zum CBAM-Bericht<br><a href=\"mailto:j.blazewicz@ekologistyka24.pl\">j.blazewicz@ekologistyka24.pl&nbsp;<\/a>,&nbsp;<a href=\"tel:+48500867153\">+48 500 867 153<\/a><\/strong><\/p>\n\n\n\n<p>Mit dem CBAM (Carbon Border Adjustment Mechanism) soll das Problem der Verlagerung von Treibhausgasemissionen \u00fcber die EU-Grenzen hinweg angegangen werden. Dies soll durch eine zus\u00e4tzliche Abgabe auf importierte Produkte auf der Grundlage ihres CO2-Fu\u00dfabdrucks erreicht werden. Dies wiederum soll es erm\u00f6glichen, die CO2-bedingten Kosten f\u00fcr in die EU importierte Waren zu kompensieren. Das Gleiche gilt f\u00fcr EU-Waren, die unter das EU-Emissionshandelssystem fallen.<\/p>\n\n\n\n<p>Der entsprechende Bericht ist f\u00fcr jedes Quartal des Kalenderjahres vorzulegen. Sie ist sp\u00e4testens einen Monat nach Ablauf des betreffenden Quartals vorzulegen. Das Datum der Verbringung der Waren in das Zollgebiet der EU bestimmt, in welchem Quartal die Waren zu melden sind.<\/p>\n\n\n\n<p>Eine Nichtmeldung hat schwerwiegende Folgen.<\/p>\n\n\n\n<blockquote class=\"wp-block-quote is-layout-flow wp-block-quote-is-layout-flow\">\n<p>Gem\u00e4\u00df Artikel 16 der Verordnung 2023\/1773 m\u00fcssen die Mitgliedstaaten in den folgenden F\u00e4llen finanzielle Sanktionen verh\u00e4ngen:<br>wenn der erfasste Anmelder nicht die erforderlichen Schritte unternommen hat, um der CBAM-Meldepflicht nachzukommen,<br>wenn der CBAM-Bericht unrichtig oder unvollst\u00e4ndig ist und der erfasste Anmelder nicht die erforderlichen Schritte zur Berichtigung des CBAM-Berichts unternommen hat, wenn ein Berichtigungsverfahren von der zust\u00e4ndigen Beh\u00f6rde eingeleitet worden ist.<\/p>\n\n\n\n<p>Die H\u00f6he der Strafe liegt zwischen 10 und 50 EUR pro Tonne nicht gemeldeter Emissionen (die Menge der nicht gemeldeten Emissionen wird unter Ber\u00fccksichtigung von Standardwerten ermittelt). Die Geldbu\u00dfen werden gem\u00e4\u00df dem europ\u00e4ischen Verbraucherpreisindex indexiert.<\/p>\n<\/blockquote>\n\n\n\n<p>Vor diesem Hintergrund ist es klar, dass sich das Risiko einfach nicht auszahlt. Lagern Sie Ihren Bericht an uns aus. Wir werden uns umfassend um alles k\u00fcmmern.<\/p>","protected":false},"excerpt":{"rendered":"<p>W\u00e4hrend der \u00dcbergangszeit (1. Oktober 2023 - 31. Dezember 2025) m\u00fcssen Importeure von Waren, die dem CBAM-Mechanismus (auch bekannt als Carbon Border Tax) unterliegen, oder indirekte Zollvertreter, die in ihrem Namen handeln, spezielle Berichte vorlegen. Berichtskontakt CBAMj.blazewicz@ekologistyka24.pl , +48 500 867 153 Mit dem CBAM-Mechanismus (Carbon Border Adjustment Mechanism) soll das Problem der Ableitung von Gasemissionen ...<\/p>","protected":false},"author":1,"featured_media":5069,"parent":0,"menu_order":0,"comment_status":"closed","ping_status":"closed","template":"","meta":{"_acf_changed":false,"_kad_blocks_custom_css":"","_kad_blocks_head_custom_js":"","_kad_blocks_body_custom_js":"","_kad_blocks_footer_custom_js":"","_kad_post_transparent":"","_kad_post_title":"","_kad_post_layout":"","_kad_post_sidebar_id":"","_kad_post_content_style":"","_kad_post_vertical_padding":"","_kad_post_feature":"","_kad_post_feature_position":"","_kad_post_header":false,"_kad_post_footer":false,"_kad_post_classname":"","footnotes":""},"class_list":["post-5065","page","type-page","status-publish","has-post-thumbnail","hentry"],"acf":[],"yoast_head":"<!-- This site is optimized with the Yoast SEO plugin v27.5 - https:\/\/yoast.com\/product\/yoast-seo-wordpress\/ -->\n<title>Sprawozdanie CBAM - EKOlogistyka24 - przew\u00f3z odpad\u00f3w i pozwolenia na transport<\/title>\n<meta name=\"description\" content=\"Importujesz towary z kraj\u00f3w trzecich do UE? Zobacz czy i ciebie dotyczy obowi\u0105zek z\u0142o\u017cenia sprawozdania CBAM.\" \/>\n<meta name=\"robots\" content=\"index, follow, max-snippet:-1, max-image-preview:large, max-video-preview:-1\" \/>\n<link rel=\"canonical\" href=\"https:\/\/ekologistyka24.pl\/de\/cbam-bericht\/\" \/>\n<meta property=\"og:locale\" content=\"de_DE\" \/>\n<meta property=\"og:type\" content=\"article\" \/>\n<meta property=\"og:title\" content=\"Sprawozdanie CBAM - EKOlogistyka24 - przew\u00f3z odpad\u00f3w i pozwolenia na transport\" \/>\n<meta property=\"og:description\" content=\"Importujesz towary z kraj\u00f3w trzecich do UE? Zobacz czy i ciebie dotyczy obowi\u0105zek z\u0142o\u017cenia sprawozdania CBAM.\" \/>\n<meta property=\"og:url\" content=\"https:\/\/ekologistyka24.pl\/de\/cbam-bericht\/\" \/>\n<meta property=\"og:site_name\" content=\"EKOlogistyka24 - przew\u00f3z odpad\u00f3w i pozwolenia na transport\" \/>\n<meta property=\"article:publisher\" content=\"https:\/\/www.facebook.com\/profile.php?id=100058909846099\" \/>\n<meta property=\"article:modified_time\" content=\"2024-01-12T12:24:16+00:00\" \/>\n<meta property=\"og:image\" content=\"https:\/\/ekologistyka24.pl\/wp-content\/uploads\/2024\/01\/co2-3139225_1920.webp\" \/>\n\t<meta property=\"og:image:width\" content=\"1920\" \/>\n\t<meta property=\"og:image:height\" content=\"684\" \/>\n\t<meta property=\"og:image:type\" content=\"image\/webp\" \/>\n<meta name=\"twitter:card\" content=\"summary_large_image\" \/>\n<meta name=\"twitter:label1\" content=\"Gesch\u00e4tzte Lesezeit\" \/>\n\t<meta name=\"twitter:data1\" content=\"2\u00a0Minuten\" \/>\n<script type=\"application\/ld+json\" class=\"yoast-schema-graph\">{\"@context\":\"https:\\\/\\\/schema.org\",\"@graph\":[{\"@type\":\"WebPage\",\"@id\":\"https:\\\/\\\/ekologistyka24.pl\\\/sprawozdanie-cbam\\\/\",\"url\":\"https:\\\/\\\/ekologistyka24.pl\\\/sprawozdanie-cbam\\\/\",\"name\":\"Sprawozdanie CBAM - EKOlogistyka24 - przew\u00f3z odpad\u00f3w i pozwolenia na transport\",\"isPartOf\":{\"@id\":\"https:\\\/\\\/ekologistyka24.pl\\\/#website\"},\"primaryImageOfPage\":{\"@id\":\"https:\\\/\\\/ekologistyka24.pl\\\/sprawozdanie-cbam\\\/#primaryimage\"},\"image\":{\"@id\":\"https:\\\/\\\/ekologistyka24.pl\\\/sprawozdanie-cbam\\\/#primaryimage\"},\"thumbnailUrl\":\"https:\\\/\\\/ekologistyka24.pl\\\/wp-content\\\/uploads\\\/2024\\\/01\\\/co2-3139225_1920.webp\",\"datePublished\":\"2024-01-12T12:08:19+00:00\",\"dateModified\":\"2024-01-12T12:24:16+00:00\",\"description\":\"Importujesz towary z kraj\u00f3w trzecich do UE? Zobacz czy i ciebie dotyczy obowi\u0105zek z\u0142o\u017cenia sprawozdania CBAM.\",\"inLanguage\":\"de\",\"potentialAction\":[{\"@type\":\"ReadAction\",\"target\":[\"https:\\\/\\\/ekologistyka24.pl\\\/sprawozdanie-cbam\\\/\"]}]},{\"@type\":\"ImageObject\",\"inLanguage\":\"de\",\"@id\":\"https:\\\/\\\/ekologistyka24.pl\\\/sprawozdanie-cbam\\\/#primaryimage\",\"url\":\"https:\\\/\\\/ekologistyka24.pl\\\/wp-content\\\/uploads\\\/2024\\\/01\\\/co2-3139225_1920.webp\",\"contentUrl\":\"https:\\\/\\\/ekologistyka24.pl\\\/wp-content\\\/uploads\\\/2024\\\/01\\\/co2-3139225_1920.webp\",\"width\":1920,\"height\":684,\"caption\":\"Sprawozdanie CBAM\"},{\"@type\":\"WebSite\",\"@id\":\"https:\\\/\\\/ekologistyka24.pl\\\/#website\",\"url\":\"https:\\\/\\\/ekologistyka24.pl\\\/\",\"name\":\"EKOlogistyka24 - przew\u00f3z odpad\u00f3w i pozwolenia na transport\",\"description\":\"\",\"publisher\":{\"@id\":\"https:\\\/\\\/ekologistyka24.pl\\\/#organization\"},\"potentialAction\":[{\"@type\":\"SearchAction\",\"target\":{\"@type\":\"EntryPoint\",\"urlTemplate\":\"https:\\\/\\\/ekologistyka24.pl\\\/?s={search_term_string}\"},\"query-input\":{\"@type\":\"PropertyValueSpecification\",\"valueRequired\":true,\"valueName\":\"search_term_string\"}}],\"inLanguage\":\"de\"},{\"@type\":\"Organization\",\"@id\":\"https:\\\/\\\/ekologistyka24.pl\\\/#organization\",\"name\":\"EKOlogistyka24 - przew\u00f3z odpad\u00f3w i pozwolenia na transport\",\"url\":\"https:\\\/\\\/ekologistyka24.pl\\\/\",\"logo\":{\"@type\":\"ImageObject\",\"inLanguage\":\"de\",\"@id\":\"https:\\\/\\\/ekologistyka24.pl\\\/#\\\/schema\\\/logo\\\/image\\\/\",\"url\":\"https:\\\/\\\/ekologistyka24.pl\\\/wp-content\\\/uploads\\\/2023\\\/08\\\/logo.png\",\"contentUrl\":\"https:\\\/\\\/ekologistyka24.pl\\\/wp-content\\\/uploads\\\/2023\\\/08\\\/logo.png\",\"width\":220,\"height\":90,\"caption\":\"EKOlogistyka24 - przew\u00f3z odpad\u00f3w i pozwolenia na transport\"},\"image\":{\"@id\":\"https:\\\/\\\/ekologistyka24.pl\\\/#\\\/schema\\\/logo\\\/image\\\/\"},\"sameAs\":[\"https:\\\/\\\/www.facebook.com\\\/profile.php?id=100058909846099\"]}]}<\/script>\n<!-- \/ Yoast SEO plugin. -->","yoast_head_json":{"title":"CBAM-Bericht - EKOlogistics24 - Abfalltransport und Transportgenehmigungen","description":"Sie importieren Waren aus Drittl\u00e4ndern in die EU? Pr\u00fcfen Sie, ob die CBAM-Meldepflicht auch f\u00fcr Sie gilt.","robots":{"index":"index","follow":"follow","max-snippet":"max-snippet:-1","max-image-preview":"max-image-preview:large","max-video-preview":"max-video-preview:-1"},"canonical":"https:\/\/ekologistyka24.pl\/de\/cbam-bericht\/","og_locale":"de_DE","og_type":"article","og_title":"Sprawozdanie CBAM - EKOlogistyka24 - przew\u00f3z odpad\u00f3w i pozwolenia na transport","og_description":"Importujesz towary z kraj\u00f3w trzecich do UE? Zobacz czy i ciebie dotyczy obowi\u0105zek z\u0142o\u017cenia sprawozdania CBAM.","og_url":"https:\/\/ekologistyka24.pl\/de\/cbam-bericht\/","og_site_name":"EKOlogistyka24 - przew\u00f3z odpad\u00f3w i pozwolenia na transport","article_publisher":"https:\/\/www.facebook.com\/profile.php?id=100058909846099","article_modified_time":"2024-01-12T12:24:16+00:00","og_image":[{"width":1920,"height":684,"url":"https:\/\/ekologistyka24.pl\/wp-content\/uploads\/2024\/01\/co2-3139225_1920.webp","type":"image\/webp"}],"twitter_card":"summary_large_image","twitter_misc":{"Gesch\u00e4tzte Lesezeit":"2\u00a0Minuten"},"schema":{"@context":"https:\/\/schema.org","@graph":[{"@type":"WebPage","@id":"https:\/\/ekologistyka24.pl\/sprawozdanie-cbam\/","url":"https:\/\/ekologistyka24.pl\/sprawozdanie-cbam\/","name":"CBAM-Bericht - EKOlogistics24 - Abfalltransport und Transportgenehmigungen","isPartOf":{"@id":"https:\/\/ekologistyka24.pl\/#website"},"primaryImageOfPage":{"@id":"https:\/\/ekologistyka24.pl\/sprawozdanie-cbam\/#primaryimage"},"image":{"@id":"https:\/\/ekologistyka24.pl\/sprawozdanie-cbam\/#primaryimage"},"thumbnailUrl":"https:\/\/ekologistyka24.pl\/wp-content\/uploads\/2024\/01\/co2-3139225_1920.webp","datePublished":"2024-01-12T12:08:19+00:00","dateModified":"2024-01-12T12:24:16+00:00","description":"Sie importieren Waren aus Drittl\u00e4ndern in die EU? Pr\u00fcfen Sie, ob die CBAM-Meldepflicht auch f\u00fcr Sie gilt.","inLanguage":"de","potentialAction":[{"@type":"ReadAction","target":["https:\/\/ekologistyka24.pl\/sprawozdanie-cbam\/"]}]},{"@type":"ImageObject","inLanguage":"de","@id":"https:\/\/ekologistyka24.pl\/sprawozdanie-cbam\/#primaryimage","url":"https:\/\/ekologistyka24.pl\/wp-content\/uploads\/2024\/01\/co2-3139225_1920.webp","contentUrl":"https:\/\/ekologistyka24.pl\/wp-content\/uploads\/2024\/01\/co2-3139225_1920.webp","width":1920,"height":684,"caption":"Sprawozdanie CBAM"},{"@type":"WebSite","@id":"https:\/\/ekologistyka24.pl\/#website","url":"https:\/\/ekologistyka24.pl\/","name":"EKOlogistics24 - Abfalltransport und Transportgenehmigungen","description":"","publisher":{"@id":"https:\/\/ekologistyka24.pl\/#organization"},"potentialAction":[{"@type":"SearchAction","target":{"@type":"EntryPoint","urlTemplate":"https:\/\/ekologistyka24.pl\/?s={search_term_string}"},"query-input":{"@type":"PropertyValueSpecification","valueRequired":true,"valueName":"search_term_string"}}],"inLanguage":"de"},{"@type":"Organization","@id":"https:\/\/ekologistyka24.pl\/#organization","name":"EKOlogistics24 - Abfalltransport und Transportgenehmigungen","url":"https:\/\/ekologistyka24.pl\/","logo":{"@type":"ImageObject","inLanguage":"de","@id":"https:\/\/ekologistyka24.pl\/#\/schema\/logo\/image\/","url":"https:\/\/ekologistyka24.pl\/wp-content\/uploads\/2023\/08\/logo.png","contentUrl":"https:\/\/ekologistyka24.pl\/wp-content\/uploads\/2023\/08\/logo.png","width":220,"height":90,"caption":"EKOlogistyka24 - przew\u00f3z odpad\u00f3w i pozwolenia na transport"},"image":{"@id":"https:\/\/ekologistyka24.pl\/#\/schema\/logo\/image\/"},"sameAs":["https:\/\/www.facebook.com\/profile.php?id=100058909846099"]}]}},"taxonomy_info":[],"featured_image_src_large":["https:\/\/ekologistyka24.pl\/wp-content\/uploads\/2024\/01\/co2-3139225_1920-1024x365.webp",1024,365,true],"author_info":{"display_name":"Admin","author_link":"https:\/\/ekologistyka24.pl\/de\/author\/3xyotbf8kl6qprapd1pj3woyxeb2pu\/"},"comment_info":0,"_links":{"self":[{"href":"https:\/\/ekologistyka24.pl\/de\/wp-json\/wp\/v2\/pages\/5065","targetHints":{"allow":["GET"]}}],"collection":[{"href":"https:\/\/ekologistyka24.pl\/de\/wp-json\/wp\/v2\/pages"}],"about":[{"href":"https:\/\/ekologistyka24.pl\/de\/wp-json\/wp\/v2\/types\/page"}],"author":[{"embeddable":true,"href":"https:\/\/ekologistyka24.pl\/de\/wp-json\/wp\/v2\/users\/1"}],"replies":[{"embeddable":true,"href":"https:\/\/ekologistyka24.pl\/de\/wp-json\/wp\/v2\/comments?post=5065"}],"version-history":[{"count":3,"href":"https:\/\/ekologistyka24.pl\/de\/wp-json\/wp\/v2\/pages\/5065\/revisions"}],"predecessor-version":[{"id":5073,"href":"https:\/\/ekologistyka24.pl\/de\/wp-json\/wp\/v2\/pages\/5065\/revisions\/5073"}],"wp:featuredmedia":[{"embeddable":true,"href":"https:\/\/ekologistyka24.pl\/de\/wp-json\/wp\/v2\/media\/5069"}],"wp:attachment":[{"href":"https:\/\/ekologistyka24.pl\/de\/wp-json\/wp\/v2\/media?parent=5065"}],"curies":[{"name":"wp","href":"https:\/\/api.w.org\/{rel}","templated":true}]}}