{"id":5293,"date":"2024-03-15T14:32:21","date_gmt":"2024-03-15T13:32:21","guid":{"rendered":"https:\/\/ekologistyka24.pl\/?page_id=5293"},"modified":"2024-05-08T08:12:50","modified_gmt":"2024-05-08T06:12:50","slug":"warentransportgenehmigung","status":"publish","type":"page","link":"https:\/\/ekologistyka24.pl\/de\/pozwolenie-na-przewoz-towarow\/","title":{"rendered":"Erlaubnis zur Bef\u00f6rderung von Waren in und aus der EU"},"content":{"rendered":"<h2 class=\"wp-block-heading\" style=\"font-size:25px\"><strong>Sie m\u00fcssen eine Ladung von Polen nach Albanien oder Kasachstan liefern, haben aber festgestellt, dass Sie daf\u00fcr eine spezielle G\u00fctertransportgenehmigung ben\u00f6tigen? <a href=\"https:\/\/ekologistyka24.pl\/de\/kontakt\/\" target=\"_blank\" rel=\"noreferrer noopener\">Bewerben Sie sich bei uns<\/a>. Kurze Vorlaufzeiten und ein Minimum an Papierkram werden daf\u00fcr sorgen, dass Sie nicht z\u00f6gern m\u00fcssen.<\/strong><\/h2>\n\n\n\n<p class=\"has-theme-palette-7-background-color has-background\"><strong>Kontakt f\u00fcr eine G\u00fctertransportgenehmigung:<br><br><a href=\"mailto:e.nadolna@ekologistyka24.pl\">e.nadolna@ekologistyka24.pl&nbsp;<\/a>,&nbsp;<a href=\"tel:+48881045376\">+48 881 045 376<\/a><br><br><a href=\"mailto:j.blazewicz@ekologistyka24.pl\">j.blazewicz@ekologistyka24.pl&nbsp;<\/a>,&nbsp;<a href=\"tel:+48500867153\">+48 500 867 153<\/a><\/strong><\/p>\n\n\n\n<p>Wir helfen bei der Einholung von Genehmigungen wie z. B.:<\/p>\n\n\n\n<ul class=\"wp-block-list\">\n<li><strong>Bilaterale Genehmigung<\/strong>. Damit k\u00f6nnen Sie den Transport (hin und zur\u00fcck) zwischen Polen und dem Ausstellungsland durchf\u00fchren.<\/li>\n\n\n\n<li><strong>Durchfuhrgenehmigung<\/strong>. Sie berechtigt den Inhaber zur Durchf\u00fchrung von Bef\u00f6rderungen (hin und zur\u00fcck) durch das Gebiet des betreffenden Landes. Die Genehmigung berechtigt nicht zum Be- und\/oder Entladen im Hoheitsgebiet des Transitlandes. Eine Ausnahme besteht, wenn das bilaterale Abkommen mit dem betreffenden Land die Bedingungen f\u00fcr eine solche Be-\/Entladung ausdr\u00fccklich festlegt.<\/li>\n\n\n\n<li><strong>Allgemeine Genehmigung<\/strong>. Erlaubt entweder bilaterale oder Transitbef\u00f6rderung.<\/li>\n\n\n\n<li><strong>Erlaubnis KR-3<\/strong>. Sie erm\u00f6glicht die Lieferung oder Ausfuhr von G\u00fctern aus\/nach einem anderen Land als dem, in dem das Fahrzeug zugelassen ist.<\/li>\n<\/ul>\n\n\n\n<p>Wir k\u00f6nnen solche Genehmigungen f\u00fcr die bereits erw\u00e4hnten L\u00e4nder Kasachstan oder <a href=\"https:\/\/sip.lex.pl\/akty-prawne\/mp-monitor-polski\/albania-polska-umowa-o-miedzynarodowych-przewozach-drogowych-tirana-16998614\" target=\"_blank\" rel=\"noreferrer noopener\">Albanien<\/a>. Dar\u00fcber hinaus helfen wir Ihnen bei der Beschaffung von Genehmigungen f\u00fcr die Bef\u00f6rderung von Waren:<\/p>\n\n\n<div class=\"wp-block-image\">\n<figure class=\"alignright size-large is-resized\" id=\"pozwolenia-na-przewoz-towarow\"><img loading=\"lazy\" decoding=\"async\" width=\"1024\" height=\"864\" src=\"https:\/\/ekologistyka24.pl\/wp-content\/uploads\/2024\/03\/MapChart-Map-1024x864.webp\" alt=\"Genehmigungen f\u00fcr den G\u00fcterverkehr\" class=\"wp-image-5294\" style=\"width:792px;height:auto\" srcset=\"https:\/\/ekologistyka24.pl\/wp-content\/uploads\/2024\/03\/MapChart-Map-1024x864.webp 1024w, https:\/\/ekologistyka24.pl\/wp-content\/uploads\/2024\/03\/MapChart-Map-300x253.webp 300w, https:\/\/ekologistyka24.pl\/wp-content\/uploads\/2024\/03\/MapChart-Map-768x648.webp 768w, https:\/\/ekologistyka24.pl\/wp-content\/uploads\/2024\/03\/MapChart-Map-1536x1296.webp 1536w, https:\/\/ekologistyka24.pl\/wp-content\/uploads\/2024\/03\/MapChart-Map-2048x1728.webp 2048w, https:\/\/ekologistyka24.pl\/wp-content\/uploads\/2024\/03\/MapChart-Map-14x12.webp 14w\" sizes=\"auto, (max-width: 1024px) 100vw, 1024px\" \/><\/figure>\n<\/div>\n\n\n<ul class=\"wp-block-list\">\n<li>Albanien<\/li>\n\n\n\n<li>Mazedonien<\/li>\n\n\n\n<li>Armenien<\/li>\n\n\n\n<li>Marokko<\/li>\n\n\n\n<li>Aserbaidschan<\/li>\n\n\n\n<li>Moldawien<\/li>\n\n\n\n<li>Bosnien und Herzegowina<\/li>\n\n\n\n<li>Mongolei<\/li>\n\n\n\n<li>Bulgarien<\/li>\n\n\n\n<li>Norwegen<\/li>\n\n\n\n<li>Kroatien<\/li>\n\n\n\n<li>Rum\u00e4nien<\/li>\n\n\n\n<li>Montenegro<\/li>\n\n\n\n<li>Serbien<\/li>\n\n\n\n<li>Tschechische Republik<\/li>\n\n\n\n<li>Slowakei<\/li>\n\n\n\n<li>Estland<\/li>\n\n\n\n<li>Schweden<\/li>\n\n\n\n<li>Finnland<\/li>\n\n\n\n<li>Georgien<\/li>\n\n\n\n<li>Tadschikistan<\/li>\n\n\n\n<li>Kasachstan<\/li>\n\n\n\n<li>T\u00fcrkei<\/li>\n\n\n\n<li>Kirgisistan<\/li>\n\n\n\n<li>Usbekistan<\/li>\n\n\n\n<li>Litauen<\/li>\n\n\n\n<li>Ungarn<\/li>\n\n\n\n<li>Lettland<\/li>\n<\/ul>\n\n\n\n<p><strong>HINWEIS: Die Zahl der im Rahmen bilateraler Abkommen erteilten Genehmigungen ist nicht unbegrenzt. <a href=\"https:\/\/ekologistyka24.pl\/de\/kontakt\/\" target=\"_blank\" rel=\"noreferrer noopener\">Kontakt<\/a> um die neuesten Informationen \u00fcber die Verf\u00fcgbarkeit der einschl\u00e4gigen Dokumente zu erhalten.<\/strong> <\/p>","protected":false},"excerpt":{"rendered":"<p>Sie m\u00fcssen eine Ladung von Polen nach Albanien oder Kasachstan liefern, haben aber festgestellt, dass Sie daf\u00fcr eine spezielle G\u00fctertransportgenehmigung ben\u00f6tigen? Wenden Sie sich an uns. Die kurze Bearbeitungszeit und die minimalen Formalit\u00e4ten werden daf\u00fcr sorgen, dass Sie Ihre Bef\u00f6rderung nicht verz\u00f6gern m\u00fcssen. Kontaktieren Sie uns bez\u00fcglich der G\u00fcterbef\u00f6rderungsgenehmigung: e.nadolna@ekologistyka24.pl , +48 881 045 376 j.blazewicz@ekologistyka24.pl , +48 500 867 153....<\/p>","protected":false},"author":1,"featured_media":5295,"parent":0,"menu_order":0,"comment_status":"closed","ping_status":"closed","template":"","meta":{"_acf_changed":false,"_kad_blocks_custom_css":"","_kad_blocks_head_custom_js":"","_kad_blocks_body_custom_js":"","_kad_blocks_footer_custom_js":"","_kad_post_transparent":"","_kad_post_title":"","_kad_post_layout":"","_kad_post_sidebar_id":"","_kad_post_content_style":"","_kad_post_vertical_padding":"","_kad_post_feature":"","_kad_post_feature_position":"","_kad_post_header":false,"_kad_post_footer":false,"_kad_post_classname":"","footnotes":""},"class_list":["post-5293","page","type-page","status-publish","has-post-thumbnail","hentry"],"acf":[],"yoast_head":"<!-- This site is optimized with the Yoast SEO plugin v27.6 - https:\/\/yoast.com\/product\/yoast-seo-wordpress\/ -->\n<title>Pozwolenie na przew\u00f3z towar\u00f3w w UE i poza ni\u0105 - EKOlogistyka24 - przew\u00f3z odpad\u00f3w i pozwolenia na transport<\/title>\n<meta name=\"description\" content=\"Chcesz uzyska\u0107 pozwolenie na przew\u00f3z towar\u00f3w? Zg\u0142o\u015b si\u0119 do nas. Kr\u00f3tki czas realizacji i minimum formalno\u015bci\" \/>\n<meta name=\"robots\" content=\"index, follow, max-snippet:-1, max-image-preview:large, max-video-preview:-1\" \/>\n<link rel=\"canonical\" href=\"https:\/\/ekologistyka24.pl\/de\/warentransportgenehmigung\/\" \/>\n<meta property=\"og:locale\" content=\"de_DE\" \/>\n<meta property=\"og:type\" content=\"article\" \/>\n<meta property=\"og:title\" content=\"Pozwolenie na przew\u00f3z towar\u00f3w w UE i poza ni\u0105 - EKOlogistyka24 - przew\u00f3z odpad\u00f3w i pozwolenia na transport\" \/>\n<meta property=\"og:description\" content=\"Chcesz uzyska\u0107 pozwolenie na przew\u00f3z towar\u00f3w? Zg\u0142o\u015b si\u0119 do nas. Kr\u00f3tki czas realizacji i minimum formalno\u015bci\" \/>\n<meta property=\"og:url\" content=\"https:\/\/ekologistyka24.pl\/de\/warentransportgenehmigung\/\" \/>\n<meta property=\"og:site_name\" content=\"EKOlogistyka24 - przew\u00f3z odpad\u00f3w i pozwolenia na transport\" \/>\n<meta property=\"article:publisher\" content=\"https:\/\/www.facebook.com\/profile.php?id=100058909846099\" \/>\n<meta property=\"article:modified_time\" content=\"2024-05-08T06:12:50+00:00\" \/>\n<meta property=\"og:image\" content=\"https:\/\/ekologistyka24.pl\/wp-content\/uploads\/2024\/03\/DALL\u00b7E-2024-03-15-14.20.36-Create-an-illustration-showing-two-truck-drivers-greeting-each-other-with-a-handshake-with-two-trucks-facing-each-other-in-the-background.-One-driver.webp\" \/>\n\t<meta property=\"og:image:width\" content=\"1024\" \/>\n\t<meta property=\"og:image:height\" content=\"1024\" \/>\n\t<meta property=\"og:image:type\" content=\"image\/webp\" \/>\n<meta name=\"twitter:card\" content=\"summary_large_image\" \/>\n<meta name=\"twitter:label1\" content=\"Gesch\u00e4tzte Lesezeit\" \/>\n\t<meta name=\"twitter:data1\" content=\"2\u00a0Minuten\" \/>\n<script type=\"application\/ld+json\" class=\"yoast-schema-graph\">{\"@context\":\"https:\\\/\\\/schema.org\",\"@graph\":[{\"@type\":\"WebPage\",\"@id\":\"https:\\\/\\\/ekologistyka24.pl\\\/pozwolenie-na-przewoz-towarow\\\/\",\"url\":\"https:\\\/\\\/ekologistyka24.pl\\\/pozwolenie-na-przewoz-towarow\\\/\",\"name\":\"Pozwolenie na przew\u00f3z towar\u00f3w w UE i poza ni\u0105 - EKOlogistyka24 - przew\u00f3z odpad\u00f3w i pozwolenia na transport\",\"isPartOf\":{\"@id\":\"https:\\\/\\\/ekologistyka24.pl\\\/#website\"},\"primaryImageOfPage\":{\"@id\":\"https:\\\/\\\/ekologistyka24.pl\\\/pozwolenie-na-przewoz-towarow\\\/#primaryimage\"},\"image\":{\"@id\":\"https:\\\/\\\/ekologistyka24.pl\\\/pozwolenie-na-przewoz-towarow\\\/#primaryimage\"},\"thumbnailUrl\":\"https:\\\/\\\/ekologistyka24.pl\\\/wp-content\\\/uploads\\\/2024\\\/03\\\/DALL\u00b7E-2024-03-15-14.20.36-Create-an-illustration-showing-two-truck-drivers-greeting-each-other-with-a-handshake-with-two-trucks-facing-each-other-in-the-background.-One-driver.webp\",\"datePublished\":\"2024-03-15T13:32:21+00:00\",\"dateModified\":\"2024-05-08T06:12:50+00:00\",\"description\":\"Chcesz uzyska\u0107 pozwolenie na przew\u00f3z towar\u00f3w? Zg\u0142o\u015b si\u0119 do nas. Kr\u00f3tki czas realizacji i minimum formalno\u015bci\",\"inLanguage\":\"de\",\"potentialAction\":[{\"@type\":\"ReadAction\",\"target\":[\"https:\\\/\\\/ekologistyka24.pl\\\/pozwolenie-na-przewoz-towarow\\\/\"]}]},{\"@type\":\"ImageObject\",\"inLanguage\":\"de\",\"@id\":\"https:\\\/\\\/ekologistyka24.pl\\\/pozwolenie-na-przewoz-towarow\\\/#primaryimage\",\"url\":\"https:\\\/\\\/ekologistyka24.pl\\\/wp-content\\\/uploads\\\/2024\\\/03\\\/DALL\u00b7E-2024-03-15-14.20.36-Create-an-illustration-showing-two-truck-drivers-greeting-each-other-with-a-handshake-with-two-trucks-facing-each-other-in-the-background.-One-driver.webp\",\"contentUrl\":\"https:\\\/\\\/ekologistyka24.pl\\\/wp-content\\\/uploads\\\/2024\\\/03\\\/DALL\u00b7E-2024-03-15-14.20.36-Create-an-illustration-showing-two-truck-drivers-greeting-each-other-with-a-handshake-with-two-trucks-facing-each-other-in-the-background.-One-driver.webp\",\"width\":1024,\"height\":1024,\"caption\":\"pozwolenia na przew\u00f3z towar\u00f3w\"},{\"@type\":\"WebSite\",\"@id\":\"https:\\\/\\\/ekologistyka24.pl\\\/#website\",\"url\":\"https:\\\/\\\/ekologistyka24.pl\\\/\",\"name\":\"EKOlogistyka24 - przew\u00f3z odpad\u00f3w i pozwolenia na transport\",\"description\":\"\",\"publisher\":{\"@id\":\"https:\\\/\\\/ekologistyka24.pl\\\/#organization\"},\"potentialAction\":[{\"@type\":\"SearchAction\",\"target\":{\"@type\":\"EntryPoint\",\"urlTemplate\":\"https:\\\/\\\/ekologistyka24.pl\\\/?s={search_term_string}\"},\"query-input\":{\"@type\":\"PropertyValueSpecification\",\"valueRequired\":true,\"valueName\":\"search_term_string\"}}],\"inLanguage\":\"de\"},{\"@type\":\"Organization\",\"@id\":\"https:\\\/\\\/ekologistyka24.pl\\\/#organization\",\"name\":\"EKOlogistyka24 - przew\u00f3z odpad\u00f3w i pozwolenia na transport\",\"url\":\"https:\\\/\\\/ekologistyka24.pl\\\/\",\"logo\":{\"@type\":\"ImageObject\",\"inLanguage\":\"de\",\"@id\":\"https:\\\/\\\/ekologistyka24.pl\\\/#\\\/schema\\\/logo\\\/image\\\/\",\"url\":\"https:\\\/\\\/ekologistyka24.pl\\\/wp-content\\\/uploads\\\/2023\\\/08\\\/logo.png\",\"contentUrl\":\"https:\\\/\\\/ekologistyka24.pl\\\/wp-content\\\/uploads\\\/2023\\\/08\\\/logo.png\",\"width\":220,\"height\":90,\"caption\":\"EKOlogistyka24 - przew\u00f3z odpad\u00f3w i pozwolenia na transport\"},\"image\":{\"@id\":\"https:\\\/\\\/ekologistyka24.pl\\\/#\\\/schema\\\/logo\\\/image\\\/\"},\"sameAs\":[\"https:\\\/\\\/www.facebook.com\\\/profile.php?id=100058909846099\"]}]}<\/script>\n<!-- \/ Yoast SEO plugin. -->","yoast_head_json":{"title":"Genehmigungen f\u00fcr den Transport von G\u00fctern in die und aus der EU - EKOlogistics24 - Abfalltransport und Transportgenehmigungen","description":"Sie m\u00f6chten eine Lizenz f\u00fcr den G\u00fctertransport erwerben? Beantragen Sie sie bei uns. Kurze Bearbeitungszeit und minimale Formalit\u00e4ten","robots":{"index":"index","follow":"follow","max-snippet":"max-snippet:-1","max-image-preview":"max-image-preview:large","max-video-preview":"max-video-preview:-1"},"canonical":"https:\/\/ekologistyka24.pl\/de\/warentransportgenehmigung\/","og_locale":"de_DE","og_type":"article","og_title":"Pozwolenie na przew\u00f3z towar\u00f3w w UE i poza ni\u0105 - EKOlogistyka24 - przew\u00f3z odpad\u00f3w i pozwolenia na transport","og_description":"Chcesz uzyska\u0107 pozwolenie na przew\u00f3z towar\u00f3w? Zg\u0142o\u015b si\u0119 do nas. Kr\u00f3tki czas realizacji i minimum formalno\u015bci","og_url":"https:\/\/ekologistyka24.pl\/de\/warentransportgenehmigung\/","og_site_name":"EKOlogistyka24 - przew\u00f3z odpad\u00f3w i pozwolenia na transport","article_publisher":"https:\/\/www.facebook.com\/profile.php?id=100058909846099","article_modified_time":"2024-05-08T06:12:50+00:00","og_image":[{"width":1024,"height":1024,"url":"https:\/\/ekologistyka24.pl\/wp-content\/uploads\/2024\/03\/DALL\u00b7E-2024-03-15-14.20.36-Create-an-illustration-showing-two-truck-drivers-greeting-each-other-with-a-handshake-with-two-trucks-facing-each-other-in-the-background.-One-driver.webp","type":"image\/webp"}],"twitter_card":"summary_large_image","twitter_misc":{"Gesch\u00e4tzte Lesezeit":"2\u00a0Minuten"},"schema":{"@context":"https:\/\/schema.org","@graph":[{"@type":"WebPage","@id":"https:\/\/ekologistyka24.pl\/pozwolenie-na-przewoz-towarow\/","url":"https:\/\/ekologistyka24.pl\/pozwolenie-na-przewoz-towarow\/","name":"Genehmigungen f\u00fcr den Transport von G\u00fctern in die und aus der EU - EKOlogistics24 - Abfalltransport und Transportgenehmigungen","isPartOf":{"@id":"https:\/\/ekologistyka24.pl\/#website"},"primaryImageOfPage":{"@id":"https:\/\/ekologistyka24.pl\/pozwolenie-na-przewoz-towarow\/#primaryimage"},"image":{"@id":"https:\/\/ekologistyka24.pl\/pozwolenie-na-przewoz-towarow\/#primaryimage"},"thumbnailUrl":"https:\/\/ekologistyka24.pl\/wp-content\/uploads\/2024\/03\/DALL\u00b7E-2024-03-15-14.20.36-Create-an-illustration-showing-two-truck-drivers-greeting-each-other-with-a-handshake-with-two-trucks-facing-each-other-in-the-background.-One-driver.webp","datePublished":"2024-03-15T13:32:21+00:00","dateModified":"2024-05-08T06:12:50+00:00","description":"Sie m\u00f6chten eine Lizenz f\u00fcr den G\u00fctertransport erwerben? Beantragen Sie sie bei uns. Kurze Bearbeitungszeit und minimale Formalit\u00e4ten","inLanguage":"de","potentialAction":[{"@type":"ReadAction","target":["https:\/\/ekologistyka24.pl\/pozwolenie-na-przewoz-towarow\/"]}]},{"@type":"ImageObject","inLanguage":"de","@id":"https:\/\/ekologistyka24.pl\/pozwolenie-na-przewoz-towarow\/#primaryimage","url":"https:\/\/ekologistyka24.pl\/wp-content\/uploads\/2024\/03\/DALL\u00b7E-2024-03-15-14.20.36-Create-an-illustration-showing-two-truck-drivers-greeting-each-other-with-a-handshake-with-two-trucks-facing-each-other-in-the-background.-One-driver.webp","contentUrl":"https:\/\/ekologistyka24.pl\/wp-content\/uploads\/2024\/03\/DALL\u00b7E-2024-03-15-14.20.36-Create-an-illustration-showing-two-truck-drivers-greeting-each-other-with-a-handshake-with-two-trucks-facing-each-other-in-the-background.-One-driver.webp","width":1024,"height":1024,"caption":"pozwolenia na przew\u00f3z towar\u00f3w"},{"@type":"WebSite","@id":"https:\/\/ekologistyka24.pl\/#website","url":"https:\/\/ekologistyka24.pl\/","name":"EKOlogistics24 - Abfalltransport und Transportgenehmigungen","description":"","publisher":{"@id":"https:\/\/ekologistyka24.pl\/#organization"},"potentialAction":[{"@type":"SearchAction","target":{"@type":"EntryPoint","urlTemplate":"https:\/\/ekologistyka24.pl\/?s={search_term_string}"},"query-input":{"@type":"PropertyValueSpecification","valueRequired":true,"valueName":"search_term_string"}}],"inLanguage":"de"},{"@type":"Organization","@id":"https:\/\/ekologistyka24.pl\/#organization","name":"EKOlogistics24 - Abfalltransport und Transportgenehmigungen","url":"https:\/\/ekologistyka24.pl\/","logo":{"@type":"ImageObject","inLanguage":"de","@id":"https:\/\/ekologistyka24.pl\/#\/schema\/logo\/image\/","url":"https:\/\/ekologistyka24.pl\/wp-content\/uploads\/2023\/08\/logo.png","contentUrl":"https:\/\/ekologistyka24.pl\/wp-content\/uploads\/2023\/08\/logo.png","width":220,"height":90,"caption":"EKOlogistyka24 - przew\u00f3z odpad\u00f3w i pozwolenia na transport"},"image":{"@id":"https:\/\/ekologistyka24.pl\/#\/schema\/logo\/image\/"},"sameAs":["https:\/\/www.facebook.com\/profile.php?id=100058909846099"]}]}},"taxonomy_info":[],"featured_image_src_large":["https:\/\/ekologistyka24.pl\/wp-content\/uploads\/2024\/03\/DALL\u00b7E-2024-03-15-14.20.36-Create-an-illustration-showing-two-truck-drivers-greeting-each-other-with-a-handshake-with-two-trucks-facing-each-other-in-the-background.-One-driver.webp",1024,1024,false],"author_info":{"display_name":"Admin","author_link":"https:\/\/ekologistyka24.pl\/de\/author\/3xyotbf8kl6qprapd1pj3woyxeb2pu\/"},"comment_info":0,"_links":{"self":[{"href":"https:\/\/ekologistyka24.pl\/de\/wp-json\/wp\/v2\/pages\/5293","targetHints":{"allow":["GET"]}}],"collection":[{"href":"https:\/\/ekologistyka24.pl\/de\/wp-json\/wp\/v2\/pages"}],"about":[{"href":"https:\/\/ekologistyka24.pl\/de\/wp-json\/wp\/v2\/types\/page"}],"author":[{"embeddable":true,"href":"https:\/\/ekologistyka24.pl\/de\/wp-json\/wp\/v2\/users\/1"}],"replies":[{"embeddable":true,"href":"https:\/\/ekologistyka24.pl\/de\/wp-json\/wp\/v2\/comments?post=5293"}],"version-history":[{"count":3,"href":"https:\/\/ekologistyka24.pl\/de\/wp-json\/wp\/v2\/pages\/5293\/revisions"}],"predecessor-version":[{"id":5384,"href":"https:\/\/ekologistyka24.pl\/de\/wp-json\/wp\/v2\/pages\/5293\/revisions\/5384"}],"wp:featuredmedia":[{"embeddable":true,"href":"https:\/\/ekologistyka24.pl\/de\/wp-json\/wp\/v2\/media\/5295"}],"wp:attachment":[{"href":"https:\/\/ekologistyka24.pl\/de\/wp-json\/wp\/v2\/media?parent=5293"}],"curies":[{"name":"wp","href":"https:\/\/api.w.org\/{rel}","templated":true}]}}