{"id":3735,"date":"2023-10-11T14:29:23","date_gmt":"2023-10-11T12:29:23","guid":{"rendered":"https:\/\/ekologistyka24.pl\/?page_id=3735"},"modified":"2023-12-05T12:07:02","modified_gmt":"2023-12-05T11:07:02","slug":"emergency-support","status":"publish","type":"page","link":"https:\/\/ekologistyka24.pl\/en\/dorazne-wsparcie-w-naglych-przypadkach\/","title":{"rendered":"Ad hoc support in emergencies"},"content":{"rendered":"<style>.kb-row-layout-id3735_5b8df5-a0 > .kt-row-column-wrap{align-content:start;}:where(.kb-row-layout-id3735_5b8df5-a0 > .kt-row-column-wrap) > .wp-block-kadence-column{justify-content:start;}.kb-row-layout-id3735_5b8df5-a0 > .kt-row-column-wrap{column-gap:var(--global-kb-gap-md, 2rem);row-gap:var(--global-kb-gap-md, 2rem);padding-top:var(--global-kb-spacing-sm, 1.5rem);padding-bottom:var(--global-kb-spacing-sm, 1.5rem);grid-template-columns:minmax(0, 1fr);}.kb-row-layout-id3735_5b8df5-a0 > .kt-row-layout-overlay{opacity:0.30;}@media all and (max-width: 1024px){.kb-row-layout-id3735_5b8df5-a0 > .kt-row-column-wrap{grid-template-columns:minmax(0, 1fr);}}@media all and (max-width: 767px){.kb-row-layout-id3735_5b8df5-a0 > .kt-row-column-wrap{grid-template-columns:minmax(0, 1fr);}}<\/style><div class=\"kb-row-layout-wrap kb-row-layout-id3735_5b8df5-a0 alignnone wp-block-kadence-rowlayout\"><div class=\"kt-row-column-wrap kt-has-1-columns kt-row-layout-equal kt-tab-layout-inherit kt-mobile-layout-row kt-row-valign-top\">\n<style>.kadence-column3735_351318-69 > .kt-inside-inner-col,.kadence-column3735_351318-69 > .kt-inside-inner-col:before{border-top-left-radius:0px;border-top-right-radius:0px;border-bottom-right-radius:0px;border-bottom-left-radius:0px;}.kadence-column3735_351318-69 > .kt-inside-inner-col{column-gap:var(--global-kb-gap-sm, 1rem);}.kadence-column3735_351318-69 > .kt-inside-inner-col{flex-direction:column;}.kadence-column3735_351318-69 > .kt-inside-inner-col > .aligncenter{width:100%;}.kadence-column3735_351318-69 > .kt-inside-inner-col:before{opacity:0.3;}.kadence-column3735_351318-69{position:relative;}@media all and (max-width: 1024px){.kadence-column3735_351318-69 > .kt-inside-inner-col{flex-direction:column;justify-content:center;}}@media all and (max-width: 767px){.kadence-column3735_351318-69 > .kt-inside-inner-col{flex-direction:column;justify-content:center;}}<\/style>\n<div class=\"wp-block-kadence-column kadence-column3735_351318-69\"><div class=\"kt-inside-inner-col\"><style>.kb-image3735_21f32a-0b .kb-image-has-overlay:after{opacity:0.3;}<\/style>\n<figure class=\"wp-block-kadence-image kb-image3735_21f32a-0b\"><img loading=\"lazy\" decoding=\"async\" width=\"1499\" height=\"485\" src=\"https:\/\/ekologistyka24.pl\/wp-content\/uploads\/2023\/10\/9.-Ekologistyka24-pogotowie-doradcze-1.webp\" alt=\"A-schild - transport odpad\u00f3w w Niemczech\" class=\"kb-img wp-image-3790\" srcset=\"https:\/\/ekologistyka24.pl\/wp-content\/uploads\/2023\/10\/9.-Ekologistyka24-pogotowie-doradcze-1.webp 1499w, https:\/\/ekologistyka24.pl\/wp-content\/uploads\/2023\/10\/9.-Ekologistyka24-pogotowie-doradcze-1-300x97.webp 300w, https:\/\/ekologistyka24.pl\/wp-content\/uploads\/2023\/10\/9.-Ekologistyka24-pogotowie-doradcze-1-1024x331.webp 1024w, https:\/\/ekologistyka24.pl\/wp-content\/uploads\/2023\/10\/9.-Ekologistyka24-pogotowie-doradcze-1-768x248.webp 768w\" sizes=\"auto, (max-width: 1499px) 100vw, 1499px\" \/><\/figure>\n<\/div><\/div>\n\n<\/div><\/div>\n\n<style>.kb-row-layout-id3735_2da4c0-4b > .kt-row-column-wrap{align-content:start;}:where(.kb-row-layout-id3735_2da4c0-4b > .kt-row-column-wrap) > .wp-block-kadence-column{justify-content:start;}.kb-row-layout-id3735_2da4c0-4b > .kt-row-column-wrap{column-gap:var(--global-kb-gap-md, 2rem);row-gap:var(--global-kb-gap-md, 2rem);padding-top:var(--global-kb-spacing-sm, 1.5rem);padding-bottom:var(--global-kb-spacing-sm, 1.5rem);grid-template-columns:minmax(0, 1fr);}.kb-row-layout-id3735_2da4c0-4b > .kt-row-layout-overlay{opacity:0.30;}@media all and (max-width: 1024px){.kb-row-layout-id3735_2da4c0-4b > .kt-row-column-wrap{grid-template-columns:minmax(0, 1fr);}}@media all and (max-width: 767px){.kb-row-layout-id3735_2da4c0-4b > .kt-row-column-wrap{grid-template-columns:minmax(0, 1fr);}}<\/style><div class=\"kb-row-layout-wrap kb-row-layout-id3735_2da4c0-4b alignnone wp-block-kadence-rowlayout\"><div class=\"kt-row-column-wrap kt-has-1-columns kt-row-layout-equal kt-tab-layout-inherit kt-mobile-layout-row kt-row-valign-top\">\n<style>.kadence-column3735_fe4720-21 > .kt-inside-inner-col,.kadence-column3735_fe4720-21 > .kt-inside-inner-col:before{border-top-left-radius:0px;border-top-right-radius:0px;border-bottom-right-radius:0px;border-bottom-left-radius:0px;}.kadence-column3735_fe4720-21 > .kt-inside-inner-col{column-gap:var(--global-kb-gap-sm, 1rem);}.kadence-column3735_fe4720-21 > .kt-inside-inner-col{flex-direction:column;}.kadence-column3735_fe4720-21 > .kt-inside-inner-col > .aligncenter{width:100%;}.kadence-column3735_fe4720-21 > .kt-inside-inner-col:before{opacity:0.3;}.kadence-column3735_fe4720-21{position:relative;}@media all and (max-width: 1024px){.kadence-column3735_fe4720-21 > .kt-inside-inner-col{flex-direction:column;justify-content:center;}}@media all and (max-width: 767px){.kadence-column3735_fe4720-21 > .kt-inside-inner-col{flex-direction:column;justify-content:center;}}<\/style>\n<div class=\"wp-block-kadence-column kadence-column3735_fe4720-21\"><div class=\"kt-inside-inner-col\">\n<h2 class=\"wp-block-heading\" style=\"font-size:25px\">Wed\u0142ug danych Eurostatu, w 2020 roku kraje Unii Europejskiej wytworzy\u0142y ponad 2,5 miliarda ton odpad\u00f3w komunalnych. To znaczna ilo\u015b\u0107 materia\u0142\u00f3w do przetworzenia. Nie tylko musz\u0105 by\u0107 one odpowiednio segregowane i przetwarzane, aby odzyskiwa\u0107 z nich warto\u015bciowe surowce. Niew\u0105tpliwie istotny jest r\u00f3wnie\u017c ich transport, nierzadko obarczony du\u017cym ryzykiem. Dlatego tak wa\u017cne jest dok\u0142adne jego przygotowanie nie tylko pod wzgl\u0119dem wymaganej dokumentacji, ale przede wszystkim ze wzgl\u0119du na wyposa\u017cenie \u015brodka transportu. Nie wszystko da si\u0119 jednak przewidzie\u0107, dlatego wa\u017cne jest zaplecze doradcze, kt\u00f3re swoim wsparciem pomo\u017ce na ka\u017cdym etapie przewozu.<\/h2>\n<\/div><\/div>\n\n\n<style>.kadence-column3735_c86a92-19 > .kt-inside-inner-col,.kadence-column3735_c86a92-19 > .kt-inside-inner-col:before{border-top-left-radius:0px;border-top-right-radius:0px;border-bottom-right-radius:0px;border-bottom-left-radius:0px;}.kadence-column3735_c86a92-19 > .kt-inside-inner-col{column-gap:var(--global-kb-gap-sm, 1rem);}.kadence-column3735_c86a92-19 > .kt-inside-inner-col{flex-direction:column;}.kadence-column3735_c86a92-19 > .kt-inside-inner-col > .aligncenter{width:100%;}.kadence-column3735_c86a92-19 > .kt-inside-inner-col:before{opacity:0.3;}.kadence-column3735_c86a92-19{position:relative;}@media all and (max-width: 1024px){.kadence-column3735_c86a92-19 > .kt-inside-inner-col{flex-direction:column;justify-content:center;}}@media all and (max-width: 767px){.kadence-column3735_c86a92-19 > .kt-inside-inner-col{flex-direction:column;justify-content:center;}}<\/style>\n<div class=\"wp-block-kadence-column kadence-column3735_c86a92-19\"><div class=\"kt-inside-inner-col\">\n<p class=\"has-theme-palette-7-background-color has-background\"><strong>Potrzebujesz pomocy w zakresie przewozu odpad\u00f3w? Skontaktuj si\u0119 z nami<br><br><a href=\"mailto:e.nadolna@ekologistyka24.pl\">e.nadolna@ekologistyka24.pl\u00a0<\/a>,\u00a0<a href=\"tel:+48881045376\">+48 881 045 376<\/a><br><br><a href=\"mailto:j.blazewicz@ekologistyka24.pl\">j.blazewicz@ekologistyka24.pl\u00a0<\/a>,\u00a0<a href=\"tel:+48500867153\">+48 500 867 153<\/a><\/strong><\/p>\n<\/div><\/div>\n\n<\/div><\/div>\n\n<style>.kb-row-layout-id3735_5139aa-a5 > .kt-row-column-wrap{align-content:start;}:where(.kb-row-layout-id3735_5139aa-a5 > .kt-row-column-wrap) > .wp-block-kadence-column{justify-content:start;}.kb-row-layout-id3735_5139aa-a5 > .kt-row-column-wrap{column-gap:var(--global-kb-gap-md, 2rem);row-gap:var(--global-kb-gap-md, 2rem);padding-top:var(--global-kb-spacing-sm, 1.5rem);padding-bottom:var(--global-kb-spacing-sm, 1.5rem);grid-template-columns:minmax(0, 1fr);}.kb-row-layout-id3735_5139aa-a5 > .kt-row-layout-overlay{opacity:0.30;}@media all and (max-width: 1024px){.kb-row-layout-id3735_5139aa-a5 > .kt-row-column-wrap{grid-template-columns:minmax(0, 1fr);}}@media all and (max-width: 767px){.kb-row-layout-id3735_5139aa-a5 > .kt-row-column-wrap{grid-template-columns:minmax(0, 1fr);}}<\/style><div class=\"kb-row-layout-wrap kb-row-layout-id3735_5139aa-a5 alignnone wp-block-kadence-rowlayout\"><div class=\"kt-row-column-wrap kt-has-1-columns kt-row-layout-equal kt-tab-layout-inherit kt-mobile-layout-row kt-row-valign-top\">\n<style>.kadence-column3735_c3e7da-70 > .kt-inside-inner-col,.kadence-column3735_c3e7da-70 > .kt-inside-inner-col:before{border-top-left-radius:0px;border-top-right-radius:0px;border-bottom-right-radius:0px;border-bottom-left-radius:0px;}.kadence-column3735_c3e7da-70 > .kt-inside-inner-col{column-gap:var(--global-kb-gap-sm, 1rem);}.kadence-column3735_c3e7da-70 > .kt-inside-inner-col{flex-direction:column;}.kadence-column3735_c3e7da-70 > .kt-inside-inner-col > .aligncenter{width:100%;}.kadence-column3735_c3e7da-70 > .kt-inside-inner-col:before{opacity:0.3;}.kadence-column3735_c3e7da-70{position:relative;}@media all and (max-width: 1024px){.kadence-column3735_c3e7da-70 > .kt-inside-inner-col{flex-direction:column;justify-content:center;}}@media all and (max-width: 767px){.kadence-column3735_c3e7da-70 > .kt-inside-inner-col{flex-direction:column;justify-content:center;}}<\/style>\n<div class=\"wp-block-kadence-column kadence-column3735_c3e7da-70\"><div class=\"kt-inside-inner-col\"><style>.wp-block-kadence-advancedheading.kt-adv-heading3735_5e1b7e-71, .wp-block-kadence-advancedheading.kt-adv-heading3735_5e1b7e-71[data-kb-block=\"kb-adv-heading3735_5e1b7e-71\"]{padding-top:0px;padding-right:0px;padding-bottom:0px;padding-left:0px;margin-bottom:0px;font-style:normal;}.wp-block-kadence-advancedheading.kt-adv-heading3735_5e1b7e-71 mark.kt-highlight, .wp-block-kadence-advancedheading.kt-adv-heading3735_5e1b7e-71[data-kb-block=\"kb-adv-heading3735_5e1b7e-71\"] mark.kt-highlight{font-style:normal;color:#f76a0c;-webkit-box-decoration-break:clone;box-decoration-break:clone;padding-top:0px;padding-right:0px;padding-bottom:0px;padding-left:0px;}.wp-block-kadence-advancedheading.kt-adv-heading3735_5e1b7e-71 img.kb-inline-image, .wp-block-kadence-advancedheading.kt-adv-heading3735_5e1b7e-71[data-kb-block=\"kb-adv-heading3735_5e1b7e-71\"] img.kb-inline-image{width:150px;vertical-align:baseline;}<\/style>\n<p class=\"kt-adv-heading3735_5e1b7e-71 wp-block-kadence-advancedheading\" data-kb-block=\"kb-adv-heading3735_5e1b7e-71\">Transport odpad\u00f3w, cho\u0107 nieodzowny w gospodarce odpadami, niesie ze sob\u0105 pewne ryzyko. Jednym z g\u0142\u00f3wnych zagro\u017ce\u0144 s\u0105 potencjalne wycieki niebezpiecznych substancji. Odpady mog\u0105 by\u0107 r\u00f3\u017cnorodne, od substancji neutralnych po toksyczne i niebezpieczne, dlatego wa\u017cne jest ich w\u0142a\u015bciwe zabezpieczenie i pakowanie, aby unikn\u0105\u0107 wyciek\u00f3w do \u015brodowiska naturalnego.<\/p>\n<\/div><\/div>\n\n<\/div><\/div>\n\n\n<p>Transport odpad\u00f3w podlega rygorystycznym regulacjom. R\u00f3\u017cni\u0105 si\u0119 one w zale\u017cno\u015bci od rodzaju odpad\u00f3w i kraju ich pochodzenia. Niezgodno\u015b\u0107 z przepisami mo\u017ce prowadzi\u0107 do konsekwencji prawnych i finansowych. Dlatego wa\u017cne jest dok\u0142adne zrozumienie i przestrzeganie obowi\u0105zuj\u0105cych przepis\u00f3w. Nieodzowne mo\u017ce si\u0119 okaza\u0107 wsparcie specjalist\u00f3w. Przeprowadz\u0105 oni przez g\u0105szcz przepis\u00f3w albo pomog\u0105 w sytuacjach, do kt\u00f3rych ju\u017c dosz\u0142o, by firma jak najmniej odczu\u0142a ich skutki. Najlepszym wyborem w kwestii doradztwa b\u0119dzie Ekologistyka24, kt\u00f3ra z powodzeniem \u015bwiadczy swoje us\u0142ugi ju\u017c blisko dekad\u0119.<\/p>\n","protected":false},"excerpt":{"rendered":"<p>According to Eurostat, European Union countries generated more than 2.5 billion tonnes of municipal waste in 2020. This is a significant amount of material to process. Not only must they be properly segregated and processed to recover valuable raw materials from them. Undoubtedly, transporting them is also important and often involves a great deal of risk. This is why it is so important to prepare it carefully not...<\/p>","protected":false},"author":1,"featured_media":3281,"parent":0,"menu_order":0,"comment_status":"closed","ping_status":"closed","template":"","meta":{"_acf_changed":false,"_kad_blocks_custom_css":"","_kad_blocks_head_custom_js":"","_kad_blocks_body_custom_js":"","_kad_blocks_footer_custom_js":"","_kad_post_transparent":"default","_kad_post_title":"default","_kad_post_layout":"normal","_kad_post_sidebar_id":"sidebar-primary","_kad_post_content_style":"unboxed","_kad_post_vertical_padding":"","_kad_post_feature":"hide","_kad_post_feature_position":"","_kad_post_header":false,"_kad_post_footer":false,"_kad_post_classname":"","footnotes":""},"class_list":["post-3735","page","type-page","status-publish","has-post-thumbnail","hentry"],"acf":[],"yoast_head":"<!-- This site is optimized with the Yoast SEO plugin v27.5 - https:\/\/yoast.com\/product\/yoast-seo-wordpress\/ -->\n<title>Dora\u017ane wsparcie w nag\u0142ych przypadkach - EKOlogistyka24 - przew\u00f3z odpad\u00f3w i pozwolenia na transport<\/title>\n<meta name=\"description\" content=\"Zle\u0107 nam transgraniczny transport odpad\u00f3w. Nasze do\u015bwiadczenie gwarantuje sprawn\u0105 i rzeteln\u0105 us\u0142ug\u0119. Skontaktuj si\u0119 z nami\" \/>\n<meta name=\"robots\" content=\"index, follow, max-snippet:-1, max-image-preview:large, max-video-preview:-1\" \/>\n<link rel=\"canonical\" href=\"https:\/\/ekologistyka24.pl\/en\/emergency-support\/\" \/>\n<meta property=\"og:locale\" content=\"en_GB\" \/>\n<meta property=\"og:type\" content=\"article\" \/>\n<meta property=\"og:title\" content=\"Dora\u017ane wsparcie w nag\u0142ych przypadkach - EKOlogistyka24 - przew\u00f3z odpad\u00f3w i pozwolenia na transport\" \/>\n<meta property=\"og:description\" content=\"Zle\u0107 nam transgraniczny transport odpad\u00f3w. Nasze do\u015bwiadczenie gwarantuje sprawn\u0105 i rzeteln\u0105 us\u0142ug\u0119. Skontaktuj si\u0119 z nami\" \/>\n<meta property=\"og:url\" content=\"https:\/\/ekologistyka24.pl\/en\/emergency-support\/\" \/>\n<meta property=\"og:site_name\" content=\"EKOlogistyka24 - przew\u00f3z odpad\u00f3w i pozwolenia na transport\" \/>\n<meta property=\"article:publisher\" content=\"https:\/\/www.facebook.com\/profile.php?id=100058909846099\" \/>\n<meta property=\"article:modified_time\" content=\"2023-12-05T11:07:02+00:00\" \/>\n<meta property=\"og:image\" content=\"https:\/\/ekologistyka24.pl\/wp-content\/uploads\/2023\/09\/image.jpg\" \/>\n\t<meta property=\"og:image:width\" content=\"1438\" \/>\n\t<meta property=\"og:image:height\" content=\"638\" \/>\n\t<meta property=\"og:image:type\" content=\"image\/jpeg\" \/>\n<meta name=\"twitter:card\" content=\"summary_large_image\" \/>\n<meta name=\"twitter:label1\" content=\"Estimated reading time\" \/>\n\t<meta name=\"twitter:data1\" content=\"2 minutes\" \/>\n<script type=\"application\/ld+json\" class=\"yoast-schema-graph\">{\"@context\":\"https:\\\/\\\/schema.org\",\"@graph\":[{\"@type\":\"WebPage\",\"@id\":\"https:\\\/\\\/ekologistyka24.pl\\\/dorazne-wsparcie-w-naglych-przypadkach\\\/\",\"url\":\"https:\\\/\\\/ekologistyka24.pl\\\/dorazne-wsparcie-w-naglych-przypadkach\\\/\",\"name\":\"Dora\u017ane wsparcie w nag\u0142ych przypadkach - EKOlogistyka24 - przew\u00f3z odpad\u00f3w i pozwolenia na transport\",\"isPartOf\":{\"@id\":\"https:\\\/\\\/ekologistyka24.pl\\\/#website\"},\"primaryImageOfPage\":{\"@id\":\"https:\\\/\\\/ekologistyka24.pl\\\/dorazne-wsparcie-w-naglych-przypadkach\\\/#primaryimage\"},\"image\":{\"@id\":\"https:\\\/\\\/ekologistyka24.pl\\\/dorazne-wsparcie-w-naglych-przypadkach\\\/#primaryimage\"},\"thumbnailUrl\":\"https:\\\/\\\/ekologistyka24.pl\\\/wp-content\\\/uploads\\\/2023\\\/09\\\/image.jpg\",\"datePublished\":\"2023-10-11T12:29:23+00:00\",\"dateModified\":\"2023-12-05T11:07:02+00:00\",\"description\":\"Zle\u0107 nam transgraniczny transport odpad\u00f3w. Nasze do\u015bwiadczenie gwarantuje sprawn\u0105 i rzeteln\u0105 us\u0142ug\u0119. Skontaktuj si\u0119 z nami\",\"inLanguage\":\"en-GB\",\"potentialAction\":[{\"@type\":\"ReadAction\",\"target\":[\"https:\\\/\\\/ekologistyka24.pl\\\/dorazne-wsparcie-w-naglych-przypadkach\\\/\"]}]},{\"@type\":\"ImageObject\",\"inLanguage\":\"en-GB\",\"@id\":\"https:\\\/\\\/ekologistyka24.pl\\\/dorazne-wsparcie-w-naglych-przypadkach\\\/#primaryimage\",\"url\":\"https:\\\/\\\/ekologistyka24.pl\\\/wp-content\\\/uploads\\\/2023\\\/09\\\/image.jpg\",\"contentUrl\":\"https:\\\/\\\/ekologistyka24.pl\\\/wp-content\\\/uploads\\\/2023\\\/09\\\/image.jpg\",\"width\":1438,\"height\":638,\"caption\":\"Wpis do rejestru BDO\"},{\"@type\":\"WebSite\",\"@id\":\"https:\\\/\\\/ekologistyka24.pl\\\/#website\",\"url\":\"https:\\\/\\\/ekologistyka24.pl\\\/\",\"name\":\"EKOlogistyka24 - przew\u00f3z odpad\u00f3w i pozwolenia na transport\",\"description\":\"\",\"publisher\":{\"@id\":\"https:\\\/\\\/ekologistyka24.pl\\\/#organization\"},\"potentialAction\":[{\"@type\":\"SearchAction\",\"target\":{\"@type\":\"EntryPoint\",\"urlTemplate\":\"https:\\\/\\\/ekologistyka24.pl\\\/?s={search_term_string}\"},\"query-input\":{\"@type\":\"PropertyValueSpecification\",\"valueRequired\":true,\"valueName\":\"search_term_string\"}}],\"inLanguage\":\"en-GB\"},{\"@type\":\"Organization\",\"@id\":\"https:\\\/\\\/ekologistyka24.pl\\\/#organization\",\"name\":\"EKOlogistyka24 - przew\u00f3z odpad\u00f3w i pozwolenia na transport\",\"url\":\"https:\\\/\\\/ekologistyka24.pl\\\/\",\"logo\":{\"@type\":\"ImageObject\",\"inLanguage\":\"en-GB\",\"@id\":\"https:\\\/\\\/ekologistyka24.pl\\\/#\\\/schema\\\/logo\\\/image\\\/\",\"url\":\"https:\\\/\\\/ekologistyka24.pl\\\/wp-content\\\/uploads\\\/2023\\\/08\\\/logo.png\",\"contentUrl\":\"https:\\\/\\\/ekologistyka24.pl\\\/wp-content\\\/uploads\\\/2023\\\/08\\\/logo.png\",\"width\":220,\"height\":90,\"caption\":\"EKOlogistyka24 - przew\u00f3z odpad\u00f3w i pozwolenia na transport\"},\"image\":{\"@id\":\"https:\\\/\\\/ekologistyka24.pl\\\/#\\\/schema\\\/logo\\\/image\\\/\"},\"sameAs\":[\"https:\\\/\\\/www.facebook.com\\\/profile.php?id=100058909846099\"]}]}<\/script>\n<!-- \/ Yoast SEO plugin. -->","yoast_head_json":{"title":"Emergency support in emergencies - EKOlogistics24 - Waste transport and transport permits","description":"Outsource your cross-border waste transport to us. Our experience guarantees an efficient and reliable service. Get in touch with us","robots":{"index":"index","follow":"follow","max-snippet":"max-snippet:-1","max-image-preview":"max-image-preview:large","max-video-preview":"max-video-preview:-1"},"canonical":"https:\/\/ekologistyka24.pl\/en\/emergency-support\/","og_locale":"en_GB","og_type":"article","og_title":"Dora\u017ane wsparcie w nag\u0142ych przypadkach - EKOlogistyka24 - przew\u00f3z odpad\u00f3w i pozwolenia na transport","og_description":"Zle\u0107 nam transgraniczny transport odpad\u00f3w. Nasze do\u015bwiadczenie gwarantuje sprawn\u0105 i rzeteln\u0105 us\u0142ug\u0119. Skontaktuj si\u0119 z nami","og_url":"https:\/\/ekologistyka24.pl\/en\/emergency-support\/","og_site_name":"EKOlogistyka24 - przew\u00f3z odpad\u00f3w i pozwolenia na transport","article_publisher":"https:\/\/www.facebook.com\/profile.php?id=100058909846099","article_modified_time":"2023-12-05T11:07:02+00:00","og_image":[{"width":1438,"height":638,"url":"https:\/\/ekologistyka24.pl\/wp-content\/uploads\/2023\/09\/image.jpg","type":"image\/jpeg"}],"twitter_card":"summary_large_image","twitter_misc":{"Estimated reading time":"2 minutes"},"schema":{"@context":"https:\/\/schema.org","@graph":[{"@type":"WebPage","@id":"https:\/\/ekologistyka24.pl\/dorazne-wsparcie-w-naglych-przypadkach\/","url":"https:\/\/ekologistyka24.pl\/dorazne-wsparcie-w-naglych-przypadkach\/","name":"Emergency support in emergencies - EKOlogistics24 - Waste transport and transport permits","isPartOf":{"@id":"https:\/\/ekologistyka24.pl\/#website"},"primaryImageOfPage":{"@id":"https:\/\/ekologistyka24.pl\/dorazne-wsparcie-w-naglych-przypadkach\/#primaryimage"},"image":{"@id":"https:\/\/ekologistyka24.pl\/dorazne-wsparcie-w-naglych-przypadkach\/#primaryimage"},"thumbnailUrl":"https:\/\/ekologistyka24.pl\/wp-content\/uploads\/2023\/09\/image.jpg","datePublished":"2023-10-11T12:29:23+00:00","dateModified":"2023-12-05T11:07:02+00:00","description":"Outsource your cross-border waste transport to us. Our experience guarantees an efficient and reliable service. Get in touch with us","inLanguage":"en-GB","potentialAction":[{"@type":"ReadAction","target":["https:\/\/ekologistyka24.pl\/dorazne-wsparcie-w-naglych-przypadkach\/"]}]},{"@type":"ImageObject","inLanguage":"en-GB","@id":"https:\/\/ekologistyka24.pl\/dorazne-wsparcie-w-naglych-przypadkach\/#primaryimage","url":"https:\/\/ekologistyka24.pl\/wp-content\/uploads\/2023\/09\/image.jpg","contentUrl":"https:\/\/ekologistyka24.pl\/wp-content\/uploads\/2023\/09\/image.jpg","width":1438,"height":638,"caption":"Wpis do rejestru BDO"},{"@type":"WebSite","@id":"https:\/\/ekologistyka24.pl\/#website","url":"https:\/\/ekologistyka24.pl\/","name":"EKOlogistics24 - waste transport and transport permits","description":"","publisher":{"@id":"https:\/\/ekologistyka24.pl\/#organization"},"potentialAction":[{"@type":"SearchAction","target":{"@type":"EntryPoint","urlTemplate":"https:\/\/ekologistyka24.pl\/?s={search_term_string}"},"query-input":{"@type":"PropertyValueSpecification","valueRequired":true,"valueName":"search_term_string"}}],"inLanguage":"en-GB"},{"@type":"Organization","@id":"https:\/\/ekologistyka24.pl\/#organization","name":"EKOlogistics24 - waste transport and transport permits","url":"https:\/\/ekologistyka24.pl\/","logo":{"@type":"ImageObject","inLanguage":"en-GB","@id":"https:\/\/ekologistyka24.pl\/#\/schema\/logo\/image\/","url":"https:\/\/ekologistyka24.pl\/wp-content\/uploads\/2023\/08\/logo.png","contentUrl":"https:\/\/ekologistyka24.pl\/wp-content\/uploads\/2023\/08\/logo.png","width":220,"height":90,"caption":"EKOlogistyka24 - przew\u00f3z odpad\u00f3w i pozwolenia na transport"},"image":{"@id":"https:\/\/ekologistyka24.pl\/#\/schema\/logo\/image\/"},"sameAs":["https:\/\/www.facebook.com\/profile.php?id=100058909846099"]}]}},"taxonomy_info":[],"featured_image_src_large":["https:\/\/ekologistyka24.pl\/wp-content\/uploads\/2023\/09\/image-1024x454.jpg",1024,454,true],"author_info":{"display_name":"Admin","author_link":"https:\/\/ekologistyka24.pl\/en\/author\/3xyotbf8kl6qprapd1pj3woyxeb2pu\/"},"comment_info":0,"_links":{"self":[{"href":"https:\/\/ekologistyka24.pl\/en\/wp-json\/wp\/v2\/pages\/3735","targetHints":{"allow":["GET"]}}],"collection":[{"href":"https:\/\/ekologistyka24.pl\/en\/wp-json\/wp\/v2\/pages"}],"about":[{"href":"https:\/\/ekologistyka24.pl\/en\/wp-json\/wp\/v2\/types\/page"}],"author":[{"embeddable":true,"href":"https:\/\/ekologistyka24.pl\/en\/wp-json\/wp\/v2\/users\/1"}],"replies":[{"embeddable":true,"href":"https:\/\/ekologistyka24.pl\/en\/wp-json\/wp\/v2\/comments?post=3735"}],"version-history":[{"count":3,"href":"https:\/\/ekologistyka24.pl\/en\/wp-json\/wp\/v2\/pages\/3735\/revisions"}],"predecessor-version":[{"id":4972,"href":"https:\/\/ekologistyka24.pl\/en\/wp-json\/wp\/v2\/pages\/3735\/revisions\/4972"}],"wp:featuredmedia":[{"embeddable":true,"href":"https:\/\/ekologistyka24.pl\/en\/wp-json\/wp\/v2\/media\/3281"}],"wp:attachment":[{"href":"https:\/\/ekologistyka24.pl\/en\/wp-json\/wp\/v2\/media?parent=3735"}],"curies":[{"name":"wp","href":"https:\/\/api.w.org\/{rel}","templated":true}]}}