{"id":3750,"date":"2023-10-11T15:04:38","date_gmt":"2023-10-11T13:04:38","guid":{"rendered":"https:\/\/ekologistyka24.pl\/?page_id=3750"},"modified":"2023-12-22T12:39:57","modified_gmt":"2023-12-22T11:39:57","slug":"comprehensive-service-for-companies-in-contact-with-authorities-in-europe","status":"publish","type":"page","link":"https:\/\/ekologistyka24.pl\/en\/kompleksowa-obsluga-firm-w-kontakcie-z-urzedami-w-europie\/","title":{"rendered":"Comprehensive service for companies in contact with offices in Europe"},"content":{"rendered":"<style>.kb-row-layout-id3750_d73df0-f5 > .kt-row-column-wrap{align-content:start;}:where(.kb-row-layout-id3750_d73df0-f5 > .kt-row-column-wrap) > .wp-block-kadence-column{justify-content:start;}.kb-row-layout-id3750_d73df0-f5 > .kt-row-column-wrap{column-gap:var(--global-kb-gap-md, 2rem);row-gap:var(--global-kb-gap-md, 2rem);padding-top:var(--global-kb-spacing-sm, 1.5rem);padding-bottom:var(--global-kb-spacing-sm, 1.5rem);grid-template-columns:minmax(0, 1fr);}.kb-row-layout-id3750_d73df0-f5 > .kt-row-layout-overlay{opacity:0.30;}@media all and (max-width: 1024px){.kb-row-layout-id3750_d73df0-f5 > .kt-row-column-wrap{grid-template-columns:minmax(0, 1fr);}}@media all and (max-width: 767px){.kb-row-layout-id3750_d73df0-f5 > .kt-row-column-wrap{grid-template-columns:minmax(0, 1fr);}}<\/style><div class=\"kb-row-layout-wrap kb-row-layout-id3750_d73df0-f5 alignnone wp-block-kadence-rowlayout\"><div class=\"kt-row-column-wrap kt-has-1-columns kt-row-layout-equal kt-tab-layout-inherit kt-mobile-layout-row kt-row-valign-top\">\n<style>.kadence-column3750_b4682e-23 > .kt-inside-inner-col,.kadence-column3750_b4682e-23 > .kt-inside-inner-col:before{border-top-left-radius:0px;border-top-right-radius:0px;border-bottom-right-radius:0px;border-bottom-left-radius:0px;}.kadence-column3750_b4682e-23 > .kt-inside-inner-col{column-gap:var(--global-kb-gap-sm, 1rem);}.kadence-column3750_b4682e-23 > .kt-inside-inner-col{flex-direction:column;}.kadence-column3750_b4682e-23 > .kt-inside-inner-col > .aligncenter{width:100%;}.kadence-column3750_b4682e-23 > .kt-inside-inner-col:before{opacity:0.3;}.kadence-column3750_b4682e-23{position:relative;}@media all and (max-width: 1024px){.kadence-column3750_b4682e-23 > .kt-inside-inner-col{flex-direction:column;justify-content:center;}}@media all and (max-width: 767px){.kadence-column3750_b4682e-23 > .kt-inside-inner-col{flex-direction:column;justify-content:center;}}<\/style>\n<div class=\"wp-block-kadence-column kadence-column3750_b4682e-23\"><div class=\"kt-inside-inner-col\"><style>.kb-image3750_7c8419-1c .kb-image-has-overlay:after{opacity:0.3;}<\/style>\n<figure class=\"wp-block-kadence-image kb-image3750_7c8419-1c\"><img loading=\"lazy\" decoding=\"async\" width=\"1906\" height=\"560\" src=\"https:\/\/ekologistyka24.pl\/wp-content\/uploads\/2023\/10\/pexels-tima-miroshnichenko-5453824.webp\" alt=\"Kompleksowa obs\u0142uga firm w kontakcie z urz\u0119dami w Europie\" class=\"kb-img wp-image-3829\" srcset=\"https:\/\/ekologistyka24.pl\/wp-content\/uploads\/2023\/10\/pexels-tima-miroshnichenko-5453824.webp 1906w, https:\/\/ekologistyka24.pl\/wp-content\/uploads\/2023\/10\/pexels-tima-miroshnichenko-5453824-300x88.webp 300w, https:\/\/ekologistyka24.pl\/wp-content\/uploads\/2023\/10\/pexels-tima-miroshnichenko-5453824-1024x301.webp 1024w, https:\/\/ekologistyka24.pl\/wp-content\/uploads\/2023\/10\/pexels-tima-miroshnichenko-5453824-768x226.webp 768w, https:\/\/ekologistyka24.pl\/wp-content\/uploads\/2023\/10\/pexels-tima-miroshnichenko-5453824-1536x451.webp 1536w\" sizes=\"auto, (max-width: 1906px) 100vw, 1906px\" \/><\/figure>\n<\/div><\/div>\n\n<\/div><\/div>\n\n<style>.kb-row-layout-id3750_f2d6b8-4f > .kt-row-column-wrap{align-content:start;}:where(.kb-row-layout-id3750_f2d6b8-4f > .kt-row-column-wrap) > .wp-block-kadence-column{justify-content:start;}.kb-row-layout-id3750_f2d6b8-4f > .kt-row-column-wrap{column-gap:var(--global-kb-gap-md, 2rem);row-gap:var(--global-kb-gap-md, 2rem);padding-top:var(--global-kb-spacing-sm, 1.5rem);padding-bottom:var(--global-kb-spacing-sm, 1.5rem);grid-template-columns:minmax(0, 1fr);}.kb-row-layout-id3750_f2d6b8-4f > .kt-row-layout-overlay{opacity:0.30;}@media all and (max-width: 1024px){.kb-row-layout-id3750_f2d6b8-4f > .kt-row-column-wrap{grid-template-columns:minmax(0, 1fr);}}@media all and (max-width: 767px){.kb-row-layout-id3750_f2d6b8-4f > .kt-row-column-wrap{grid-template-columns:minmax(0, 1fr);}}<\/style><div class=\"kb-row-layout-wrap kb-row-layout-id3750_f2d6b8-4f alignnone wp-block-kadence-rowlayout\"><div class=\"kt-row-column-wrap kt-has-1-columns kt-row-layout-equal kt-tab-layout-inherit kt-mobile-layout-row kt-row-valign-top\">\n<style>.kadence-column3750_2d7c0b-61 > .kt-inside-inner-col,.kadence-column3750_2d7c0b-61 > .kt-inside-inner-col:before{border-top-left-radius:0px;border-top-right-radius:0px;border-bottom-right-radius:0px;border-bottom-left-radius:0px;}.kadence-column3750_2d7c0b-61 > .kt-inside-inner-col{column-gap:var(--global-kb-gap-sm, 1rem);}.kadence-column3750_2d7c0b-61 > .kt-inside-inner-col{flex-direction:column;}.kadence-column3750_2d7c0b-61 > .kt-inside-inner-col > .aligncenter{width:100%;}.kadence-column3750_2d7c0b-61 > .kt-inside-inner-col:before{opacity:0.3;}.kadence-column3750_2d7c0b-61{position:relative;}@media all and (max-width: 1024px){.kadence-column3750_2d7c0b-61 > .kt-inside-inner-col{flex-direction:column;justify-content:center;}}@media all and (max-width: 767px){.kadence-column3750_2d7c0b-61 > .kt-inside-inner-col{flex-direction:column;justify-content:center;}}<\/style>\n<div class=\"wp-block-kadence-column kadence-column3750_2d7c0b-61\"><div class=\"kt-inside-inner-col\">\n<h2 class=\"wp-block-heading\" style=\"font-size:25px\"><strong>\u015awiadomo\u015b\u0107 ekologiczna ro\u015bnie, a przepisy dotycz\u0105ce gospodarki odpadami staj\u0105 si\u0119 coraz bardziej rygorystyczne. Firma, kt\u00f3ra zajmuje si\u0119 transportem odpad\u00f3w musi dzia\u0142a\u0107 zgodnie z przepisami. Powinna r\u00f3wnie\u017c skutecznie komunikowa\u0107 si\u0119 z urz\u0119dami, zar\u00f3wno w kraju, jak i za granic\u0105. To jednak cz\u0119sto wymaga znacznych nak\u0142ad\u00f3w czasu i wysi\u0142ku. W takim przypadku Ekologistyka24, ekspert ds. transportu odpad\u00f3w, jest Twoim nieocenionym partnerem.<\/strong><\/h2>\n<\/div><\/div>\n\n\n<style>.kadence-column3750_9d3213-36 > .kt-inside-inner-col,.kadence-column3750_9d3213-36 > .kt-inside-inner-col:before{border-top-left-radius:0px;border-top-right-radius:0px;border-bottom-right-radius:0px;border-bottom-left-radius:0px;}.kadence-column3750_9d3213-36 > .kt-inside-inner-col{column-gap:var(--global-kb-gap-sm, 1rem);}.kadence-column3750_9d3213-36 > .kt-inside-inner-col{flex-direction:column;}.kadence-column3750_9d3213-36 > .kt-inside-inner-col > .aligncenter{width:100%;}.kadence-column3750_9d3213-36 > .kt-inside-inner-col:before{opacity:0.3;}.kadence-column3750_9d3213-36{position:relative;}@media all and (max-width: 1024px){.kadence-column3750_9d3213-36 > .kt-inside-inner-col{flex-direction:column;justify-content:center;}}@media all and (max-width: 767px){.kadence-column3750_9d3213-36 > .kt-inside-inner-col{flex-direction:column;justify-content:center;}}<\/style>\n<div class=\"wp-block-kadence-column kadence-column3750_9d3213-36\"><div class=\"kt-inside-inner-col\">\n<p class=\"has-theme-palette-7-background-color has-background\"><strong>Masz problem z urz\u0119dem? Potrzebujesz pomocy? Skontaktuj si\u0119 z nami<br><br><a href=\"mailto:e.nadolna@ekologistyka24.pl\">e.nadolna@ekologistyka24.pl&nbsp;<\/a>,&nbsp;<a href=\"tel:+48881045376\">+48 881 045 376<\/a><br><br><a href=\"mailto:j.blazewicz@ekologistyka24.pl\">j.blazewicz@ekologistyka24.pl&nbsp;<\/a>,&nbsp;<a href=\"tel:+48500867153\">+48 500 867 153<\/a><\/strong><\/p>\n<\/div><\/div>\n\n<\/div><\/div>\n\n<style>.kb-row-layout-id3750_d00582-af > .kt-row-column-wrap{align-content:start;}:where(.kb-row-layout-id3750_d00582-af > .kt-row-column-wrap) > .wp-block-kadence-column{justify-content:start;}.kb-row-layout-id3750_d00582-af > .kt-row-column-wrap{column-gap:var(--global-kb-gap-md, 2rem);row-gap:var(--global-kb-gap-md, 2rem);padding-top:var(--global-kb-spacing-sm, 1.5rem);padding-bottom:var(--global-kb-spacing-sm, 1.5rem);grid-template-columns:minmax(0, 1fr);}.kb-row-layout-id3750_d00582-af > .kt-row-layout-overlay{opacity:0.30;}@media all and (max-width: 1024px){.kb-row-layout-id3750_d00582-af > .kt-row-column-wrap{grid-template-columns:minmax(0, 1fr);}}@media all and (max-width: 767px){.kb-row-layout-id3750_d00582-af > .kt-row-column-wrap{grid-template-columns:minmax(0, 1fr);}}<\/style><div class=\"kb-row-layout-wrap kb-row-layout-id3750_d00582-af alignnone wp-block-kadence-rowlayout\"><div class=\"kt-row-column-wrap kt-has-1-columns kt-row-layout-equal kt-tab-layout-inherit kt-mobile-layout-row kt-row-valign-top\">\n<style>.kadence-column3750_a61bdd-c0 > .kt-inside-inner-col,.kadence-column3750_a61bdd-c0 > .kt-inside-inner-col:before{border-top-left-radius:0px;border-top-right-radius:0px;border-bottom-right-radius:0px;border-bottom-left-radius:0px;}.kadence-column3750_a61bdd-c0 > .kt-inside-inner-col{column-gap:var(--global-kb-gap-sm, 1rem);}.kadence-column3750_a61bdd-c0 > .kt-inside-inner-col{flex-direction:column;}.kadence-column3750_a61bdd-c0 > .kt-inside-inner-col > .aligncenter{width:100%;}.kadence-column3750_a61bdd-c0 > .kt-inside-inner-col:before{opacity:0.3;}.kadence-column3750_a61bdd-c0{position:relative;}@media all and (max-width: 1024px){.kadence-column3750_a61bdd-c0 > .kt-inside-inner-col{flex-direction:column;justify-content:center;}}@media all and (max-width: 767px){.kadence-column3750_a61bdd-c0 > .kt-inside-inner-col{flex-direction:column;justify-content:center;}}<\/style>\n<div class=\"wp-block-kadence-column kadence-column3750_a61bdd-c0\"><div class=\"kt-inside-inner-col\">\n<p>Skomplikowana natura zarz\u0105dzania transportem odpad\u00f3w stawia przed firmami wiele wyzwa\u0144. Obejmuje to przestrzeganie \u015bcis\u0142ych przepis\u00f3w, unikanie bariery j\u0119zykowej oraz efektywne poruszanie si\u0119 przez zawi\u0142o\u015bci biurokracji. To wszystko mo\u017ce by\u0107 znacznie prostsze, maj\u0105c po swojej stronie ekspert\u00f3w od transportu odpad\u00f3w.<\/p>\n<\/div><\/div>\n\n<\/div><\/div>\n\n<style>.kb-row-layout-id3750_93117f-61 > .kt-row-column-wrap{align-content:start;}:where(.kb-row-layout-id3750_93117f-61 > .kt-row-column-wrap) > .wp-block-kadence-column{justify-content:start;}.kb-row-layout-id3750_93117f-61 > .kt-row-column-wrap{column-gap:var(--global-kb-gap-md, 2rem);row-gap:var(--global-kb-gap-md, 2rem);padding-top:var(--global-kb-spacing-sm, 1.5rem);padding-bottom:var(--global-kb-spacing-sm, 1.5rem);grid-template-columns:minmax(0, 1fr);}.kb-row-layout-id3750_93117f-61 > .kt-row-layout-overlay{opacity:0.30;}@media all and (max-width: 1024px){.kb-row-layout-id3750_93117f-61 > .kt-row-column-wrap{grid-template-columns:minmax(0, 1fr);}}@media all and (max-width: 767px){.kb-row-layout-id3750_93117f-61 > .kt-row-column-wrap{grid-template-columns:minmax(0, 1fr);}}<\/style><div class=\"kb-row-layout-wrap kb-row-layout-id3750_93117f-61 alignnone wp-block-kadence-rowlayout\"><div class=\"kt-row-column-wrap kt-has-1-columns kt-row-layout-equal kt-tab-layout-inherit kt-mobile-layout-row kt-row-valign-top\">\n<style>.kadence-column3750_ad0e1b-15 > .kt-inside-inner-col,.kadence-column3750_ad0e1b-15 > .kt-inside-inner-col:before{border-top-left-radius:0px;border-top-right-radius:0px;border-bottom-right-radius:0px;border-bottom-left-radius:0px;}.kadence-column3750_ad0e1b-15 > .kt-inside-inner-col{column-gap:var(--global-kb-gap-sm, 1rem);}.kadence-column3750_ad0e1b-15 > .kt-inside-inner-col{flex-direction:column;}.kadence-column3750_ad0e1b-15 > .kt-inside-inner-col > .aligncenter{width:100%;}.kadence-column3750_ad0e1b-15 > .kt-inside-inner-col:before{opacity:0.3;}.kadence-column3750_ad0e1b-15{position:relative;}@media all and (max-width: 1024px){.kadence-column3750_ad0e1b-15 > .kt-inside-inner-col{flex-direction:column;justify-content:center;}}@media all and (max-width: 767px){.kadence-column3750_ad0e1b-15 > .kt-inside-inner-col{flex-direction:column;justify-content:center;}}<\/style>\n<div class=\"wp-block-kadence-column kadence-column3750_ad0e1b-15\"><div class=\"kt-inside-inner-col\"><style>.wp-block-kadence-advancedheading.kt-adv-heading3750_8906e2-35, .wp-block-kadence-advancedheading.kt-adv-heading3750_8906e2-35[data-kb-block=\"kb-adv-heading3750_8906e2-35\"]{margin-bottom:var(--global-kb-spacing-sm, 1.5rem);font-size:var(--global-kb-font-size-md, 1.25rem);font-style:normal;}.wp-block-kadence-advancedheading.kt-adv-heading3750_8906e2-35 mark.kt-highlight, .wp-block-kadence-advancedheading.kt-adv-heading3750_8906e2-35[data-kb-block=\"kb-adv-heading3750_8906e2-35\"] mark.kt-highlight{font-style:normal;color:#f76a0c;-webkit-box-decoration-break:clone;box-decoration-break:clone;padding-top:0px;padding-right:0px;padding-bottom:0px;padding-left:0px;}.wp-block-kadence-advancedheading.kt-adv-heading3750_8906e2-35 img.kb-inline-image, .wp-block-kadence-advancedheading.kt-adv-heading3750_8906e2-35[data-kb-block=\"kb-adv-heading3750_8906e2-35\"] img.kb-inline-image{width:150px;vertical-align:baseline;}<\/style>\n<h2 class=\"kt-adv-heading3750_8906e2-35 wp-block-kadence-advancedheading\" data-kb-block=\"kb-adv-heading3750_8906e2-35\">Rozwi\u0105zywanie problem\u00f3w &#8211; w Polsce i za granic\u0105<\/h2>\n\n\n\n<p>Specjalizujemy si\u0119 w krajowych i mi\u0119dzynarodowych regulacjach dotycz\u0105cych transportu odpad\u00f3w.<\/p>\n\n\n\n<p>Nasi eksperci dzia\u0142aj\u0105 w Twoim imieniu. Nawi\u0105zuj\u0105 kontakt z odpowiednimi urz\u0119dami, wyja\u015bniaj\u0105 sytuacje, dokumenty i decyzje, kt\u00f3re mog\u0105 budzi\u0107 Twoje obawy. Wszelkie formalno\u015bci s\u0105 za\u0142atwiamy zgodnie z przepisami, a \u017cadne pytanie nie pozostaje bez odpowiedzi. Dzi\u0119ki temu zminimalizujesz ryzyko dzia\u0142a\u0144 nielegalnych i komplikacji.<\/p>\n\n\n\n<p>Dbamy r\u00f3wnie\u017c o to, aby Twoje dzia\u0142ania zwi\u0105zane z transportem odpad\u00f3w by\u0142y efektywne i zgodne z najnowszymi trendami ekologicznymi. Niezale\u017cnie od tego, czy napotykasz trudno\u015bci w kraju czy za granic\u0105, pomo\u017cemy Ci w rozwi\u0105zaniu problem\u00f3w. Mo\u017cesz nam zaufa\u0107 jako swojemu partnerowi w dziedzinie ekologistyki i zminimalizowa\u0107 ryzyko oraz k\u0142opoty zwi\u0105zane z zarz\u0105dzaniem odpadami.<\/p>\n<\/div><\/div>\n\n<\/div><\/div>","protected":false},"excerpt":{"rendered":"<p>Environmental awareness is growing and waste management regulations are becoming more stringent. A company that transports waste must operate in compliance with the regulations. It should also communicate effectively with authorities, both at home and abroad. This, however, often requires considerable time and effort. In this case, Ecologistics24, the waste transport expert,...<\/p>","protected":false},"author":1,"featured_media":3829,"parent":0,"menu_order":0,"comment_status":"closed","ping_status":"closed","template":"","meta":{"_acf_changed":false,"_kad_blocks_custom_css":"","_kad_blocks_head_custom_js":"","_kad_blocks_body_custom_js":"","_kad_blocks_footer_custom_js":"","_kad_post_transparent":"default","_kad_post_title":"default","_kad_post_layout":"normal","_kad_post_sidebar_id":"sidebar-primary","_kad_post_content_style":"unboxed","_kad_post_vertical_padding":"","_kad_post_feature":"hide","_kad_post_feature_position":"","_kad_post_header":false,"_kad_post_footer":false,"_kad_post_classname":"","footnotes":""},"class_list":["post-3750","page","type-page","status-publish","has-post-thumbnail","hentry"],"acf":[],"yoast_head":"<!-- This site is optimized with the Yoast SEO plugin v27.5 - https:\/\/yoast.com\/product\/yoast-seo-wordpress\/ -->\n<title>Kompleksowa obs\u0142uga firm w kontakcie z urz\u0119dami w Europie - EKOlogistyka24 - przew\u00f3z odpad\u00f3w i pozwolenia na transport<\/title>\n<meta name=\"description\" content=\"Specjalizujemy si\u0119 w krajowych i mi\u0119dzynarodowych regulacjach dotycz\u0105cych transportu odpad\u00f3w. Nasi eksperci dzia\u0142aj\u0105 w Twoim imieniu. Rozwi\u0105zujemy problemy w Polsce i za granic\u0105.\" \/>\n<meta name=\"robots\" content=\"index, follow, max-snippet:-1, max-image-preview:large, max-video-preview:-1\" \/>\n<link rel=\"canonical\" href=\"https:\/\/ekologistyka24.pl\/en\/comprehensive-service-for-companies-in-contact-with-authorities-in-europe\/\" \/>\n<meta property=\"og:locale\" content=\"en_GB\" \/>\n<meta property=\"og:type\" content=\"article\" \/>\n<meta property=\"og:title\" content=\"Kompleksowa obs\u0142uga firm w kontakcie z urz\u0119dami w Europie - EKOlogistyka24 - przew\u00f3z odpad\u00f3w i pozwolenia na transport\" \/>\n<meta property=\"og:description\" content=\"Specjalizujemy si\u0119 w krajowych i mi\u0119dzynarodowych regulacjach dotycz\u0105cych transportu odpad\u00f3w. Nasi eksperci dzia\u0142aj\u0105 w Twoim imieniu. Rozwi\u0105zujemy problemy w Polsce i za granic\u0105.\" \/>\n<meta property=\"og:url\" content=\"https:\/\/ekologistyka24.pl\/en\/comprehensive-service-for-companies-in-contact-with-authorities-in-europe\/\" \/>\n<meta property=\"og:site_name\" content=\"EKOlogistyka24 - przew\u00f3z odpad\u00f3w i pozwolenia na transport\" \/>\n<meta property=\"article:publisher\" content=\"https:\/\/www.facebook.com\/profile.php?id=100058909846099\" \/>\n<meta property=\"article:modified_time\" content=\"2023-12-22T11:39:57+00:00\" \/>\n<meta property=\"og:image\" content=\"https:\/\/ekologistyka24.pl\/wp-content\/uploads\/2023\/10\/pexels-tima-miroshnichenko-5453824.webp\" \/>\n\t<meta property=\"og:image:width\" content=\"1906\" \/>\n\t<meta property=\"og:image:height\" content=\"560\" \/>\n\t<meta property=\"og:image:type\" content=\"image\/webp\" \/>\n<meta name=\"twitter:card\" content=\"summary_large_image\" \/>\n<meta name=\"twitter:label1\" content=\"Estimated reading time\" \/>\n\t<meta name=\"twitter:data1\" content=\"2 minutes\" \/>\n<script type=\"application\/ld+json\" class=\"yoast-schema-graph\">{\"@context\":\"https:\\\/\\\/schema.org\",\"@graph\":[{\"@type\":\"WebPage\",\"@id\":\"https:\\\/\\\/ekologistyka24.pl\\\/kompleksowa-obsluga-firm-w-kontakcie-z-urzedami-w-europie\\\/\",\"url\":\"https:\\\/\\\/ekologistyka24.pl\\\/kompleksowa-obsluga-firm-w-kontakcie-z-urzedami-w-europie\\\/\",\"name\":\"Kompleksowa obs\u0142uga firm w kontakcie z urz\u0119dami w Europie - EKOlogistyka24 - przew\u00f3z odpad\u00f3w i pozwolenia na transport\",\"isPartOf\":{\"@id\":\"https:\\\/\\\/ekologistyka24.pl\\\/#website\"},\"primaryImageOfPage\":{\"@id\":\"https:\\\/\\\/ekologistyka24.pl\\\/kompleksowa-obsluga-firm-w-kontakcie-z-urzedami-w-europie\\\/#primaryimage\"},\"image\":{\"@id\":\"https:\\\/\\\/ekologistyka24.pl\\\/kompleksowa-obsluga-firm-w-kontakcie-z-urzedami-w-europie\\\/#primaryimage\"},\"thumbnailUrl\":\"https:\\\/\\\/ekologistyka24.pl\\\/wp-content\\\/uploads\\\/2023\\\/10\\\/pexels-tima-miroshnichenko-5453824.webp\",\"datePublished\":\"2023-10-11T13:04:38+00:00\",\"dateModified\":\"2023-12-22T11:39:57+00:00\",\"description\":\"Specjalizujemy si\u0119 w krajowych i mi\u0119dzynarodowych regulacjach dotycz\u0105cych transportu odpad\u00f3w. Nasi eksperci dzia\u0142aj\u0105 w Twoim imieniu. Rozwi\u0105zujemy problemy w Polsce i za granic\u0105.\",\"inLanguage\":\"en-GB\",\"potentialAction\":[{\"@type\":\"ReadAction\",\"target\":[\"https:\\\/\\\/ekologistyka24.pl\\\/kompleksowa-obsluga-firm-w-kontakcie-z-urzedami-w-europie\\\/\"]}]},{\"@type\":\"ImageObject\",\"inLanguage\":\"en-GB\",\"@id\":\"https:\\\/\\\/ekologistyka24.pl\\\/kompleksowa-obsluga-firm-w-kontakcie-z-urzedami-w-europie\\\/#primaryimage\",\"url\":\"https:\\\/\\\/ekologistyka24.pl\\\/wp-content\\\/uploads\\\/2023\\\/10\\\/pexels-tima-miroshnichenko-5453824.webp\",\"contentUrl\":\"https:\\\/\\\/ekologistyka24.pl\\\/wp-content\\\/uploads\\\/2023\\\/10\\\/pexels-tima-miroshnichenko-5453824.webp\",\"width\":1906,\"height\":560,\"caption\":\"Kompleksowa obs\u0142uga firm w kontakcie z urz\u0119dami w Europie\"},{\"@type\":\"WebSite\",\"@id\":\"https:\\\/\\\/ekologistyka24.pl\\\/#website\",\"url\":\"https:\\\/\\\/ekologistyka24.pl\\\/\",\"name\":\"EKOlogistyka24 - przew\u00f3z odpad\u00f3w i pozwolenia na transport\",\"description\":\"\",\"publisher\":{\"@id\":\"https:\\\/\\\/ekologistyka24.pl\\\/#organization\"},\"potentialAction\":[{\"@type\":\"SearchAction\",\"target\":{\"@type\":\"EntryPoint\",\"urlTemplate\":\"https:\\\/\\\/ekologistyka24.pl\\\/?s={search_term_string}\"},\"query-input\":{\"@type\":\"PropertyValueSpecification\",\"valueRequired\":true,\"valueName\":\"search_term_string\"}}],\"inLanguage\":\"en-GB\"},{\"@type\":\"Organization\",\"@id\":\"https:\\\/\\\/ekologistyka24.pl\\\/#organization\",\"name\":\"EKOlogistyka24 - przew\u00f3z odpad\u00f3w i pozwolenia na transport\",\"url\":\"https:\\\/\\\/ekologistyka24.pl\\\/\",\"logo\":{\"@type\":\"ImageObject\",\"inLanguage\":\"en-GB\",\"@id\":\"https:\\\/\\\/ekologistyka24.pl\\\/#\\\/schema\\\/logo\\\/image\\\/\",\"url\":\"https:\\\/\\\/ekologistyka24.pl\\\/wp-content\\\/uploads\\\/2023\\\/08\\\/logo.png\",\"contentUrl\":\"https:\\\/\\\/ekologistyka24.pl\\\/wp-content\\\/uploads\\\/2023\\\/08\\\/logo.png\",\"width\":220,\"height\":90,\"caption\":\"EKOlogistyka24 - przew\u00f3z odpad\u00f3w i pozwolenia na transport\"},\"image\":{\"@id\":\"https:\\\/\\\/ekologistyka24.pl\\\/#\\\/schema\\\/logo\\\/image\\\/\"},\"sameAs\":[\"https:\\\/\\\/www.facebook.com\\\/profile.php?id=100058909846099\"]}]}<\/script>\n<!-- \/ Yoast SEO plugin. -->","yoast_head_json":{"title":"Comprehensive service for companies in contact with authorities in Europe - EKOlogistyka24 - waste transport and transport permits","description":"We specialise in national and international waste transport regulations. Our experts act on your behalf. We solve problems in Poland and abroad.","robots":{"index":"index","follow":"follow","max-snippet":"max-snippet:-1","max-image-preview":"max-image-preview:large","max-video-preview":"max-video-preview:-1"},"canonical":"https:\/\/ekologistyka24.pl\/en\/comprehensive-service-for-companies-in-contact-with-authorities-in-europe\/","og_locale":"en_GB","og_type":"article","og_title":"Kompleksowa obs\u0142uga firm w kontakcie z urz\u0119dami w Europie - EKOlogistyka24 - przew\u00f3z odpad\u00f3w i pozwolenia na transport","og_description":"Specjalizujemy si\u0119 w krajowych i mi\u0119dzynarodowych regulacjach dotycz\u0105cych transportu odpad\u00f3w. Nasi eksperci dzia\u0142aj\u0105 w Twoim imieniu. Rozwi\u0105zujemy problemy w Polsce i za granic\u0105.","og_url":"https:\/\/ekologistyka24.pl\/en\/comprehensive-service-for-companies-in-contact-with-authorities-in-europe\/","og_site_name":"EKOlogistyka24 - przew\u00f3z odpad\u00f3w i pozwolenia na transport","article_publisher":"https:\/\/www.facebook.com\/profile.php?id=100058909846099","article_modified_time":"2023-12-22T11:39:57+00:00","og_image":[{"width":1906,"height":560,"url":"https:\/\/ekologistyka24.pl\/wp-content\/uploads\/2023\/10\/pexels-tima-miroshnichenko-5453824.webp","type":"image\/webp"}],"twitter_card":"summary_large_image","twitter_misc":{"Estimated reading time":"2 minutes"},"schema":{"@context":"https:\/\/schema.org","@graph":[{"@type":"WebPage","@id":"https:\/\/ekologistyka24.pl\/kompleksowa-obsluga-firm-w-kontakcie-z-urzedami-w-europie\/","url":"https:\/\/ekologistyka24.pl\/kompleksowa-obsluga-firm-w-kontakcie-z-urzedami-w-europie\/","name":"Comprehensive service for companies in contact with authorities in Europe - EKOlogistyka24 - waste transport and transport permits","isPartOf":{"@id":"https:\/\/ekologistyka24.pl\/#website"},"primaryImageOfPage":{"@id":"https:\/\/ekologistyka24.pl\/kompleksowa-obsluga-firm-w-kontakcie-z-urzedami-w-europie\/#primaryimage"},"image":{"@id":"https:\/\/ekologistyka24.pl\/kompleksowa-obsluga-firm-w-kontakcie-z-urzedami-w-europie\/#primaryimage"},"thumbnailUrl":"https:\/\/ekologistyka24.pl\/wp-content\/uploads\/2023\/10\/pexels-tima-miroshnichenko-5453824.webp","datePublished":"2023-10-11T13:04:38+00:00","dateModified":"2023-12-22T11:39:57+00:00","description":"We specialise in national and international waste transport regulations. Our experts act on your behalf. We solve problems in Poland and abroad.","inLanguage":"en-GB","potentialAction":[{"@type":"ReadAction","target":["https:\/\/ekologistyka24.pl\/kompleksowa-obsluga-firm-w-kontakcie-z-urzedami-w-europie\/"]}]},{"@type":"ImageObject","inLanguage":"en-GB","@id":"https:\/\/ekologistyka24.pl\/kompleksowa-obsluga-firm-w-kontakcie-z-urzedami-w-europie\/#primaryimage","url":"https:\/\/ekologistyka24.pl\/wp-content\/uploads\/2023\/10\/pexels-tima-miroshnichenko-5453824.webp","contentUrl":"https:\/\/ekologistyka24.pl\/wp-content\/uploads\/2023\/10\/pexels-tima-miroshnichenko-5453824.webp","width":1906,"height":560,"caption":"Kompleksowa obs\u0142uga firm w kontakcie z urz\u0119dami w Europie"},{"@type":"WebSite","@id":"https:\/\/ekologistyka24.pl\/#website","url":"https:\/\/ekologistyka24.pl\/","name":"EKOlogistics24 - waste transport and transport permits","description":"","publisher":{"@id":"https:\/\/ekologistyka24.pl\/#organization"},"potentialAction":[{"@type":"SearchAction","target":{"@type":"EntryPoint","urlTemplate":"https:\/\/ekologistyka24.pl\/?s={search_term_string}"},"query-input":{"@type":"PropertyValueSpecification","valueRequired":true,"valueName":"search_term_string"}}],"inLanguage":"en-GB"},{"@type":"Organization","@id":"https:\/\/ekologistyka24.pl\/#organization","name":"EKOlogistics24 - waste transport and transport permits","url":"https:\/\/ekologistyka24.pl\/","logo":{"@type":"ImageObject","inLanguage":"en-GB","@id":"https:\/\/ekologistyka24.pl\/#\/schema\/logo\/image\/","url":"https:\/\/ekologistyka24.pl\/wp-content\/uploads\/2023\/08\/logo.png","contentUrl":"https:\/\/ekologistyka24.pl\/wp-content\/uploads\/2023\/08\/logo.png","width":220,"height":90,"caption":"EKOlogistyka24 - przew\u00f3z odpad\u00f3w i pozwolenia na transport"},"image":{"@id":"https:\/\/ekologistyka24.pl\/#\/schema\/logo\/image\/"},"sameAs":["https:\/\/www.facebook.com\/profile.php?id=100058909846099"]}]}},"taxonomy_info":[],"featured_image_src_large":["https:\/\/ekologistyka24.pl\/wp-content\/uploads\/2023\/10\/pexels-tima-miroshnichenko-5453824-1024x301.webp",1024,301,true],"author_info":{"display_name":"Admin","author_link":"https:\/\/ekologistyka24.pl\/en\/author\/3xyotbf8kl6qprapd1pj3woyxeb2pu\/"},"comment_info":0,"_links":{"self":[{"href":"https:\/\/ekologistyka24.pl\/en\/wp-json\/wp\/v2\/pages\/3750","targetHints":{"allow":["GET"]}}],"collection":[{"href":"https:\/\/ekologistyka24.pl\/en\/wp-json\/wp\/v2\/pages"}],"about":[{"href":"https:\/\/ekologistyka24.pl\/en\/wp-json\/wp\/v2\/types\/page"}],"author":[{"embeddable":true,"href":"https:\/\/ekologistyka24.pl\/en\/wp-json\/wp\/v2\/users\/1"}],"replies":[{"embeddable":true,"href":"https:\/\/ekologistyka24.pl\/en\/wp-json\/wp\/v2\/comments?post=3750"}],"version-history":[{"count":5,"href":"https:\/\/ekologistyka24.pl\/en\/wp-json\/wp\/v2\/pages\/3750\/revisions"}],"predecessor-version":[{"id":5050,"href":"https:\/\/ekologistyka24.pl\/en\/wp-json\/wp\/v2\/pages\/3750\/revisions\/5050"}],"wp:featuredmedia":[{"embeddable":true,"href":"https:\/\/ekologistyka24.pl\/en\/wp-json\/wp\/v2\/media\/3829"}],"wp:attachment":[{"href":"https:\/\/ekologistyka24.pl\/en\/wp-json\/wp\/v2\/media?parent=3750"}],"curies":[{"name":"wp","href":"https:\/\/api.w.org\/{rel}","templated":true}]}}