{"id":5065,"date":"2024-01-12T13:08:19","date_gmt":"2024-01-12T12:08:19","guid":{"rendered":"https:\/\/ekologistyka24.pl\/?page_id=5065"},"modified":"2024-01-12T13:24:16","modified_gmt":"2024-01-12T12:24:16","slug":"cbam-report","status":"publish","type":"page","link":"https:\/\/ekologistyka24.pl\/en\/sprawozdanie-cbam\/","title":{"rendered":"CBAM report"},"content":{"rendered":"<style>.kb-image5065_d1f123-f9 .kb-image-has-overlay:after{opacity:0.3;}<\/style>\n<figure class=\"wp-block-kadence-image kb-image5065_d1f123-f9 alignwide size-full\"><img loading=\"lazy\" decoding=\"async\" width=\"1497\" height=\"583\" src=\"https:\/\/ekologistyka24.pl\/wp-content\/uploads\/2024\/01\/analyze-graph-plans.webp\" alt=\"\" class=\"kb-img wp-image-5072\" srcset=\"https:\/\/ekologistyka24.pl\/wp-content\/uploads\/2024\/01\/analyze-graph-plans.webp 1497w, https:\/\/ekologistyka24.pl\/wp-content\/uploads\/2024\/01\/analyze-graph-plans-300x117.webp 300w, https:\/\/ekologistyka24.pl\/wp-content\/uploads\/2024\/01\/analyze-graph-plans-1024x399.webp 1024w, https:\/\/ekologistyka24.pl\/wp-content\/uploads\/2024\/01\/analyze-graph-plans-768x299.webp 768w, https:\/\/ekologistyka24.pl\/wp-content\/uploads\/2024\/01\/analyze-graph-plans-18x7.webp 18w\" sizes=\"auto, (max-width: 1497px) 100vw, 1497px\" \/><\/figure>\n\n\n\n<h2 class=\"wp-block-heading\" style=\"font-size:25px\"><strong>In the interim period <\/strong>(<strong>1 October 2023<\/strong> \u2013<strong> 31 December 2025), importers of goods subject to the CBAM mechanism (also known as border carbon tax), or indirect customs representatives acting on their behalf, must file special reports.<\/strong><\/h2>\n\n\n\n<p class=\"has-theme-palette-7-background-color has-background\"><strong>Contact on the CBAM report<br><a href=\"mailto:j.blazewicz@ekologistyka24.pl\">j.blazewicz@ekologistyka24.pl&nbsp;<\/a>,&nbsp;<a href=\"tel:+48500867153\">+48 500 867 153<\/a><\/strong><\/p>\n\n\n\n<p>By design, the CBAM (Carbon Border Adjustment Mechanism) is intended to address the problem of greenhouse gas emissions moving across EU borders. This is to be helped by an additional charge on imported products based on their carbon footprint. This, in turn, is supposed to allow CO2-related costs for goods imported into the EU to be offset. The same applies to EU goods covered by the EU ETS.<\/p>\n\n\n\n<p>The relevant report shall be submitted for each quarter of the calendar year. It shall be submitted no later than one month after the end of the relevant quarter. The date of release of the goods into the customs territory of the EU shall determine in which quarter the goods should be reported.<\/p>\n\n\n\n<p>Failure to report has serious consequences.<\/p>\n\n\n\n<blockquote class=\"wp-block-quote is-layout-flow wp-block-quote-is-layout-flow\">\n<p>Article 16 of Regulation 2023\/1773 requires Member States to impose financial penalties in the following cases:<br>when the covered notifier has not taken the necessary steps to comply with the CBAM reporting obligation,<br>when the CBAM report is incorrect or incomplete, and the covered notifier has not taken the necessary steps to correct the CBAM report, if a correction procedure has been initiated by the competent authority.<\/p>\n\n\n\n<p>The amount of the penalty is between EUR 10 and EUR 50 per tonne of unreported emissions (the amount of unreported emissions will be determined by taking into account default values). Fines will be indexed in accordance with the European index of consumer prices.<\/p>\n<\/blockquote>\n\n\n\n<p>With this in mind, it is clear that the risk simply does not pay off. Outsource your report to us. We will take care of everything comprehensively.<\/p>","protected":false},"excerpt":{"rendered":"<p>During the transition period (1 October 2023 - 31 December 2025), importers of goods subject to the CBAM mechanism (also known as the carbon border tax), or indirect customs representatives acting on their behalf, must submit special reports. Report contact CBAMj.blazewicz@ekologistyka24.pl , +48 500 867 153 By design, the CBAM (Carbon Border Adjustment Mechanism) is intended to address the problem of deriving gas emissions ...<\/p>","protected":false},"author":1,"featured_media":5069,"parent":0,"menu_order":0,"comment_status":"closed","ping_status":"closed","template":"","meta":{"_acf_changed":false,"_kad_blocks_custom_css":"","_kad_blocks_head_custom_js":"","_kad_blocks_body_custom_js":"","_kad_blocks_footer_custom_js":"","_kad_post_transparent":"","_kad_post_title":"","_kad_post_layout":"","_kad_post_sidebar_id":"","_kad_post_content_style":"","_kad_post_vertical_padding":"","_kad_post_feature":"","_kad_post_feature_position":"","_kad_post_header":false,"_kad_post_footer":false,"_kad_post_classname":"","footnotes":""},"class_list":["post-5065","page","type-page","status-publish","has-post-thumbnail","hentry"],"acf":[],"yoast_head":"<!-- This site is optimized with the Yoast SEO plugin v27.5 - https:\/\/yoast.com\/product\/yoast-seo-wordpress\/ -->\n<title>Sprawozdanie CBAM - EKOlogistyka24 - przew\u00f3z odpad\u00f3w i pozwolenia na transport<\/title>\n<meta name=\"description\" content=\"Importujesz towary z kraj\u00f3w trzecich do UE? Zobacz czy i ciebie dotyczy obowi\u0105zek z\u0142o\u017cenia sprawozdania CBAM.\" \/>\n<meta name=\"robots\" content=\"index, follow, max-snippet:-1, max-image-preview:large, max-video-preview:-1\" \/>\n<link rel=\"canonical\" href=\"https:\/\/ekologistyka24.pl\/en\/cbam-report\/\" \/>\n<meta property=\"og:locale\" content=\"en_GB\" \/>\n<meta property=\"og:type\" content=\"article\" \/>\n<meta property=\"og:title\" content=\"Sprawozdanie CBAM - EKOlogistyka24 - przew\u00f3z odpad\u00f3w i pozwolenia na transport\" \/>\n<meta property=\"og:description\" content=\"Importujesz towary z kraj\u00f3w trzecich do UE? Zobacz czy i ciebie dotyczy obowi\u0105zek z\u0142o\u017cenia sprawozdania CBAM.\" \/>\n<meta property=\"og:url\" content=\"https:\/\/ekologistyka24.pl\/en\/cbam-report\/\" \/>\n<meta property=\"og:site_name\" content=\"EKOlogistyka24 - przew\u00f3z odpad\u00f3w i pozwolenia na transport\" \/>\n<meta property=\"article:publisher\" content=\"https:\/\/www.facebook.com\/profile.php?id=100058909846099\" \/>\n<meta property=\"article:modified_time\" content=\"2024-01-12T12:24:16+00:00\" \/>\n<meta property=\"og:image\" content=\"https:\/\/ekologistyka24.pl\/wp-content\/uploads\/2024\/01\/co2-3139225_1920.webp\" \/>\n\t<meta property=\"og:image:width\" content=\"1920\" \/>\n\t<meta property=\"og:image:height\" content=\"684\" \/>\n\t<meta property=\"og:image:type\" content=\"image\/webp\" \/>\n<meta name=\"twitter:card\" content=\"summary_large_image\" \/>\n<meta name=\"twitter:label1\" content=\"Estimated reading time\" \/>\n\t<meta name=\"twitter:data1\" content=\"2 minutes\" \/>\n<script type=\"application\/ld+json\" class=\"yoast-schema-graph\">{\"@context\":\"https:\\\/\\\/schema.org\",\"@graph\":[{\"@type\":\"WebPage\",\"@id\":\"https:\\\/\\\/ekologistyka24.pl\\\/sprawozdanie-cbam\\\/\",\"url\":\"https:\\\/\\\/ekologistyka24.pl\\\/sprawozdanie-cbam\\\/\",\"name\":\"Sprawozdanie CBAM - EKOlogistyka24 - przew\u00f3z odpad\u00f3w i pozwolenia na transport\",\"isPartOf\":{\"@id\":\"https:\\\/\\\/ekologistyka24.pl\\\/#website\"},\"primaryImageOfPage\":{\"@id\":\"https:\\\/\\\/ekologistyka24.pl\\\/sprawozdanie-cbam\\\/#primaryimage\"},\"image\":{\"@id\":\"https:\\\/\\\/ekologistyka24.pl\\\/sprawozdanie-cbam\\\/#primaryimage\"},\"thumbnailUrl\":\"https:\\\/\\\/ekologistyka24.pl\\\/wp-content\\\/uploads\\\/2024\\\/01\\\/co2-3139225_1920.webp\",\"datePublished\":\"2024-01-12T12:08:19+00:00\",\"dateModified\":\"2024-01-12T12:24:16+00:00\",\"description\":\"Importujesz towary z kraj\u00f3w trzecich do UE? Zobacz czy i ciebie dotyczy obowi\u0105zek z\u0142o\u017cenia sprawozdania CBAM.\",\"inLanguage\":\"en-GB\",\"potentialAction\":[{\"@type\":\"ReadAction\",\"target\":[\"https:\\\/\\\/ekologistyka24.pl\\\/sprawozdanie-cbam\\\/\"]}]},{\"@type\":\"ImageObject\",\"inLanguage\":\"en-GB\",\"@id\":\"https:\\\/\\\/ekologistyka24.pl\\\/sprawozdanie-cbam\\\/#primaryimage\",\"url\":\"https:\\\/\\\/ekologistyka24.pl\\\/wp-content\\\/uploads\\\/2024\\\/01\\\/co2-3139225_1920.webp\",\"contentUrl\":\"https:\\\/\\\/ekologistyka24.pl\\\/wp-content\\\/uploads\\\/2024\\\/01\\\/co2-3139225_1920.webp\",\"width\":1920,\"height\":684,\"caption\":\"Sprawozdanie CBAM\"},{\"@type\":\"WebSite\",\"@id\":\"https:\\\/\\\/ekologistyka24.pl\\\/#website\",\"url\":\"https:\\\/\\\/ekologistyka24.pl\\\/\",\"name\":\"EKOlogistyka24 - przew\u00f3z odpad\u00f3w i pozwolenia na transport\",\"description\":\"\",\"publisher\":{\"@id\":\"https:\\\/\\\/ekologistyka24.pl\\\/#organization\"},\"potentialAction\":[{\"@type\":\"SearchAction\",\"target\":{\"@type\":\"EntryPoint\",\"urlTemplate\":\"https:\\\/\\\/ekologistyka24.pl\\\/?s={search_term_string}\"},\"query-input\":{\"@type\":\"PropertyValueSpecification\",\"valueRequired\":true,\"valueName\":\"search_term_string\"}}],\"inLanguage\":\"en-GB\"},{\"@type\":\"Organization\",\"@id\":\"https:\\\/\\\/ekologistyka24.pl\\\/#organization\",\"name\":\"EKOlogistyka24 - przew\u00f3z odpad\u00f3w i pozwolenia na transport\",\"url\":\"https:\\\/\\\/ekologistyka24.pl\\\/\",\"logo\":{\"@type\":\"ImageObject\",\"inLanguage\":\"en-GB\",\"@id\":\"https:\\\/\\\/ekologistyka24.pl\\\/#\\\/schema\\\/logo\\\/image\\\/\",\"url\":\"https:\\\/\\\/ekologistyka24.pl\\\/wp-content\\\/uploads\\\/2023\\\/08\\\/logo.png\",\"contentUrl\":\"https:\\\/\\\/ekologistyka24.pl\\\/wp-content\\\/uploads\\\/2023\\\/08\\\/logo.png\",\"width\":220,\"height\":90,\"caption\":\"EKOlogistyka24 - przew\u00f3z odpad\u00f3w i pozwolenia na transport\"},\"image\":{\"@id\":\"https:\\\/\\\/ekologistyka24.pl\\\/#\\\/schema\\\/logo\\\/image\\\/\"},\"sameAs\":[\"https:\\\/\\\/www.facebook.com\\\/profile.php?id=100058909846099\"]}]}<\/script>\n<!-- \/ Yoast SEO plugin. -->","yoast_head_json":{"title":"CBAM report - EKOlogistics24 - Waste transport and transport permits","description":"Importing goods from third countries into the EU? See if the CBAM reporting obligation applies to you too.","robots":{"index":"index","follow":"follow","max-snippet":"max-snippet:-1","max-image-preview":"max-image-preview:large","max-video-preview":"max-video-preview:-1"},"canonical":"https:\/\/ekologistyka24.pl\/en\/cbam-report\/","og_locale":"en_GB","og_type":"article","og_title":"Sprawozdanie CBAM - EKOlogistyka24 - przew\u00f3z odpad\u00f3w i pozwolenia na transport","og_description":"Importujesz towary z kraj\u00f3w trzecich do UE? Zobacz czy i ciebie dotyczy obowi\u0105zek z\u0142o\u017cenia sprawozdania CBAM.","og_url":"https:\/\/ekologistyka24.pl\/en\/cbam-report\/","og_site_name":"EKOlogistyka24 - przew\u00f3z odpad\u00f3w i pozwolenia na transport","article_publisher":"https:\/\/www.facebook.com\/profile.php?id=100058909846099","article_modified_time":"2024-01-12T12:24:16+00:00","og_image":[{"width":1920,"height":684,"url":"https:\/\/ekologistyka24.pl\/wp-content\/uploads\/2024\/01\/co2-3139225_1920.webp","type":"image\/webp"}],"twitter_card":"summary_large_image","twitter_misc":{"Estimated reading time":"2 minutes"},"schema":{"@context":"https:\/\/schema.org","@graph":[{"@type":"WebPage","@id":"https:\/\/ekologistyka24.pl\/sprawozdanie-cbam\/","url":"https:\/\/ekologistyka24.pl\/sprawozdanie-cbam\/","name":"CBAM report - EKOlogistics24 - Waste transport and transport permits","isPartOf":{"@id":"https:\/\/ekologistyka24.pl\/#website"},"primaryImageOfPage":{"@id":"https:\/\/ekologistyka24.pl\/sprawozdanie-cbam\/#primaryimage"},"image":{"@id":"https:\/\/ekologistyka24.pl\/sprawozdanie-cbam\/#primaryimage"},"thumbnailUrl":"https:\/\/ekologistyka24.pl\/wp-content\/uploads\/2024\/01\/co2-3139225_1920.webp","datePublished":"2024-01-12T12:08:19+00:00","dateModified":"2024-01-12T12:24:16+00:00","description":"Importing goods from third countries into the EU? See if the CBAM reporting obligation applies to you too.","inLanguage":"en-GB","potentialAction":[{"@type":"ReadAction","target":["https:\/\/ekologistyka24.pl\/sprawozdanie-cbam\/"]}]},{"@type":"ImageObject","inLanguage":"en-GB","@id":"https:\/\/ekologistyka24.pl\/sprawozdanie-cbam\/#primaryimage","url":"https:\/\/ekologistyka24.pl\/wp-content\/uploads\/2024\/01\/co2-3139225_1920.webp","contentUrl":"https:\/\/ekologistyka24.pl\/wp-content\/uploads\/2024\/01\/co2-3139225_1920.webp","width":1920,"height":684,"caption":"Sprawozdanie CBAM"},{"@type":"WebSite","@id":"https:\/\/ekologistyka24.pl\/#website","url":"https:\/\/ekologistyka24.pl\/","name":"EKOlogistics24 - waste transport and transport permits","description":"","publisher":{"@id":"https:\/\/ekologistyka24.pl\/#organization"},"potentialAction":[{"@type":"SearchAction","target":{"@type":"EntryPoint","urlTemplate":"https:\/\/ekologistyka24.pl\/?s={search_term_string}"},"query-input":{"@type":"PropertyValueSpecification","valueRequired":true,"valueName":"search_term_string"}}],"inLanguage":"en-GB"},{"@type":"Organization","@id":"https:\/\/ekologistyka24.pl\/#organization","name":"EKOlogistics24 - waste transport and transport permits","url":"https:\/\/ekologistyka24.pl\/","logo":{"@type":"ImageObject","inLanguage":"en-GB","@id":"https:\/\/ekologistyka24.pl\/#\/schema\/logo\/image\/","url":"https:\/\/ekologistyka24.pl\/wp-content\/uploads\/2023\/08\/logo.png","contentUrl":"https:\/\/ekologistyka24.pl\/wp-content\/uploads\/2023\/08\/logo.png","width":220,"height":90,"caption":"EKOlogistyka24 - przew\u00f3z odpad\u00f3w i pozwolenia na transport"},"image":{"@id":"https:\/\/ekologistyka24.pl\/#\/schema\/logo\/image\/"},"sameAs":["https:\/\/www.facebook.com\/profile.php?id=100058909846099"]}]}},"taxonomy_info":[],"featured_image_src_large":["https:\/\/ekologistyka24.pl\/wp-content\/uploads\/2024\/01\/co2-3139225_1920-1024x365.webp",1024,365,true],"author_info":{"display_name":"Admin","author_link":"https:\/\/ekologistyka24.pl\/en\/author\/3xyotbf8kl6qprapd1pj3woyxeb2pu\/"},"comment_info":0,"_links":{"self":[{"href":"https:\/\/ekologistyka24.pl\/en\/wp-json\/wp\/v2\/pages\/5065","targetHints":{"allow":["GET"]}}],"collection":[{"href":"https:\/\/ekologistyka24.pl\/en\/wp-json\/wp\/v2\/pages"}],"about":[{"href":"https:\/\/ekologistyka24.pl\/en\/wp-json\/wp\/v2\/types\/page"}],"author":[{"embeddable":true,"href":"https:\/\/ekologistyka24.pl\/en\/wp-json\/wp\/v2\/users\/1"}],"replies":[{"embeddable":true,"href":"https:\/\/ekologistyka24.pl\/en\/wp-json\/wp\/v2\/comments?post=5065"}],"version-history":[{"count":3,"href":"https:\/\/ekologistyka24.pl\/en\/wp-json\/wp\/v2\/pages\/5065\/revisions"}],"predecessor-version":[{"id":5073,"href":"https:\/\/ekologistyka24.pl\/en\/wp-json\/wp\/v2\/pages\/5065\/revisions\/5073"}],"wp:featuredmedia":[{"embeddable":true,"href":"https:\/\/ekologistyka24.pl\/en\/wp-json\/wp\/v2\/media\/5069"}],"wp:attachment":[{"href":"https:\/\/ekologistyka24.pl\/en\/wp-json\/wp\/v2\/media?parent=5065"}],"curies":[{"name":"wp","href":"https:\/\/api.w.org\/{rel}","templated":true}]}}