{"id":5293,"date":"2024-03-15T14:32:21","date_gmt":"2024-03-15T13:32:21","guid":{"rendered":"https:\/\/ekologistyka24.pl\/?page_id=5293"},"modified":"2024-05-08T08:12:50","modified_gmt":"2024-05-08T06:12:50","slug":"goods-transport-permit","status":"publish","type":"page","link":"https:\/\/ekologistyka24.pl\/en\/pozwolenie-na-przewoz-towarow\/","title":{"rendered":"Permission to carry goods in and out of the EU"},"content":{"rendered":"<h2 class=\"wp-block-heading\" style=\"font-size:25px\"><strong>You have to deliver a cargo from Poland to Albania or Kazakhstan, but have found out that you need a special goods transport permit to do so? <a href=\"https:\/\/ekologistyka24.pl\/en\/kontakt\/\" target=\"_blank\" rel=\"noreferrer noopener\">Apply to us<\/a>. Short lead times and a minimum of paperwork will ensure that you don't have to procrastinate.<\/strong><\/h2>\n\n\n\n<p class=\"has-theme-palette-7-background-color has-background\"><strong>Contact for a goods transport permit:<br><br><a href=\"mailto:e.nadolna@ekologistyka24.pl\">e.nadolna@ekologistyka24.pl&nbsp;<\/a>,&nbsp;<a href=\"tel:+48881045376\">+48 881 045 376<\/a><br><br><a href=\"mailto:j.blazewicz@ekologistyka24.pl\">j.blazewicz@ekologistyka24.pl&nbsp;<\/a>,&nbsp;<a href=\"tel:+48500867153\">+48 500 867 153<\/a><\/strong><\/p>\n\n\n\n<p>We assist in obtaining permits such as:<\/p>\n\n\n\n<ul class=\"wp-block-list\">\n<li><strong>Bilateral authorisation<\/strong>. With it you can carry out transport (back and forth) between Poland and the issuing country.<\/li>\n\n\n\n<li><strong>Transit authorisation<\/strong>. It entitles the holder to perform carriage (back and forth) through the territory of the country concerned. The authorisation does not give the right to load and\/or unload on the territory of the transit country. The exception is if the bilateral agreement with the country concerned expressly stipulates the conditions for such loading\/unloading.<\/li>\n\n\n\n<li><strong>General authorisation<\/strong>. Allows either bilateral or transit carriage.<\/li>\n\n\n\n<li><strong>Permit KR-3<\/strong>. It allows cargo to be delivered or exported from\/to a country other than the one in which the vehicle is registered.<\/li>\n<\/ul>\n\n\n\n<p>We can prepare such permits for the already mentioned Kazakhstan or <a href=\"https:\/\/sip.lex.pl\/akty-prawne\/mp-monitor-polski\/albania-polska-umowa-o-miedzynarodowych-przewozach-drogowych-tirana-16998614\" target=\"_blank\" rel=\"noreferrer noopener\">Albania<\/a>. In addition to this, we will help you obtain permits to carry goods on:<\/p>\n\n\n<div class=\"wp-block-image\">\n<figure class=\"alignright size-large is-resized\" id=\"pozwolenia-na-przewoz-towarow\"><img loading=\"lazy\" decoding=\"async\" width=\"1024\" height=\"864\" src=\"https:\/\/ekologistyka24.pl\/wp-content\/uploads\/2024\/03\/MapChart-Map-1024x864.webp\" alt=\"goods transport permits\" class=\"wp-image-5294\" style=\"width:792px;height:auto\" srcset=\"https:\/\/ekologistyka24.pl\/wp-content\/uploads\/2024\/03\/MapChart-Map-1024x864.webp 1024w, https:\/\/ekologistyka24.pl\/wp-content\/uploads\/2024\/03\/MapChart-Map-300x253.webp 300w, https:\/\/ekologistyka24.pl\/wp-content\/uploads\/2024\/03\/MapChart-Map-768x648.webp 768w, https:\/\/ekologistyka24.pl\/wp-content\/uploads\/2024\/03\/MapChart-Map-1536x1296.webp 1536w, https:\/\/ekologistyka24.pl\/wp-content\/uploads\/2024\/03\/MapChart-Map-2048x1728.webp 2048w, https:\/\/ekologistyka24.pl\/wp-content\/uploads\/2024\/03\/MapChart-Map-14x12.webp 14w\" sizes=\"auto, (max-width: 1024px) 100vw, 1024px\" \/><\/figure>\n<\/div>\n\n\n<ul class=\"wp-block-list\">\n<li>Albania<\/li>\n\n\n\n<li>Macedonia<\/li>\n\n\n\n<li>Armenia<\/li>\n\n\n\n<li>Morocco<\/li>\n\n\n\n<li>Azerbaijan<\/li>\n\n\n\n<li>Moldova<\/li>\n\n\n\n<li>Bosnia and Herzegovina<\/li>\n\n\n\n<li>Mongolia<\/li>\n\n\n\n<li>Bulgaria<\/li>\n\n\n\n<li>Norway<\/li>\n\n\n\n<li>Croatia<\/li>\n\n\n\n<li>Romania<\/li>\n\n\n\n<li>Montenegro<\/li>\n\n\n\n<li>Serbia<\/li>\n\n\n\n<li>The Czech republic<\/li>\n\n\n\n<li>Slovakia<\/li>\n\n\n\n<li>Estonia<\/li>\n\n\n\n<li>Sweden<\/li>\n\n\n\n<li>Finland<\/li>\n\n\n\n<li>Georgia<\/li>\n\n\n\n<li>Tajikistan<\/li>\n\n\n\n<li>Kazakhstan<\/li>\n\n\n\n<li>Turkey<\/li>\n\n\n\n<li>Kyrgyzstan<\/li>\n\n\n\n<li>Uzbekistan<\/li>\n\n\n\n<li>Lithuania<\/li>\n\n\n\n<li>Hungary<\/li>\n\n\n\n<li>Latvia<\/li>\n<\/ul>\n\n\n\n<p><strong>NOTE: The number of permits issued under bilateral agreements is not unlimited. <a href=\"https:\/\/ekologistyka24.pl\/en\/kontakt\/\" target=\"_blank\" rel=\"noreferrer noopener\">Contact with us<\/a> to obtain the latest information on the availability of the relevant documents.<\/strong> <\/p>","protected":false},"excerpt":{"rendered":"<p>You have to deliver a cargo from Poland to Albania or Kazakhstan, but have found out that you need a special goods transport permit to do so? Apply to us. The short turnaround time and minimum formalities will ensure that you do not have to delay your carriage. Contact us about the goods transport permit: e.nadolna@ekologistyka24.pl , +48 881 045 376 j.blazewicz@ekologistyka24.pl , +48 500 867 153...<\/p>","protected":false},"author":1,"featured_media":5295,"parent":0,"menu_order":0,"comment_status":"closed","ping_status":"closed","template":"","meta":{"_acf_changed":false,"_kad_blocks_custom_css":"","_kad_blocks_head_custom_js":"","_kad_blocks_body_custom_js":"","_kad_blocks_footer_custom_js":"","_kad_post_transparent":"","_kad_post_title":"","_kad_post_layout":"","_kad_post_sidebar_id":"","_kad_post_content_style":"","_kad_post_vertical_padding":"","_kad_post_feature":"","_kad_post_feature_position":"","_kad_post_header":false,"_kad_post_footer":false,"_kad_post_classname":"","footnotes":""},"class_list":["post-5293","page","type-page","status-publish","has-post-thumbnail","hentry"],"acf":[],"yoast_head":"<!-- This site is optimized with the Yoast SEO plugin v27.6 - https:\/\/yoast.com\/product\/yoast-seo-wordpress\/ -->\n<title>Pozwolenie na przew\u00f3z towar\u00f3w w UE i poza ni\u0105 - EKOlogistyka24 - przew\u00f3z odpad\u00f3w i pozwolenia na transport<\/title>\n<meta name=\"description\" content=\"Chcesz uzyska\u0107 pozwolenie na przew\u00f3z towar\u00f3w? Zg\u0142o\u015b si\u0119 do nas. Kr\u00f3tki czas realizacji i minimum formalno\u015bci\" \/>\n<meta name=\"robots\" content=\"index, follow, max-snippet:-1, max-image-preview:large, max-video-preview:-1\" \/>\n<link rel=\"canonical\" href=\"https:\/\/ekologistyka24.pl\/en\/goods-transport-permit\/\" \/>\n<meta property=\"og:locale\" content=\"en_GB\" \/>\n<meta property=\"og:type\" content=\"article\" \/>\n<meta property=\"og:title\" content=\"Pozwolenie na przew\u00f3z towar\u00f3w w UE i poza ni\u0105 - EKOlogistyka24 - przew\u00f3z odpad\u00f3w i pozwolenia na transport\" \/>\n<meta property=\"og:description\" content=\"Chcesz uzyska\u0107 pozwolenie na przew\u00f3z towar\u00f3w? Zg\u0142o\u015b si\u0119 do nas. Kr\u00f3tki czas realizacji i minimum formalno\u015bci\" \/>\n<meta property=\"og:url\" content=\"https:\/\/ekologistyka24.pl\/en\/goods-transport-permit\/\" \/>\n<meta property=\"og:site_name\" content=\"EKOlogistyka24 - przew\u00f3z odpad\u00f3w i pozwolenia na transport\" \/>\n<meta property=\"article:publisher\" content=\"https:\/\/www.facebook.com\/profile.php?id=100058909846099\" \/>\n<meta property=\"article:modified_time\" content=\"2024-05-08T06:12:50+00:00\" \/>\n<meta property=\"og:image\" content=\"https:\/\/ekologistyka24.pl\/wp-content\/uploads\/2024\/03\/DALL\u00b7E-2024-03-15-14.20.36-Create-an-illustration-showing-two-truck-drivers-greeting-each-other-with-a-handshake-with-two-trucks-facing-each-other-in-the-background.-One-driver.webp\" \/>\n\t<meta property=\"og:image:width\" content=\"1024\" \/>\n\t<meta property=\"og:image:height\" content=\"1024\" \/>\n\t<meta property=\"og:image:type\" content=\"image\/webp\" \/>\n<meta name=\"twitter:card\" content=\"summary_large_image\" \/>\n<meta name=\"twitter:label1\" content=\"Estimated reading time\" \/>\n\t<meta name=\"twitter:data1\" content=\"2 minutes\" \/>\n<script type=\"application\/ld+json\" class=\"yoast-schema-graph\">{\"@context\":\"https:\\\/\\\/schema.org\",\"@graph\":[{\"@type\":\"WebPage\",\"@id\":\"https:\\\/\\\/ekologistyka24.pl\\\/pozwolenie-na-przewoz-towarow\\\/\",\"url\":\"https:\\\/\\\/ekologistyka24.pl\\\/pozwolenie-na-przewoz-towarow\\\/\",\"name\":\"Pozwolenie na przew\u00f3z towar\u00f3w w UE i poza ni\u0105 - EKOlogistyka24 - przew\u00f3z odpad\u00f3w i pozwolenia na transport\",\"isPartOf\":{\"@id\":\"https:\\\/\\\/ekologistyka24.pl\\\/#website\"},\"primaryImageOfPage\":{\"@id\":\"https:\\\/\\\/ekologistyka24.pl\\\/pozwolenie-na-przewoz-towarow\\\/#primaryimage\"},\"image\":{\"@id\":\"https:\\\/\\\/ekologistyka24.pl\\\/pozwolenie-na-przewoz-towarow\\\/#primaryimage\"},\"thumbnailUrl\":\"https:\\\/\\\/ekologistyka24.pl\\\/wp-content\\\/uploads\\\/2024\\\/03\\\/DALL\u00b7E-2024-03-15-14.20.36-Create-an-illustration-showing-two-truck-drivers-greeting-each-other-with-a-handshake-with-two-trucks-facing-each-other-in-the-background.-One-driver.webp\",\"datePublished\":\"2024-03-15T13:32:21+00:00\",\"dateModified\":\"2024-05-08T06:12:50+00:00\",\"description\":\"Chcesz uzyska\u0107 pozwolenie na przew\u00f3z towar\u00f3w? Zg\u0142o\u015b si\u0119 do nas. Kr\u00f3tki czas realizacji i minimum formalno\u015bci\",\"inLanguage\":\"en-GB\",\"potentialAction\":[{\"@type\":\"ReadAction\",\"target\":[\"https:\\\/\\\/ekologistyka24.pl\\\/pozwolenie-na-przewoz-towarow\\\/\"]}]},{\"@type\":\"ImageObject\",\"inLanguage\":\"en-GB\",\"@id\":\"https:\\\/\\\/ekologistyka24.pl\\\/pozwolenie-na-przewoz-towarow\\\/#primaryimage\",\"url\":\"https:\\\/\\\/ekologistyka24.pl\\\/wp-content\\\/uploads\\\/2024\\\/03\\\/DALL\u00b7E-2024-03-15-14.20.36-Create-an-illustration-showing-two-truck-drivers-greeting-each-other-with-a-handshake-with-two-trucks-facing-each-other-in-the-background.-One-driver.webp\",\"contentUrl\":\"https:\\\/\\\/ekologistyka24.pl\\\/wp-content\\\/uploads\\\/2024\\\/03\\\/DALL\u00b7E-2024-03-15-14.20.36-Create-an-illustration-showing-two-truck-drivers-greeting-each-other-with-a-handshake-with-two-trucks-facing-each-other-in-the-background.-One-driver.webp\",\"width\":1024,\"height\":1024,\"caption\":\"pozwolenia na przew\u00f3z towar\u00f3w\"},{\"@type\":\"WebSite\",\"@id\":\"https:\\\/\\\/ekologistyka24.pl\\\/#website\",\"url\":\"https:\\\/\\\/ekologistyka24.pl\\\/\",\"name\":\"EKOlogistyka24 - przew\u00f3z odpad\u00f3w i pozwolenia na transport\",\"description\":\"\",\"publisher\":{\"@id\":\"https:\\\/\\\/ekologistyka24.pl\\\/#organization\"},\"potentialAction\":[{\"@type\":\"SearchAction\",\"target\":{\"@type\":\"EntryPoint\",\"urlTemplate\":\"https:\\\/\\\/ekologistyka24.pl\\\/?s={search_term_string}\"},\"query-input\":{\"@type\":\"PropertyValueSpecification\",\"valueRequired\":true,\"valueName\":\"search_term_string\"}}],\"inLanguage\":\"en-GB\"},{\"@type\":\"Organization\",\"@id\":\"https:\\\/\\\/ekologistyka24.pl\\\/#organization\",\"name\":\"EKOlogistyka24 - przew\u00f3z odpad\u00f3w i pozwolenia na transport\",\"url\":\"https:\\\/\\\/ekologistyka24.pl\\\/\",\"logo\":{\"@type\":\"ImageObject\",\"inLanguage\":\"en-GB\",\"@id\":\"https:\\\/\\\/ekologistyka24.pl\\\/#\\\/schema\\\/logo\\\/image\\\/\",\"url\":\"https:\\\/\\\/ekologistyka24.pl\\\/wp-content\\\/uploads\\\/2023\\\/08\\\/logo.png\",\"contentUrl\":\"https:\\\/\\\/ekologistyka24.pl\\\/wp-content\\\/uploads\\\/2023\\\/08\\\/logo.png\",\"width\":220,\"height\":90,\"caption\":\"EKOlogistyka24 - przew\u00f3z odpad\u00f3w i pozwolenia na transport\"},\"image\":{\"@id\":\"https:\\\/\\\/ekologistyka24.pl\\\/#\\\/schema\\\/logo\\\/image\\\/\"},\"sameAs\":[\"https:\\\/\\\/www.facebook.com\\\/profile.php?id=100058909846099\"]}]}<\/script>\n<!-- \/ Yoast SEO plugin. -->","yoast_head_json":{"title":"Permission to transport goods in and out of the EU - EKOlogistics24 - Waste transport and transport permits","description":"Do you want to obtain a goods transport licence? Apply with us. Short processing time and minimum formalities","robots":{"index":"index","follow":"follow","max-snippet":"max-snippet:-1","max-image-preview":"max-image-preview:large","max-video-preview":"max-video-preview:-1"},"canonical":"https:\/\/ekologistyka24.pl\/en\/goods-transport-permit\/","og_locale":"en_GB","og_type":"article","og_title":"Pozwolenie na przew\u00f3z towar\u00f3w w UE i poza ni\u0105 - EKOlogistyka24 - przew\u00f3z odpad\u00f3w i pozwolenia na transport","og_description":"Chcesz uzyska\u0107 pozwolenie na przew\u00f3z towar\u00f3w? Zg\u0142o\u015b si\u0119 do nas. Kr\u00f3tki czas realizacji i minimum formalno\u015bci","og_url":"https:\/\/ekologistyka24.pl\/en\/goods-transport-permit\/","og_site_name":"EKOlogistyka24 - przew\u00f3z odpad\u00f3w i pozwolenia na transport","article_publisher":"https:\/\/www.facebook.com\/profile.php?id=100058909846099","article_modified_time":"2024-05-08T06:12:50+00:00","og_image":[{"width":1024,"height":1024,"url":"https:\/\/ekologistyka24.pl\/wp-content\/uploads\/2024\/03\/DALL\u00b7E-2024-03-15-14.20.36-Create-an-illustration-showing-two-truck-drivers-greeting-each-other-with-a-handshake-with-two-trucks-facing-each-other-in-the-background.-One-driver.webp","type":"image\/webp"}],"twitter_card":"summary_large_image","twitter_misc":{"Estimated reading time":"2 minutes"},"schema":{"@context":"https:\/\/schema.org","@graph":[{"@type":"WebPage","@id":"https:\/\/ekologistyka24.pl\/pozwolenie-na-przewoz-towarow\/","url":"https:\/\/ekologistyka24.pl\/pozwolenie-na-przewoz-towarow\/","name":"Permission to transport goods in and out of the EU - EKOlogistics24 - Waste transport and transport permits","isPartOf":{"@id":"https:\/\/ekologistyka24.pl\/#website"},"primaryImageOfPage":{"@id":"https:\/\/ekologistyka24.pl\/pozwolenie-na-przewoz-towarow\/#primaryimage"},"image":{"@id":"https:\/\/ekologistyka24.pl\/pozwolenie-na-przewoz-towarow\/#primaryimage"},"thumbnailUrl":"https:\/\/ekologistyka24.pl\/wp-content\/uploads\/2024\/03\/DALL\u00b7E-2024-03-15-14.20.36-Create-an-illustration-showing-two-truck-drivers-greeting-each-other-with-a-handshake-with-two-trucks-facing-each-other-in-the-background.-One-driver.webp","datePublished":"2024-03-15T13:32:21+00:00","dateModified":"2024-05-08T06:12:50+00:00","description":"Do you want to obtain a goods transport licence? Apply with us. Short processing time and minimum formalities","inLanguage":"en-GB","potentialAction":[{"@type":"ReadAction","target":["https:\/\/ekologistyka24.pl\/pozwolenie-na-przewoz-towarow\/"]}]},{"@type":"ImageObject","inLanguage":"en-GB","@id":"https:\/\/ekologistyka24.pl\/pozwolenie-na-przewoz-towarow\/#primaryimage","url":"https:\/\/ekologistyka24.pl\/wp-content\/uploads\/2024\/03\/DALL\u00b7E-2024-03-15-14.20.36-Create-an-illustration-showing-two-truck-drivers-greeting-each-other-with-a-handshake-with-two-trucks-facing-each-other-in-the-background.-One-driver.webp","contentUrl":"https:\/\/ekologistyka24.pl\/wp-content\/uploads\/2024\/03\/DALL\u00b7E-2024-03-15-14.20.36-Create-an-illustration-showing-two-truck-drivers-greeting-each-other-with-a-handshake-with-two-trucks-facing-each-other-in-the-background.-One-driver.webp","width":1024,"height":1024,"caption":"pozwolenia na przew\u00f3z towar\u00f3w"},{"@type":"WebSite","@id":"https:\/\/ekologistyka24.pl\/#website","url":"https:\/\/ekologistyka24.pl\/","name":"EKOlogistics24 - waste transport and transport permits","description":"","publisher":{"@id":"https:\/\/ekologistyka24.pl\/#organization"},"potentialAction":[{"@type":"SearchAction","target":{"@type":"EntryPoint","urlTemplate":"https:\/\/ekologistyka24.pl\/?s={search_term_string}"},"query-input":{"@type":"PropertyValueSpecification","valueRequired":true,"valueName":"search_term_string"}}],"inLanguage":"en-GB"},{"@type":"Organization","@id":"https:\/\/ekologistyka24.pl\/#organization","name":"EKOlogistics24 - waste transport and transport permits","url":"https:\/\/ekologistyka24.pl\/","logo":{"@type":"ImageObject","inLanguage":"en-GB","@id":"https:\/\/ekologistyka24.pl\/#\/schema\/logo\/image\/","url":"https:\/\/ekologistyka24.pl\/wp-content\/uploads\/2023\/08\/logo.png","contentUrl":"https:\/\/ekologistyka24.pl\/wp-content\/uploads\/2023\/08\/logo.png","width":220,"height":90,"caption":"EKOlogistyka24 - przew\u00f3z odpad\u00f3w i pozwolenia na transport"},"image":{"@id":"https:\/\/ekologistyka24.pl\/#\/schema\/logo\/image\/"},"sameAs":["https:\/\/www.facebook.com\/profile.php?id=100058909846099"]}]}},"taxonomy_info":[],"featured_image_src_large":["https:\/\/ekologistyka24.pl\/wp-content\/uploads\/2024\/03\/DALL\u00b7E-2024-03-15-14.20.36-Create-an-illustration-showing-two-truck-drivers-greeting-each-other-with-a-handshake-with-two-trucks-facing-each-other-in-the-background.-One-driver.webp",1024,1024,false],"author_info":{"display_name":"Admin","author_link":"https:\/\/ekologistyka24.pl\/en\/author\/3xyotbf8kl6qprapd1pj3woyxeb2pu\/"},"comment_info":0,"_links":{"self":[{"href":"https:\/\/ekologistyka24.pl\/en\/wp-json\/wp\/v2\/pages\/5293","targetHints":{"allow":["GET"]}}],"collection":[{"href":"https:\/\/ekologistyka24.pl\/en\/wp-json\/wp\/v2\/pages"}],"about":[{"href":"https:\/\/ekologistyka24.pl\/en\/wp-json\/wp\/v2\/types\/page"}],"author":[{"embeddable":true,"href":"https:\/\/ekologistyka24.pl\/en\/wp-json\/wp\/v2\/users\/1"}],"replies":[{"embeddable":true,"href":"https:\/\/ekologistyka24.pl\/en\/wp-json\/wp\/v2\/comments?post=5293"}],"version-history":[{"count":3,"href":"https:\/\/ekologistyka24.pl\/en\/wp-json\/wp\/v2\/pages\/5293\/revisions"}],"predecessor-version":[{"id":5384,"href":"https:\/\/ekologistyka24.pl\/en\/wp-json\/wp\/v2\/pages\/5293\/revisions\/5384"}],"wp:featuredmedia":[{"embeddable":true,"href":"https:\/\/ekologistyka24.pl\/en\/wp-json\/wp\/v2\/media\/5295"}],"wp:attachment":[{"href":"https:\/\/ekologistyka24.pl\/en\/wp-json\/wp\/v2\/media?parent=5293"}],"curies":[{"name":"wp","href":"https:\/\/api.w.org\/{rel}","templated":true}]}}